{"id":11310,"date":"2025-09-17T13:17:30","date_gmt":"2025-09-17T11:17:30","guid":{"rendered":"https:\/\/boreait.com\/hu\/?post_type=product&#038;p=11310"},"modified":"2025-09-17T13:18:30","modified_gmt":"2025-09-17T11:18:30","slug":"dell-e6520-e5520-15-6-lcd-kepernyo-ppctf-1366x768-hd-40-tus-lp156wh4b1","status":"publish","type":"product","link":"https:\/\/boreait.com\/hu\/termek\/dell-e6520-e5520-15-6-lcd-kepernyo-ppctf-1366x768-hd-40-tus-lp156wh4b1\/","title":{"rendered":"Dell E6520 E5520 15.6 LCD k\u00e9perny\u0151 PPCTF 1366&#215;768 HD 40 t\u0171s LP156WH4(B1)"},"content":{"rendered":"<p data-start=\"645\" data-end=\"949\"> \u00c1ll\u00edtsa vissza <strong data-start=\"658\" data-end=\"680\">Dell E6520 \/ E5520<\/strong> k\u00e9sz\u00fcl\u00e9k\u00e9t ezzel az <strong data-start=\"691\" data-end=\"725\">eredeti csereLCD-k\u00e9perny\u0151vel<\/strong>. A <strong data-start=\"737\" data-end=\"763\">HD 1366&#215;768 felbont\u00e1s<\/strong>, a <strong data-start=\"765\" data-end=\"786\">60 Hz-es friss\u00edt\u00e9si gyakoris\u00e1g<\/strong> \u00e9s a <strong data-start=\"794\" data-end=\"814\">z\u00f6kken\u0151mentes vizu\u00e1lis teljes\u00edtm\u00e9ny<\/strong>, 40 t\u0171s csatlakoz\u00f3 biztos\u00edtja a c. Az <strong data-start=\"880\" data-end=\"900\">LP156WH4(TL)(B1)<\/strong> panel t\u00f6k\u00e9letes illeszked\u00e9st biztos\u00edt laptopj\u00e1hoz.<\/p>\n<p data-start=\"951\" data-end=\"1421\">\ud83d\udd39 <strong data-start=\"954\" data-end=\"971\">F\u0151bb jellemz\u0151k:<\/strong><br data-start=\"971\" data-end=\"974\" \/>\u2714 <strong data-start=\"976\" data-end=\"1014\">E&amp; E5520<\/strong> \u2013 Pontosan illeszkedik a probl\u00e9mamentes telep\u00edt\u00e9shez<br data-start=\"1055\" data-end=\"1058\" \/>\u2714 <strong data-start=\"1060\" data-end=\"1095\">Modell: LP156WH4(TL)(B1) \/ PPCTF<\/strong> \u2013 Megb\u00edzhat\u00f3 panel 1 high-4&#8243;s data-end=&#8221;1127&#8243; \/>\u2714 <strong data-start=\"1129\" data-end=\"1157\">HD felbont\u00e1s (1366&#215;768)<\/strong> \u2013 \u00e9les, tiszta k\u00e9p a mindennapi haszn\u00e1latra<br data-start=\"1197\" data-end=\"1200\" \/>\u2714 <strong data-start=\"1200\" \/>\u2714 <strong data-start=\"1200\" \/>\u2714 <strong data-start=\"1157\">Fend=&#8221;102&#8243;2 data=&#8221;3-6=&#8221;02&#8243;2&#8243; Rate<\/strong> \u2013 Sima teljes\u00edtm\u00e9ny a munk\u00e1hoz \u00e9s a sz\u00f3rakoz\u00e1shoz<br data-start=\"1271\" data-end=\"1274\" \/>\u2714 <strong data-start=\"1276\" data-end=\"1296\">40 t\u0171s csatlakoz\u00f3<\/strong> \u2013 Norm\u00e1l kapcsolat a k\u00f6nny\u0171 csere \u00e9rdek\u00e9ben<br data-start=\"1339\" data-end=\"13\"4 <strong>data-end=&#8221;13&#8243;4 data-end=&#8221;1373&#8243;>Matt \/ t\u00fckr\u00f6z\u0151d\u00e9smentes fel\u00fclet<\/strong> \u2013 Cs\u00f6kkenti a t\u00fckr\u00f6z\u0151d\u00e9st \u00e9s jav\u00edtja a l\u00e1that\u00f3s\u00e1got<\/p>\n<p data-start=\"1423\" data-end=\"1446\">\ud83d\udca1 <strong data-start=\"1426\" data-end=\"1444\">Kompatibilit\u00e1s:<\/strong><\/p>\n<ul data-start=\"1447\" data-end=\"1581\">\n<li data-start=\"1447\" data-end=\"1507\">Kifejezetten <strong data-start=\"1475\" data-end=\"1505\">Dell Latitude E6520, E5520<\/strong><\/li>\n<li data-start=\"1508\" data-end=\"1581\"><strong data-start=\"1510\" data-end=\"1535\">40 t\u0171s eDP-kapcsolat<\/strong> (V\u00e1s\u00e1rl\u00e1s el\u0151tt ellen\u0151rizze az aktu\u00e1lis k\u00e9perny\u0151t)<\/li>\n<\/ul>\n<p data-start=\"1583\" data-end=\"1676\">\ud83d\udcf8 <strong data-start=\"1586\" data-end=\"1602\">Val\u00f3di fot\u00f3k:<\/strong> Pontosan azt kapod, ami a k\u00e9peken l\u00e1that\u00f3 \u2013 nincs stock fot\u00f3!<\/p>\n<p data-start=\"1678\" data-end=\"1817\">\u2753 <strong data-start=\"1680\" data-end=\"1700\">Seg\u00edts\u00e9gre van sz\u00fcks\u00e9ge?<\/strong> B\u00e1r nem biztos\u00edtunk telep\u00edt\u00e9si \u00fatmutat\u00f3t, \u00f6r\u00f6mmel <strong data-start=\"1760\" data-end=\"1817\">\u2753 v\u00e1laszolunk minden k\u00e9rd\u00e9s\u00e9re v\u00e1s\u00e1rl\u00e1s el\u0151tt vagy ut\u00e1n.<\/strong>&#8222;><\/p>\n<p data-start=\"1819\" data-end=\"1945\">\ud83d\udce6 <strong data-start=\"1822\" data-end=\"1850\">Gyors kisz\u00e1ll\u00edt\u00e1s a vil\u00e1g minden pontj\u00e1ra!<\/strong> Tegye vissza <strong data-start=\"1860\" data-end=\"1875\">Dell laptopj\u00e1t<\/strong> a legjobb \u00e1llapotba ezzel a <strong data-start=\"1822\" data-end=\"1850\">&#8222;10&#8221;8=&#8221;10&#8243; data-end=&#8221;1942&#8243;>pr\u00e9mium csere LCD k\u00e9perny\u0151<\/strong>.<\/p>\n","protected":false},"excerpt":{"rendered":"<p>Cser\u00e9lje ki a s\u00e9r\u00fclt vagy hib\u00e1s <strong data-start=\"363\" data-end=\"423\">Dell E6520 \/ E5520 15,6 h\u00fcvelykes LCD-k\u00e9perny\u0151t (PPCTF, LP156WH4-B1)<\/strong>. HD <strong data-start=\"428\" data-end=\"475\">1366&#215;60-6P, 1366&#215;60-6P-os felbont\u00e1s \u2013 t\u00f6k\u00e9letes helyettes\u00edt\u0151je laptopj\u00e1nak <strong data-start=\"515\" data-end=\"562\">Val\u00f3di fot\u00f3k \u2013 amit l\u00e1tsz, azt kapod!<\/strong><\/p>\n","protected":false},"featured_media":11361,"template":"","meta":[],"product_brand":[],"product_cat":[22,21],"product_tag":[17],"class_list":{"0":"post-11310","1":"product","2":"type-product","3":"status-publish","4":"has-post-thumbnail","6":"product_cat-15-6","7":"product_cat-laptop-screens-lcd-panels","8":"product_tag-dell","10":"first","11":"instock","12":"taxable","13":"shipping-taxable","14":"purchasable","15":"product-type-simple"},"_links":{"self":[{"href":"https:\/\/boreait.com\/hu\/wp-json\/wp\/v2\/product\/11310","targetHints":{"allow":["GET"]}}],"collection":[{"href":"https:\/\/boreait.com\/hu\/wp-json\/wp\/v2\/product"}],"about":[{"href":"https:\/\/boreait.com\/hu\/wp-json\/wp\/v2\/types\/product"}],"wp:featuredmedia":[{"embeddable":true,"href":"https:\/\/boreait.com\/hu\/wp-json\/wp\/v2\/media\/11361"}],"wp:attachment":[{"href":"https:\/\/boreait.com\/hu\/wp-json\/wp\/v2\/media?parent=11310"}],"wp:term":[{"taxonomy":"product_brand","embeddable":true,"href":"https:\/\/boreait.com\/hu\/wp-json\/wp\/v2\/product_brand?post=11310"},{"taxonomy":"product_cat","embeddable":true,"href":"https:\/\/boreait.com\/hu\/wp-json\/wp\/v2\/product_cat?post=11310"},{"taxonomy":"product_tag","embeddable":true,"href":"https:\/\/boreait.com\/hu\/wp-json\/wp\/v2\/product_tag?post=11310"}],"curies":[{"name":"wp","href":"https:\/\/api.w.org\/{rel}","templated":true}]}}