{"id":11301,"date":"2025-09-17T13:17:07","date_gmt":"2025-09-17T11:17:07","guid":{"rendered":"https:\/\/boreait.com\/hu\/?post_type=product&#038;p=11301"},"modified":"2025-09-17T13:18:18","modified_gmt":"2025-09-17T11:18:18","slug":"15-6-lcd-kepernyo-lp156wh4tln1-1366x768-60hz-asus-x52n-x53by","status":"publish","type":"product","link":"https:\/\/boreait.com\/hu\/termek\/15-6-lcd-kepernyo-lp156wh4tln1-1366x768-60hz-asus-x52n-x53by\/","title":{"rendered":"15.6 LCD k\u00e9perny\u0151 LP156WH4(TL)(N1) 1366&#215;768 60Hz, ASUS X52N X53BY"},"content":{"rendered":"<p data-start=\"650\" data-end=\"1021\">Adjon \u00faj \u00e9letet <strong data-start=\"660\" data-end=\"687\">ASUS X52N, X53BY-SX196V<\/strong> k\u00e9sz\u00fcl\u00e9k\u00e9nek ezzel a kiv\u00e1l\u00f3 min\u0151s\u00e9g\u0171 <strong data-start=\"722\" data-end=\"759\"><\/strong>15.6&#8243;-N LCD k\u00e9perny\u0151vel (15.1TL-6.1H) A cserekijelz\u0151 <strong data-start=\"798\" data-end=\"824\">HD 1366&#215;768-as felbont\u00e1ssal<\/strong> k\u00edn\u00e1l \u00e9les k\u00e9pet a mindennapi feladatokhoz, b\u00f6ng\u00e9sz\u00e9shez \u00e9s sz\u00f3rakoz\u00e1shoz. A <strong data-start=\"904\" data-end=\"925\">60 Hz-es friss\u00edt\u00e9si gyakoris\u00e1g<\/strong> z\u00f6kken\u0151mentes adatteljes\u00edtm\u00e9nyt biztos\u00edt, m\u00edg a <strong data-start=\"0\"-9\"8\"\"> er\u0151s adat\u00e1tvitelt az <-94\"8. befejez\u00e9s<\/strong> cs\u00f6kkenti a t\u00fckr\u00f6z\u0151d\u00e9st a k\u00e9nyelmes megtekint\u00e9s \u00e9rdek\u00e9ben.<\/p>\n<p data-start=\"1023\" data-end=\"1446\">\ud83d\udd39 <strong data-start=\"1026\" data-end=\"1043\">F\u0151bb jellemz\u0151k:<\/strong><br data-start=\"1043\" data-end=\"1046\" \/>\u2714 <strong data-start=\"1048\" data-end=\"1048\" N-kompatibilis, 1048 X53BY-SX196V<\/strong> \u2013 V\u00e1s\u00e1rl\u00e1s el\u0151tt ellen\u0151rizze a modellj\u00e9t<br data-start=\"1126\" data-end=\"1129\" \/>\u2714 <strong data-start=\"1131\" data-end=\"1140\">M\u00e9ret:<\/strong> 15,6 h\u00fcvelyk \u2013 T\u00f6k\u00e9letesen illeszkedik laptopj\u00e1hoz<br data-start=\"1126\" data-end=\"1129\" \/>1> adatok Sebess\u00e9g:<\/strong> <strong data-start=\"1267\" data-end=\"1275\">60 Hz<\/strong> \u2013 Sima l\u00e1tv\u00e1ny a napi haszn\u00e1latra<br data-start=\"1306\" data-end=\"1309\" \/>\u2714 <strong data-start=\"1311\" data-end=\"1326\">Start1 LCD panel<br data-3\"3\" data-end=\"1333\" \/>\u2714 <strong data-start=\"1335\" data-end=\"1349\" data-is-only-node=\"\">Csatlakoz\u00f3:<\/strong> <strong data-start=\"1350\" data-end=\"1364\">40 t\u0171s eDP<\/strong> \u2013 szabv\u00e1ny ASUS laptopokhoz \/5=&#8221;\u2714-13 data-2&#8243; data <strong data-start=\"1397\" data-end=\"1414\">Matt fel\u00fclet:<\/strong> Cs\u00f6kkenti a t\u00fckr\u00f6z\u0151d\u00e9st \u00e9s a t\u00fckr\u00f6z\u0151d\u00e9st<\/p>\n<p data-start=\"1448\" data-end=\"1478\">\ud83d\udca1 <strong data-start=\"1451\" data-end=\"1476\">Kompatibilit\u00e1si megjegyz\u00e9s:<\/strong><\/p>\n<ul data-start=\"1479\" data-end=\"1641\">\n<li data-start=\"1479\" data-end=\"1568\"><strong data-start=\"1494\" data-end=\"1521\">ASUS X52N, X53BY-SX196V<\/strong> sz\u00e1m\u00e1ra tervezve (Rendel\u00e9s el\u0151tt ellen\u0151rizze a laptop modellj\u00e9t)<\/li>\n<li data-start=\"1569\" data-end=\"1641\">Kompatibilis az <strong data-start=\"1605\" data-end=\"1626\">LP156WH4 (TL)(N1)<\/strong> k\u00e9perny\u0151modellt haszn\u00e1l\u00f3 laptopokkal<\/li>\n<\/ul>\n<p data-start=\"1643\" data-end=\"1742\">\ud83d\udcf8 <strong data-start=\"1646\" data-end=\"1662\">Val\u00f3di fot\u00f3k:<\/strong> A list\u00e1ban szerepl\u0151 k\u00e9pek a <strong data-start=\"1701\" data-end=\"1722\">t\u00e9nyleges LCD-k\u00e9perny\u0151<\/strong>r\u0151l k\u00e9sz\u00fcltek!<\/p>\n<p data-start=\"1744\" data-end=\"1887\">\u2753 <strong data-start=\"1746\" data-end=\"1760\">Seg\u00edts\u00e9gre van sz\u00fcks\u00e9ge?<\/strong> B\u00e1r nem adunk telep\u00edt\u00e9si utas\u00edt\u00e1sokat, nyugodtan <strong data-start=\"1824\" data-end=\"1838\">\u00fczenjen nek\u00fcnk<\/strong>, ha kompatibilit\u00e1si k\u00e9rd\u00e9se van.<\/strong><\/p>\n<p data-start=\"1889\" data-end=\"2015\">\ud83d\udce6 <strong data-start=\"1892\" data-end=\"1920\">Gyors sz\u00e1ll\u00edt\u00e1s a vil\u00e1g minden pontj\u00e1ra!<\/strong> \u00c1ll\u00edtsa vissza laptopj\u00e1t t\u00f6k\u00e9letes \u00e1llapotba ezzel a <strong data-start=\"1973\" data-end=\"2012\"><\/strong> kiv\u00e1l\u00f3 min\u0151s\u00e9g\u0171 csere LCD k\u00e9perny\u0151vel<\/p>\n","protected":false},"excerpt":{"rendered":"<p>Friss\u00edtse ASUS laptopj\u00e1t ezzel a <strong data-start=\"352\" data-end=\"401\">15,6&#8243; LCD cserek\u00e9perny\u0151vel (LP156WH4-TL-N1)<\/strong>. <strong data-start=\"415\" data-end=\"441\">1366&#215;768 HD felbont\u00e1ssal<\/strong>, <strong>ref4Hz&#8221;>0=&#8221;end=&#8221;4Hz-6&#8243; data ar\u00e1ny<\/strong> \u00e9s <strong data-start=\"470\" data-end=\"486\">matt fel\u00fclet<\/strong> a tiszta, csillog\u00e1smentes megjelen\u00edt\u00e9s \u00e9rdek\u00e9ben <strong data-start=\"520\" data-end=\"567\">Val\u00f3di fot\u00f3k \u2013 amit l\u00e1tsz, azt kapod!<\/strong><\/p>\n","protected":false},"featured_media":11343,"template":"","meta":[],"product_brand":[],"product_cat":[22,21],"product_tag":[30],"class_list":{"0":"post-11301","1":"product","2":"type-product","3":"status-publish","4":"has-post-thumbnail","6":"product_cat-15-6","7":"product_cat-laptop-screens-lcd-panels","8":"product_tag-asus","10":"first","11":"instock","12":"taxable","13":"shipping-taxable","14":"purchasable","15":"product-type-simple"},"_links":{"self":[{"href":"https:\/\/boreait.com\/hu\/wp-json\/wp\/v2\/product\/11301","targetHints":{"allow":["GET"]}}],"collection":[{"href":"https:\/\/boreait.com\/hu\/wp-json\/wp\/v2\/product"}],"about":[{"href":"https:\/\/boreait.com\/hu\/wp-json\/wp\/v2\/types\/product"}],"wp:featuredmedia":[{"embeddable":true,"href":"https:\/\/boreait.com\/hu\/wp-json\/wp\/v2\/media\/11343"}],"wp:attachment":[{"href":"https:\/\/boreait.com\/hu\/wp-json\/wp\/v2\/media?parent=11301"}],"wp:term":[{"taxonomy":"product_brand","embeddable":true,"href":"https:\/\/boreait.com\/hu\/wp-json\/wp\/v2\/product_brand?post=11301"},{"taxonomy":"product_cat","embeddable":true,"href":"https:\/\/boreait.com\/hu\/wp-json\/wp\/v2\/product_cat?post=11301"},{"taxonomy":"product_tag","embeddable":true,"href":"https:\/\/boreait.com\/hu\/wp-json\/wp\/v2\/product_tag?post=11301"}],"curies":[{"name":"wp","href":"https:\/\/api.w.org\/{rel}","templated":true}]}}