{"id":11298,"date":"2025-09-17T13:17:06","date_gmt":"2025-09-17T11:17:06","guid":{"rendered":"https:\/\/boreait.com\/hu\/?post_type=product&#038;p=11298"},"modified":"2025-09-17T13:18:03","modified_gmt":"2025-09-17T11:18:03","slug":"lp156wh4tlb1-156-hd-lcd-kepernyo-1366x768-laptop-csere-kijelzo","status":"publish","type":"product","link":"https:\/\/boreait.com\/hu\/termek\/lp156wh4tlb1-156-hd-lcd-kepernyo-1366x768-laptop-csere-kijelzo\/","title":{"rendered":"LP156WH4(TL)(B1) 15,6&#8243; HD LCD k\u00e9perny\u0151 1366&#215;768 \u2013 Laptop csere kijelz\u0151"},"content":{"rendered":"<p data-start=\"590\" data-end=\"664\">\ud83d\udd39 <strong data-start=\"593\" data-end=\"662\">LP156WH4(TL)(B1) 15,6&#8243; HD LCD k\u00e9perny\u0151 \u2013 Laptop cserekijelz\u0151<\/strong><\/p>\n<p data-start=\"666\" data-end=\"928\">Tegye \u00fajszer\u0171v\u00e9 laptopj\u00e1t ezzel a <strong data-start=\"716\" data-end=\"773\">kiv\u00e1l\u00f3 min\u0151s\u00e9g\u0171 LP156WH4(TL)(B1) 15,6 h\u00fcvelykes HD LCD k\u00e9perny\u0151vel<\/strong>. Ak\u00e1r a jelenlegi k\u00e9perny\u0151je megrepedt, ak\u00e1r halott k\u00e9ppontjai vannak, ak\u00e1r nem megfelel\u0151en jelenik meg, ez az <strong data-start=\"867\" data-end=\"898\">1366&#215;768-as felbont\u00e1s\u00fa kijelz\u0151<\/strong> t\u00f6k\u00e9letes helyettes\u00edt\u0151.<\/p>\n<p data-start=\"930\" data-end=\"1356\">\ud83d\udd39 <strong data-start=\"933\" data-end=\"950\">F\u0151bb jellemz\u0151k:<\/strong><br data-start=\"950\" data-end=\"953\" \/>\u2714 <strong data-start=\"955\" data-end=\"989\">\u2714 <strong data-start=\"955\" data-end=\"989\">7.6 Resolution (63.6&#8243; HD) (15.6&#8243; HD) \u2013 \u00c9les l\u00e1tv\u00e1ny \u00e9l\u00e9nk sz\u00ednekkel<br data-start=\"1025\" data-end=\"1028\" \/>\u2714 <strong data-start=\"1030\" data-end=\"1053\">Matt\/f\u00e9nyes fel\u00fclet<\/strong> (Ellen\u0151rizze az eredeti k\u00e9perny\u0151n a pontos t\u00edpust)<br data-start=\"1101\" data-4\" \/strong> adatok \u00e9s sz\u00f3rakoz\u00e1s<br data-start=\"1263\" data-end=\"1266\" \/>\u2714 <strong data-start=\"1268\" data-end=\"1283\">Val\u00f3di fot\u00f3k<\/strong> \u2013 A list\u00e1ban szerepl\u0151 k\u00e9pek a t\u00e9nyleges term\u00e9ket mutatj\u00e1k, amelyet kapni fog<\/p>\n<p data-start=\"1358\" data-end=\"1381\">\ud83d\udca1 <strong data-start=\"1361\" data-end=\"1379\">Kompatibilit\u00e1s:<\/strong><\/p>\n<ul data-start=\"1382\" data-end=\"1542\">\n<li data-start=\"1382\" data-end=\"1459\">Kompatibilis az <strong data-start=\"1400\" data-end=\"1420\">LP156WH4(TL)(B1)<\/strong> \u00e9s m\u00e1s, azonos specifik\u00e1ci\u00f3kkal rendelkez\u0151 modellekkel<\/li>\n<li data-start=\"1460\" data-end=\"1542\">Rendel\u00e9s el\u0151tt ellen\u0151rizze a <strong data-start=\"1472\" data-end=\"1524\">modellsz\u00e1mot, a felbont\u00e1st \u00e9s a csatlakoz\u00f3 poz\u00edci\u00f3j\u00e1t<\/strong>.<\/li>\n<\/ul>\n<p data-start=\"1544\" data-end=\"1751\">\u2753 <strong data-start=\"1546\" data-end=\"1560\">Seg\u00edts\u00e9gre van sz\u00fcks\u00e9ge?<\/strong> Ha nem biztos abban, hogy ez a k\u00e9perny\u0151 illik-e laptopj\u00e1hoz, b\u00e1tran \u00edrjon <strong data-start=\"1629\" data-end=\"1643\">\u00fczenet<\/strong> seg\u00edts\u00e9g\u00e9rt. B\u00e1r nem adunk telep\u00edt\u00e9si utas\u00edt\u00e1sokat, sz\u00edvesen seg\u00edt\u00fcnk b\u00e1rmilyen k\u00e9rd\u00e9sben.<\/p>\n<p data-start=\"1753\" data-end=\"1867\">\ud83d\udce6 <strong data-start=\"1756\" data-end=\"1784\">Gyors sz\u00e1ll\u00edt\u00e1s a vil\u00e1g minden pontj\u00e1ra!<\/strong> \u00c1ll\u00edtsa vissza laptopja teljes funkcionalit\u00e1s\u00e1t ezzel az <strong data-start=\"1838\" data-end=\"1864\"<\/strong> csere LCD k\u00e9perny\u0151vel.<\/p>\n","protected":false},"excerpt":{"rendered":"<p>Cser\u00e9lje ki a s\u00e9r\u00fclt laptop k\u00e9perny\u0151j\u00e9t erre az <strong data-start=\"348\" data-end=\"400\">LP156WH4(TL)(B1) 15,6&#8243; HD (1366&#215;768) LCD kijelz\u0151re<\/strong>. Eredeti cserealkatr\u00e9sz <strong data-start=\"434\" data-end=\"458\"><\/strong>\u00e9les, tiszta kijelz\u0151vel, 40&#8243; adat data-end=&#8221;507&#8243;>Val\u00f3di fot\u00f3k \u2013 amit l\u00e1tsz, azt kapod!<\/strong><\/p>\n","protected":false},"featured_media":11337,"template":"","meta":[],"product_brand":[],"product_cat":[22,21],"product_tag":[],"class_list":{"0":"post-11298","1":"product","2":"type-product","3":"status-publish","4":"has-post-thumbnail","6":"product_cat-15-6","7":"product_cat-laptop-screens-lcd-panels","9":"first","10":"instock","11":"taxable","12":"shipping-taxable","13":"purchasable","14":"product-type-simple"},"_links":{"self":[{"href":"https:\/\/boreait.com\/hu\/wp-json\/wp\/v2\/product\/11298","targetHints":{"allow":["GET"]}}],"collection":[{"href":"https:\/\/boreait.com\/hu\/wp-json\/wp\/v2\/product"}],"about":[{"href":"https:\/\/boreait.com\/hu\/wp-json\/wp\/v2\/types\/product"}],"wp:featuredmedia":[{"embeddable":true,"href":"https:\/\/boreait.com\/hu\/wp-json\/wp\/v2\/media\/11337"}],"wp:attachment":[{"href":"https:\/\/boreait.com\/hu\/wp-json\/wp\/v2\/media?parent=11298"}],"wp:term":[{"taxonomy":"product_brand","embeddable":true,"href":"https:\/\/boreait.com\/hu\/wp-json\/wp\/v2\/product_brand?post=11298"},{"taxonomy":"product_cat","embeddable":true,"href":"https:\/\/boreait.com\/hu\/wp-json\/wp\/v2\/product_cat?post=11298"},{"taxonomy":"product_tag","embeddable":true,"href":"https:\/\/boreait.com\/hu\/wp-json\/wp\/v2\/product_tag?post=11298"}],"curies":[{"name":"wp","href":"https:\/\/api.w.org\/{rel}","templated":true}]}}