{"id":11297,"date":"2025-09-17T13:17:06","date_gmt":"2025-09-17T11:17:06","guid":{"rendered":"https:\/\/boreait.com\/hu\/?post_type=product&#038;p=11297"},"modified":"2026-02-01T10:34:22","modified_gmt":"2026-02-01T09:34:22","slug":"lcd-kepernyo-dell-00kj3y-156-fhd-300hz-ips-matt-40-tus-21-mm-es-erintesmentes","status":"publish","type":"product","link":"https:\/\/boreait.com\/hu\/termek\/lcd-kepernyo-dell-00kj3y-156-fhd-300hz-ips-matt-40-tus-21-mm-es-erintesmentes\/","title":{"rendered":"LCD k\u00e9perny\u0151 Dell 00KJ3Y 15,6&#8243; FHD 300Hz IPS matt 40 t\u0171s 21 mm-es, \u00e9rint\u00e9smentes"},"content":{"rendered":"<p>A rakt\u00e1ron l\u00e9v\u0151 kijelz\u0151 pontos t\u00edpusa: LQ156M1JW30 \/ NE156FHM-NZ3 V8.0 (azonos specifik\u00e1ci\u00f3k \/ teljesen kompatibilis!)<\/p>\n\n<p data-start=\"474\" data-end=\"913\">Fokozza laptopja megjelen\u00edt\u00e9si teljes\u00edtm\u00e9ny\u00e9t ezzel a pr\u00e9mium min\u0151s\u00e9g\u0171 <strong data-start=\"558\" data-end=\"612\">15,6 h\u00fcvelykes Full HD (1920&#215;1080) 300 Hz-es IPS LCD k\u00e9perny\u0151vel<\/strong> a <strong data-start=\"617\" data-d=\"617\">. Sima l\u00e1tv\u00e1nyra \u00e9s kiv\u00e1l\u00f3 sz\u00ednpontoss\u00e1gra tervezt\u00e9k, <strong data-start=\"705\" data-end=\"721\">matt fel\u00fclettel<\/strong> rendelkezik, amely minimaliz\u00e1lja a t\u00fckr\u00f6z\u0151d\u00e9st \u00e9s a szem meger\u0151ltet\u00e9s\u00e9t. A <strong data-start=\"766\" data-end=\"806\" data-is-only-node=\"\">40 t\u0171s keskeny csatlakoz\u00f3 (21 mm sz\u00e9les)<\/strong> biztos\u00edtja a kompatibilit\u00e1st, a <strong data-start=\"838\" data-end=\"851\">\u00e9rint\u00e9smentes<\/strong> kialak\u00edt\u00e1s pedig ide\u00e1lis a hagyom\u00e1nyos kijelz\u0151t kedvel\u0151 felhaszn\u00e1l\u00f3k sz\u00e1m\u00e1ra.<\/strong><\/p>\n<p data-start=\"915\" data-end=\"1261\">Ez a k\u00e9perny\u0151 <strong data-start=\"933\" data-end=\"962\">r\u00f6gz\u00edt\u0151konzolok n\u00e9lk\u00fcl<\/strong> \u00e9rkezik, de tartalmaz <strong data-start=\"976\" data-end=\"1000\">\u00f6ntapad\u00f3 cs\u00edkokat<\/strong> a biztons\u00e1gos \u00e9s probl\u00e9mamentes telep\u00edt\u00e9s \u00e9rdek\u00e9ben. Ak\u00e1r egy s\u00e9r\u00fclt k\u00e9perny\u0151t cser\u00e9l, ak\u00e1r a jobb teljes\u00edtm\u00e9ny \u00e9rdek\u00e9ben friss\u00edt, ez a nagy friss\u00edt\u00e9si gyakoris\u00e1g\u00fa panel t\u00f6k\u00e9letes a j\u00e1t\u00e9kosok, a szakemberek \u00e9s a h\u00e9tk\u00f6znapi felhaszn\u00e1l\u00f3k sz\u00e1m\u00e1ra, akik g\u00f6rd\u00fcl\u00e9keny l\u00e1tv\u00e1nyt \u00e9s mag\u00e1val ragad\u00f3 \u00e9lm\u00e9nyt keresnek.<\/p>\n<p data-start=\"1263\" data-end=\"1764\"><strong data-start=\"1263\" data-end=\"1280\">F\u0151bb jellemz\u0151k:<\/strong><br data-start=\"1280\" data-end=\"1283\" \/>\u2705 <strong data-start=\"1285\" data-end=\"1764\"><strong data-end=\"132\">\u00a0felbont\u00e1s<\/strong> a tiszta \u00e9s \u00e9l\u00e9nk l\u00e1tv\u00e1ny\u00e9rt<br data-start=\"1355\" data-end=\"1358\" \/>\u2705 <strong data-start=\"1360\" data-end=\"1382\">300 Hz-es friss\u00edt\u00e9si gyakoris\u00e1g<\/strong> a rendk\u00edv\u00fcl sima teljes\u00edtm\u00e9ny\u00e9rt<br data-start=\"1411\" data-end=\"1-6\" \/>IPS panel<\/strong> a sz\u00e9les betekint\u00e9si sz\u00f6gek \u00e9s az \u00e9leth\u0171 sz\u00ednek \u00e9rdek\u00e9ben<br data-start=\"1477\" data-end=\"1480\" \/>\u2705 <strong data-start=\"1482\" data-end=\"1498\">Matt fel\u00fclet<\/strong> a csillog\u00e1s \u00e9s a t\u00fckr\u00f6z\u0151d\u00e9s cs\u00f6kkent\u00e9se \u00e9rdek\u00e9ben&lt;strong=&#8221;\u200ebr data-start data=&#8221;3&#8243; \/strong=&#8221;\u204453-start data=&#8221;3&#8243; adatok adatok<\/p>\n<p data-start=\"1766\" data-end=\"1848\" data-is-last-node=\"\" data-is-only-node=\"\">Friss\u00edtse Dell laptopja k\u00e9perny\u0151j\u00e9t m\u00e9g ma a z\u00f6kken\u0151mentes, nagy teljes\u00edtm\u00e9ny\u0171 \u00e9lm\u00e9ny \u00e9rdek\u00e9ben!<\/p>\n","protected":false},"excerpt":{"rendered":"<p>B\u0151v\u00edtse Dell laptopj\u00e1t ezzel a kiv\u00e1l\u00f3 min\u0151s\u00e9g\u0171, 15,6&#8243;-os FHD 300 Hz-es IPS LCD-k\u00e9perny\u0151vel. A t\u00fckr\u00f6z\u0151d\u00e9s cs\u00f6kkent\u00e9se \u00e9rdek\u00e9ben matt fel\u00fclettel, 40 t\u0171s keskeny csatlakoz\u00f3val (21 mm sz\u00e9les) \u00e9s \u00e9rint\u00e9smentes kialak\u00edt\u00e1ssal ez a kijelz\u0151 egyenletes l\u00e1tv\u00e1nyt \u00e9s \u00e9l\u00e9nk sz\u00edneket biztos\u00edt. A konzolokat nem tartalmazza, de az \u00f6ntapad\u00f3 cs\u00edkok k\u00f6nnyen felszerelhet\u0151k.<\/p>\n","protected":false},"featured_media":11336,"template":"","meta":[],"product_brand":[],"product_cat":[81,71],"product_tag":[],"class_list":{"0":"post-11297","1":"product","2":"type-product","3":"status-publish","4":"has-post-thumbnail","6":"product_cat-15-6-new-laptop-screens-lcd-panels","7":"product_cat-new-laptop-screens-lcd-panels","9":"first","10":"instock","11":"taxable","12":"shipping-taxable","13":"purchasable","14":"product-type-simple"},"_links":{"self":[{"href":"https:\/\/boreait.com\/hu\/wp-json\/wp\/v2\/product\/11297","targetHints":{"allow":["GET"]}}],"collection":[{"href":"https:\/\/boreait.com\/hu\/wp-json\/wp\/v2\/product"}],"about":[{"href":"https:\/\/boreait.com\/hu\/wp-json\/wp\/v2\/types\/product"}],"wp:featuredmedia":[{"embeddable":true,"href":"https:\/\/boreait.com\/hu\/wp-json\/wp\/v2\/media\/11336"}],"wp:attachment":[{"href":"https:\/\/boreait.com\/hu\/wp-json\/wp\/v2\/media?parent=11297"}],"wp:term":[{"taxonomy":"product_brand","embeddable":true,"href":"https:\/\/boreait.com\/hu\/wp-json\/wp\/v2\/product_brand?post=11297"},{"taxonomy":"product_cat","embeddable":true,"href":"https:\/\/boreait.com\/hu\/wp-json\/wp\/v2\/product_cat?post=11297"},{"taxonomy":"product_tag","embeddable":true,"href":"https:\/\/boreait.com\/hu\/wp-json\/wp\/v2\/product_tag?post=11297"}],"curies":[{"name":"wp","href":"https:\/\/api.w.org\/{rel}","templated":true}]}}