{"id":11289,"date":"2025-09-17T13:16:42","date_gmt":"2025-09-17T11:16:42","guid":{"rendered":"https:\/\/boreait.com\/hu\/?post_type=product&#038;p=11289"},"modified":"2026-02-01T10:34:04","modified_gmt":"2026-02-01T09:34:04","slug":"lcd-kepernyo-asus-rog-strix-g-gl531-hez-156-fhd-300hz-ips-matt-40-tus","status":"publish","type":"product","link":"https:\/\/boreait.com\/hu\/termek\/lcd-kepernyo-asus-rog-strix-g-gl531-hez-156-fhd-300hz-ips-matt-40-tus\/","title":{"rendered":"LCD-k\u00e9perny\u0151 ASUS ROG Strix G GL531-hez \u2013 15,6&#8243; FHD 300Hz IPS matt 40 t\u0171s"},"content":{"rendered":"<p>A rakt\u00e1ron l\u00e9v\u0151 kijelz\u0151 pontos t\u00edpusa: LQ156M1JW30 \/ NE156FHM-NZ3 V8.0 (azonos specifik\u00e1ci\u00f3k \/ teljesen kompatibilis!)<\/p>\n\n\n\n\n<p>Fokozza j\u00e1t\u00e9k\u00e9lm\u00e9ny\u00e9t \u00e9s termel\u00e9kenys\u00e9g\u00e9t ezzel az ASUS ROG Strix G GL531 sorozat\u00fa laptopokhoz k\u00e9sz\u00fclt pr\u00e9mium csere LCD-k\u00e9perny\u0151vel. A <strong data-start=\"656\" data-end=\"699\">15,6 h\u00fcvelykes Full HD (1920&#215;1080) IPS-panellel<\/strong> b\u00fcszk\u00e9lked\u0151 kijelz\u0151 <strong data-start=\"721\" data-end=\"754\">leny\u0171g\u00f6z\u0151 300 Hz-es friss\u00edt\u00e9si gyakoris\u00e1got<\/strong> k\u00edn\u00e1l, ami garant\u00e1lja a j\u00e1t\u00e9k rendk\u00edv\u00fcli tisztas\u00e1g\u00e1t.<\/p>\n\n\n\n<p>F\u0151bb jellemz\u0151k:<br data-start=\"823\" data-end=\"826\">\u2705 <strong data-start=\"828\" data-end=\"856\">FHD 1920&#215;1080 felbont\u00e1s<\/strong> az \u00e9les \u00e9s \u00e9l\u00e9nk \/\u00e9les \u00e9s \u00e9l\u00e9nk \/8 data-8&#8243;end-8&#8243; adatok\u00e9rt<br8 data-8\"9\"=\"\" <strong=\"\" data-start=\"891\" data-end=\"913\">300 Hz-es friss\u00edt\u00e9si frekvencia a z\u00f6kken\u0151mentes j\u00e1t\u00e9kteljes\u00edtm\u00e9ny\u00e9rt<br data-start=\"945\" data-end=\"948\">\u2705 <strong data-start=\"950\" data-end=\"968\">IPS technol\u00f3gia<\/strong> a sz\u00e9les betekint\u00e9si sz\u00f6gek\u00e9rt \u00e9s a pontos sz\u00ednek\u00e9rt<br=\"0=\"0=\"1-2\"1\"1\"-br=\"1-1-s\">\u2705 <strong data-start=\"1017\" data-end=\"1033\">Matt fel\u00fclet<\/strong> a csillog\u00e1s \u00e9s a t\u00fckr\u00f6z\u0151d\u00e9s cs\u00f6kkent\u00e9se \u00e9rdek\u00e9ben<br data-start=\"1065\" data-end=\"1068\">\u2705 <strong data-start=\"1070\" data-end=\"1097\">40 t\u0171s keskeny csatlakoz\u00f3<\/strong> com\/2pati.mm-hez<br> adatok data-start=&#8221;1212&#8243; data-end=&#8221;1236&#8243;&gt;\u00f6ntapad\u00f3 cs\u00edkok az egyszer\u0171 telep\u00edt\u00e9s \u00e9rdek\u00e9ben<br data-start=\"1258\" data-end=\"1261\">\u2705 <strong data-start=\"1263\" data-end=\"1286\">\u00daj \u00e1llapot<\/strong> \u2013 kiv\u00e1l\u00f3 min\u0151s\u00e9g\u0171 cserek\u00e9perny\u0151<\/br=\"0=\"0=\"1-2\"1\"1\"-br=\"1-1-s\"><\/br8><\/p>\n\n\n\n<p>Ez az LCD-panel t\u00f6k\u00e9letes csere a s\u00e9r\u00fclt vagy rosszul m\u0171k\u00f6d\u0151 ASUS ROG Strix G GL531 k\u00e9perny\u0151h\u00f6z, helyre\u00e1ll\u00edtva laptopja teljes\u00edtm\u00e9ny\u00e9t \u00e9s vizu\u00e1lis \u00e9lm\u00e9ny\u00e9t. <strong data-start=\"1491\" data-end=\"1539\" data-is-last-node=\"\">V\u00e1s\u00e1rl\u00e1s el\u0151tt gy\u0151z\u0151dj\u00f6n meg a kompatibilit\u00e1sr\u00f3l.<\/strong><\/p>\n","protected":false},"excerpt":{"rendered":"<p>Friss\u00edtse ASUS ROG Strix G GL531 laptopj\u00e1t egy nagy teljes\u00edtm\u00e9ny\u0171, 15,6&#8243;-os FHD 300 Hz-es IPS matt LCD-k\u00e9perny\u0151vel. A 40 t\u0171s keskeny csatlakoz\u00f3val (0,83&#8243;\/21mm) ez az \u00e9rint\u00e9smentes kijelz\u0151 rendk\u00edv\u00fcl sima l\u00e1tv\u00e1nyt \u00e9s \u00e9l\u00e9nk sz\u00edneket biztos\u00edt. Tart\u00f3k n\u00e9lk\u00fcl tervezt\u00e9k, \u00f6ntapad\u00f3 cs\u00edkokat tartalmaz a k\u00f6nny\u0171 telep\u00edt\u00e9s \u00e9rdek\u00e9ben. Vadonat \u00faj \u00e1llapot\u00fa.<\/p>\n","protected":false},"featured_media":11336,"template":"","meta":[],"product_brand":[],"product_cat":[81,71],"product_tag":[],"class_list":{"0":"post-11289","1":"product","2":"type-product","3":"status-publish","4":"has-post-thumbnail","6":"product_cat-15-6-new-laptop-screens-lcd-panels","7":"product_cat-new-laptop-screens-lcd-panels","9":"first","10":"instock","11":"taxable","12":"shipping-taxable","13":"purchasable","14":"product-type-simple"},"_links":{"self":[{"href":"https:\/\/boreait.com\/hu\/wp-json\/wp\/v2\/product\/11289","targetHints":{"allow":["GET"]}}],"collection":[{"href":"https:\/\/boreait.com\/hu\/wp-json\/wp\/v2\/product"}],"about":[{"href":"https:\/\/boreait.com\/hu\/wp-json\/wp\/v2\/types\/product"}],"wp:featuredmedia":[{"embeddable":true,"href":"https:\/\/boreait.com\/hu\/wp-json\/wp\/v2\/media\/11336"}],"wp:attachment":[{"href":"https:\/\/boreait.com\/hu\/wp-json\/wp\/v2\/media?parent=11289"}],"wp:term":[{"taxonomy":"product_brand","embeddable":true,"href":"https:\/\/boreait.com\/hu\/wp-json\/wp\/v2\/product_brand?post=11289"},{"taxonomy":"product_cat","embeddable":true,"href":"https:\/\/boreait.com\/hu\/wp-json\/wp\/v2\/product_cat?post=11289"},{"taxonomy":"product_tag","embeddable":true,"href":"https:\/\/boreait.com\/hu\/wp-json\/wp\/v2\/product_tag?post=11289"}],"curies":[{"name":"wp","href":"https:\/\/api.w.org\/{rel}","templated":true}]}}