{"id":11288,"date":"2025-09-17T13:16:42","date_gmt":"2025-09-17T11:16:42","guid":{"rendered":"https:\/\/boreait.com\/hu\/?post_type=product&#038;p=11288"},"modified":"2026-02-01T10:34:09","modified_gmt":"2026-02-01T09:34:09","slug":"gigabyte-se4-73us513sh-156-fhd-300-hz-ips-matt-lcd-kepernyo-40-tus-keskeny","status":"publish","type":"product","link":"https:\/\/boreait.com\/hu\/termek\/gigabyte-se4-73us513sh-156-fhd-300-hz-ips-matt-lcd-kepernyo-40-tus-keskeny\/","title":{"rendered":"GIGABYTE SE4-73US513SH 15,6&#8243; FHD 300 Hz IPS matt LCD k\u00e9perny\u0151 40 t\u0171s keskeny"},"content":{"rendered":"<p>A rakt\u00e1ron l\u00e9v\u0151 kijelz\u0151 pontos t\u00edpusa: LQ156M1JW30 \/ NE156FHM-NZ3 V8.0 (azonos specifik\u00e1ci\u00f3k \/ teljesen kompatibilis!)<\/p>\n\n\n\n\n<p>Friss\u00edtse GIGABYTE SE4-73US513SH laptopj\u00e1t ezzel a nagy teljes\u00edtm\u00e9ny\u0171 <strong data-start=\"548\" data-end=\"592\">15,6&#8243; Full HD (1920&#215;1080) IPS panellel, ezzel a professzion\u00e1lis tervez\u00e9s\u0171, j\u00e1t\u00e9kra tervezett, er\u0151s LCD k\u00e9perny\u0151vel<\/strong>. adatok<\/p>\n\n\n\n<p>F\u0151bb jellemz\u0151k:<br>\u2714 <strong data-start=\"837\" data-end=\"853\">K\u00e9perny\u0151m\u00e9ret:<\/strong> 15,6&#8243;<br>\u2714 <strong data-start=\"967\" data-end=\"984\">Friss\u00edt\u00e9si gyakoris\u00e1g:<\/strong> 300 Hz a rendk\u00edv\u00fcl sima teljes\u00edtm\u00e9ny \u00e9rdek\u00e9ben<br>\u2714 <strong data-start=\"1024\" data-end=\"1036\">Surte, anti-gla&#8221;>Surte, anti-gla adatok T\u00e1mogat\u00e1s:<\/strong> Nem<br>\u2714 <strong data-start=\"1132\" data-end=\"1145\">Konzolok:<\/strong> Nem tartoz\u00e9k (\u00f6ntapad\u00f3 cs\u00edkok mell\u00e9kelve)<\/p>\n\n\n\n<p>Ez a <strong data-start=\"1199\" data-end=\"1212\">vadonat\u00faj<\/strong> cserek\u00e9perny\u0151 a tart\u00f3ss\u00e1g \u00e9s az optim\u00e1lis megjelen\u00edt\u00e9si teljes\u00edtm\u00e9ny \u00e9rdek\u00e9ben k\u00e9sz\u00fclt. Ide\u00e1lis olyan j\u00e1t\u00e9kosok, tartalomk\u00e9sz\u00edt\u0151k \u00e9s szakemberek sz\u00e1m\u00e1ra, akik <strong data-start=\"1354\" data-end=\"1402\">magas friss\u00edt\u00e9si gyakoris\u00e1got \u00e9s krist\u00e1lytiszta l\u00e1tv\u00e1nyt ig\u00e9nyelnek<\/strong>.<\/p>\n\n\n\n<p>\ud83d\udce6 <strong data-start=\"1410\" data-end=\"1424\">\u00c1llapot:<\/strong> \u00daj<br data-start=\"1428\" data-end=\"1431\">\u26a1 <strong data-start=\"1407\" data-end=\"1510\">\ud83d\udce6 A professzion\u00e1lis telep\u00edt\u00e9st javasoljuk:<\/strong>A professzion\u00e1lis telep\u00edt\u00e9s: elker\u00fclje a s\u00e9r\u00fcl\u00e9st.<\/p>\n\n\n\n<p>\ud83d\udcbb <strong data-start=\"1515\" data-end=\"1533\">Kompatibilit\u00e1s:<\/strong> GIGABYTE SE4-73US513SH sz\u00e1m\u00e1ra tervezve. K\u00e9rj\u00fck, v\u00e1s\u00e1rl\u00e1s el\u0151tt ellen\u0151rizze aktu\u00e1lis k\u00e9perny\u0151j\u00e9nek m\u0171szaki adatait.<\/p>\n","protected":false},"excerpt":{"rendered":"<p>Vadonat\u00faj csere LCD k\u00e9perny\u0151 GIGABYTE SE4-73US513SH k\u00e9sz\u00fcl\u00e9khez. Ez a 15,6 h\u00fcvelykes Full HD (1920&#215;1080) IPS matt kijelz\u0151 300 Hz-es friss\u00edt\u00e9si frekvenci\u00e1val rendelkezik a rendk\u00edv\u00fcl sima k\u00e9p \u00e9rdek\u00e9ben. 40 t\u0171s keskeny csatlakoz\u00f3val (21 mm sz\u00e9les) \u00e9s \u00f6ntapad\u00f3 cs\u00edkokkal rendelkezik a telep\u00edt\u00e9shez. <strong data-start=\"419\" data-end=\"446,\">No-tockets<\/strong.><\/p>\n","protected":false},"featured_media":11336,"template":"","meta":[],"product_brand":[],"product_cat":[81,71],"product_tag":[],"class_list":{"0":"post-11288","1":"product","2":"type-product","3":"status-publish","4":"has-post-thumbnail","6":"product_cat-15-6-new-laptop-screens-lcd-panels","7":"product_cat-new-laptop-screens-lcd-panels","9":"first","10":"instock","11":"taxable","12":"shipping-taxable","13":"purchasable","14":"product-type-simple"},"_links":{"self":[{"href":"https:\/\/boreait.com\/hu\/wp-json\/wp\/v2\/product\/11288","targetHints":{"allow":["GET"]}}],"collection":[{"href":"https:\/\/boreait.com\/hu\/wp-json\/wp\/v2\/product"}],"about":[{"href":"https:\/\/boreait.com\/hu\/wp-json\/wp\/v2\/types\/product"}],"wp:featuredmedia":[{"embeddable":true,"href":"https:\/\/boreait.com\/hu\/wp-json\/wp\/v2\/media\/11336"}],"wp:attachment":[{"href":"https:\/\/boreait.com\/hu\/wp-json\/wp\/v2\/media?parent=11288"}],"wp:term":[{"taxonomy":"product_brand","embeddable":true,"href":"https:\/\/boreait.com\/hu\/wp-json\/wp\/v2\/product_brand?post=11288"},{"taxonomy":"product_cat","embeddable":true,"href":"https:\/\/boreait.com\/hu\/wp-json\/wp\/v2\/product_cat?post=11288"},{"taxonomy":"product_tag","embeddable":true,"href":"https:\/\/boreait.com\/hu\/wp-json\/wp\/v2\/product_tag?post=11288"}],"curies":[{"name":"wp","href":"https:\/\/api.w.org\/{rel}","templated":true}]}}