{"id":11287,"date":"2025-09-17T13:16:42","date_gmt":"2025-09-17T11:16:42","guid":{"rendered":"https:\/\/boreait.com\/hu\/?post_type=product&#038;p=11287"},"modified":"2026-02-01T10:34:11","modified_gmt":"2026-02-01T09:34:11","slug":"lcd-kijelzo-asus-rog-strix-g15-g513ic-hf005-156-fhd-300hz-ips-matt-40-tus","status":"publish","type":"product","link":"https:\/\/boreait.com\/hu\/termek\/lcd-kijelzo-asus-rog-strix-g15-g513ic-hf005-156-fhd-300hz-ips-matt-40-tus\/","title":{"rendered":"LCD kijelz\u0151 Asus ROG Strix G15 G513IC-HF005 15,6&#8243; FHD 300Hz IPS matt 40 t\u0171s"},"content":{"rendered":"<p>A rakt\u00e1ron l\u00e9v\u0151 kijelz\u0151 pontos t\u00edpusa: LQ156M1JW30 \/ NE156FHM-NZ3 V8.0 (azonos specifik\u00e1ci\u00f3k \/ teljesen kompatibilis!)<\/p>\n\n\n\n\n<p>Fokozza j\u00e1t\u00e9k\u00e9lm\u00e9ny\u00e9t ezzel a pr\u00e9mium min\u0151s\u00e9g\u0171 <strong data-start=\"753\" data-end=\"815\">LCD-kijelz\u0151vel, amely az Asus ROG Strix G15 G513IC-HF005<\/strong>hez helyettes\u00edti. Ezt a <strong data-start=\"822\" data-end=\"863\">15,6 h\u00fcvelykes Full HD (1920 x 1080) kijelz\u0151t<\/strong> az <strong data-start=\"904\" data-end=\"937\">ultragyors, 300 Hz-es friss\u00edt\u00e9si frekvenci\u00e1j\u00e1val<\/strong> z\u00f6kken\u0151mentes megjelen\u00edt\u00e9sre tervezt\u00e9k, biztos\u00edtva a z\u00f6kken\u0151mentes j\u00e1t\u00e9kmenetet.<\/p>\n\n\n\n<p>Az <strong data-start=\"999\" data-end=\"1017\">IPS technol\u00f3gi\u00e1val<\/strong> rendelkez\u0151 panel \u00e9l\u00e9nk sz\u00edneket, sz\u00e9les betekint\u00e9si sz\u00f6geket \u00e9s kiv\u00e1l\u00f3 kontrasztot biztos\u00edt a mag\u00e1val ragad\u00f3 \u00e9lm\u00e9ny \u00e9rdek\u00e9ben. A <strong data-start=\"1131\" data-end=\"1147\">matt fel\u00fclet<\/strong> cs\u00f6kkenti a t\u00fckr\u00f6z\u0151d\u00e9st, \u00edgy ide\u00e1lis j\u00e1t\u00e9khoz k\u00fcl\u00f6nf\u00e9le f\u00e9nyviszonyok mellett.<\/p>\n\n\n\n<p>Ez a k\u00e9perny\u0151 egy <strong data-start=\"1250\" data-end=\"1298\">40 t\u0171s keskeny csatlakoz\u00f3val (0,83&#8243; \/ 21 mm sz\u00e9les)<\/strong> tal\u00e1lhat\u00f3 a pontos illeszked\u00e9s \u00e9rdek\u00e9ben. Ez egy <strong data-start=\"1326\" -touch4,=\"\" \u00e9s=\"\" nem=\"\" tartalmazza=\"\" az=\"\" adatokat7\"=\"\">n=&#8221;on<\/strong>to-end&#8221; konzolok, de az egyszer\u0171 telep\u00edt\u00e9s \u00e9rdek\u00e9ben <strong data-start=\"1393\" data-end=\"1417\">\u00f6ntapad\u00f3 cs\u00edkokkal<\/strong> sz\u00e1ll\u00edtjuk.<\/p>\n\n\n\n<h3 class=\"wp-block-heading\"><strong data-start=\"1448\" data-end=\"1465\">F\u0151bb jellemz\u0151k:<\/strong><\/h3>\n\n\n\n<ul class=\"wp-block-list\">\n<li><strong data-start=\"1470\" data-end=\"1486\">K\u00e9perny\u0151m\u00e9ret:<\/strong> 15,6 h\u00fcvelyk<\/li>\n\n\n\n<li><strong data-start=\"1503\" data-end=\"1518\">Felbont\u00e1s:<\/strong> Full HD (1920&#215;1080)<\/li>\n\n\n\n<li><strong data-start=\"1543\" data-end=\"1560\">Friss\u00edt\u00e9si gyakoris\u00e1g:<\/strong> 300 Hz a rendk\u00edv\u00fcl sima k\u00e9pek\u00e9rt<\/li>\n\n\n\n<li><strong data-start=\"1596\" data-end=\"1611\">Panel t\u00edpusa:<\/strong> IPS \u2013 gazdag sz\u00ednek \u00e9s sz\u00e9les betekint\u00e9si sz\u00f6gek<\/li>\n\n\n\n<li><strong data-start=\"1658\" data-end=\"1669\">Befejez\u00e9s:<\/strong> Matt (csillant\u00e1sg\u00e1tl\u00f3)<\/li>\n\n\n\n<li><strong data-start=\"1693\" data-end=\"1707\">Csatlakoz\u00f3:<\/strong> 40 t\u0171s keskeny, 0,83&#8243; (21 mm sz\u00e9les)<\/li>\n\n\n\n<li><strong data-start=\"1746\" data-end=\"1762\">\u00c9rint\u0151k\u00e9perny\u0151:<\/strong> Nem<\/li>\n\n\n\n<li><strong data-start=\"1770\" data-end=\"1783\">Konzolok:<\/strong> Nem tartoz\u00e9k (\u00f6ntapad\u00f3 cs\u00edkok mell\u00e9kelve)<\/li>\n\n\n\n<li><strong data-start=\"1833\" data-end=\"1847\">\u00c1llapot:<\/strong> Vadonat\u00faj<\/li>\n<\/ul>\n\n\n\n<p>Ez a <strong data-start=\"1866\" data-end=\"1905\">nagy teljes\u00edtm\u00e9ny\u0171 k\u00e9perny\u0151csere<\/strong> t\u00f6k\u00e9letes azoknak a j\u00e1t\u00e9kosoknak \u00e9s szakembereknek, akik Strix3 GHF5-\u00f6s GHF50-re vagy megb\u00edzhat\u00f3 cser\u00e9re v\u00e1gynak Strix3 GHF5-\u00f6s GHF50-re. laptop.<\/p>\n","protected":false},"excerpt":{"rendered":"<p>Friss\u00edtse Asus ROG Strix G15 G513IC-HF005 k\u00e9sz\u00fcl\u00e9k\u00e9t ezzel a nagy teljes\u00edtm\u00e9ny\u0171, 15,6&#8243; Full HD (1920&#215;1080) LCD-k\u00e9perny\u0151vel. Vill\u00e1mgyors, 300 Hz-es friss\u00edt\u00e9si gyakoris\u00e1ggal, IPS technol\u00f3gi\u00e1val az \u00e9l\u00e9nk sz\u00ednek\u00e9rt \u00e9s matt fel\u00fclettel a t\u00fckr\u00f6z\u0151d\u00e9s cs\u00f6kkent\u00e9s\u00e9\u00e9rt. sz\u00e9less\u00e9g), z\u00f6kken\u0151mentes kompatibilit\u00e1st biztos\u00edt. \u00c9rint\u00e9smentes, konzolok n\u00e9lk\u00fcl, \u00e9s \u00f6ntapad\u00f3 cs\u00edkokat tartalmaz az egyszer\u0171 telep\u00edt\u00e9s \u00e9rdek\u00e9ben. T\u00f6k\u00e9letes helyettes\u00edt\u0151 az \u00e9les, sima j\u00e1t\u00e9k\u00e9lm\u00e9nyhez.<\/p>\n","protected":false},"featured_media":11336,"template":"","meta":[],"product_brand":[],"product_cat":[81,71],"product_tag":[],"class_list":{"0":"post-11287","1":"product","2":"type-product","3":"status-publish","4":"has-post-thumbnail","6":"product_cat-15-6-new-laptop-screens-lcd-panels","7":"product_cat-new-laptop-screens-lcd-panels","9":"first","10":"instock","11":"taxable","12":"shipping-taxable","13":"purchasable","14":"product-type-simple"},"_links":{"self":[{"href":"https:\/\/boreait.com\/hu\/wp-json\/wp\/v2\/product\/11287","targetHints":{"allow":["GET"]}}],"collection":[{"href":"https:\/\/boreait.com\/hu\/wp-json\/wp\/v2\/product"}],"about":[{"href":"https:\/\/boreait.com\/hu\/wp-json\/wp\/v2\/types\/product"}],"wp:featuredmedia":[{"embeddable":true,"href":"https:\/\/boreait.com\/hu\/wp-json\/wp\/v2\/media\/11336"}],"wp:attachment":[{"href":"https:\/\/boreait.com\/hu\/wp-json\/wp\/v2\/media?parent=11287"}],"wp:term":[{"taxonomy":"product_brand","embeddable":true,"href":"https:\/\/boreait.com\/hu\/wp-json\/wp\/v2\/product_brand?post=11287"},{"taxonomy":"product_cat","embeddable":true,"href":"https:\/\/boreait.com\/hu\/wp-json\/wp\/v2\/product_cat?post=11287"},{"taxonomy":"product_tag","embeddable":true,"href":"https:\/\/boreait.com\/hu\/wp-json\/wp\/v2\/product_tag?post=11287"}],"curies":[{"name":"wp","href":"https:\/\/api.w.org\/{rel}","templated":true}]}}