{"id":11286,"date":"2025-09-17T13:16:42","date_gmt":"2025-09-17T11:16:42","guid":{"rendered":"https:\/\/boreait.com\/hu\/?post_type=product&#038;p=11286"},"modified":"2026-02-01T10:34:19","modified_gmt":"2026-02-01T09:34:19","slug":"lq156m1jw25-156-fhd-300-hz-ips-matt-lcd-kepernyo-40-tus-keskeny-erintesmentes","status":"publish","type":"product","link":"https:\/\/boreait.com\/hu\/termek\/lq156m1jw25-156-fhd-300-hz-ips-matt-lcd-kepernyo-40-tus-keskeny-erintesmentes\/","title":{"rendered":"LQ156M1JW25 15,6&#8243; FHD 300 Hz IPS matt LCD k\u00e9perny\u0151 40 t\u0171s keskeny, \u00e9rint\u00e9smentes"},"content":{"rendered":"<p>A rakt\u00e1ron l\u00e9v\u0151 kijelz\u0151 pontos t\u00edpusa: LQ156M1JW30 \/ NE156FHM-NZ3 V8.0 (azonos specifik\u00e1ci\u00f3k \/ teljesen kompatibilis!)<\/p>\n\n\n\n\n<p>Fokozza laptopja vizu\u00e1lis \u00e9lm\u00e9ny\u00e9t az <strong data-start=\"631\" data-end=\"646\">LQ156M1JW25<\/strong>-el, a <strong data-start=\"650\" data-end=\"698\">15,6 h\u00fcvelykes, I. felbont\u00e1s\u00fa LCD 10\/strong&gt; Full x HD 1 k\u00e9perny\u0151h\u00f6z (10<\/strong>) rendk\u00edv\u00fcl sima teljes\u00edtm\u00e9ny a <strong data-start=\"746\" data-end=\"768\">300 Hz-es friss\u00edt\u00e9si gyakoris\u00e1ggal<\/strong>. A <strong data-start=\"774\" data-end=\"802\">matt, t\u00fckr\u00f6z\u0151d\u00e9smentes fel\u00fclet<\/strong> minim\u00e1lisra cs\u00f6kkenti a t\u00fckr\u00f6z\u0151d\u00e9st a k\u00e9nyelmes megtekint\u00e9s \u00e9rdek\u00e9ben, m\u00edg a <strong data-start=\"860\" data-end=\"908\" data-is-only-node=\"\">keskeny 40 t\u0171s csatlakoz\u00f3 (0,83&#8243; \/ 21 mm sz\u00e9less\u00e9g\u0171 laptopokkal val\u00f3 kompatibilit\u00e1st<\/strong> biztos\u00edt).<\/p>\n\n\n\n<p>Ez a <strong data-start=\"967\" data-end=\"986\">nem \u00e9rint\u0151k\u00e9perny\u0151s panel<\/strong> <strong data-start=\"993\" data-end=\"1022\">r\u00f6gz\u00edt\u0151 tart\u00f3elemek n\u00e9lk\u00fcl<\/strong> \u00e9rkezik, de tartalmazza a <strong data-start=\"967\" data-end=\"986\">data-10&#8243;&gt;self13&#8243;adstart=&#8221;13&#8243; szalag<\/strong>ok a biztons\u00e1gos \u00e9s probl\u00e9mamentes telep\u00edt\u00e9s \u00e9rdek\u00e9ben. Ak\u00e1r egy s\u00e9r\u00fclt k\u00e9perny\u0151t cser\u00e9l, ak\u00e1r a jobb j\u00e1t\u00e9k- \u00e9s vizu\u00e1lis \u00e9lm\u00e9ny \u00e9rdek\u00e9ben friss\u00edt, ez a vadonat\u00faj panel <strong data-start=\"1232\" data-end=\"1283\">\u00e9l\u00e9nk sz\u00edneket, \u00e9les r\u00e9szleteket \u00e9s g\u00f6rd\u00fcl\u00e9keny mozg\u00e1st<\/strong> k\u00edn\u00e1l professzion\u00e1lis \u00e9s j\u00e1t\u00e9khaszn\u00e1lathoz.<\/p>\n\n\n\n<p><strong data-start=\"1320\" data-end=\"1339\">M\u0171szaki adatok:<\/strong><\/p>\n\n\n\n<ul class=\"wp-block-list\">\n<li><strong data-start=\"1344\" data-end=\"1360\">K\u00e9perny\u0151m\u00e9ret:<\/strong> 15,6 h\u00fcvelyk<\/li>\n\n\n\n<li><strong data-start=\"1377\" data-end=\"1392\">Felbont\u00e1s:<\/strong> Full HD (1920&#215;1080)<\/li>\n\n\n\n<li><strong data-start=\"1417\" data-end=\"1432\">Panel t\u00edpusa:<\/strong> IPS<\/li>\n\n\n\n<li><strong data-start=\"1441\" data-end=\"1458\">Friss\u00edt\u00e9si gyakoris\u00e1g:<\/strong> 300 Hz<\/li>\n\n\n\n<li><strong data-start=\"1469\" data-end=\"1480\">Befejez\u00e9s:<\/strong> Matt, t\u00fckr\u00f6z\u0151d\u00e9smentes<\/li>\n\n\n\n<li><strong data-start=\"1503\" data-end=\"1517\">Csatlakoz\u00f3:<\/strong> Keskeny, 40 t\u0171s (0,83&#8243; \/ 21 mm sz\u00e9less\u00e9g)<\/li>\n\n\n\n<li><strong data-start=\"1557\" data-end=\"1575\">\u00c9rintse meg a t\u00e1mogat\u00e1st:<\/strong> Nem<\/li>\n\n\n\n<li><strong data-start=\"1583\" data-end=\"1596\">Konzolok:<\/strong> Nem tartoz\u00e9k (\u00f6ntapad\u00f3 cs\u00edkok mell\u00e9kelve)<\/li>\n\n\n\n<li><strong data-start=\"1646\" data-end=\"1660\">\u00c1llapot:<\/strong> Vadonat\u00faj<\/li>\n<\/ul>\n\n\n\n<p>Friss\u00edtse kijelz\u0151j\u00e9t m\u00e9g ma a kiv\u00e9teles megtekint\u00e9si \u00e9lm\u00e9ny \u00e9rdek\u00e9ben!<\/p>\n","protected":false},"excerpt":{"rendered":"<p>Friss\u00edtse laptopja kijelz\u0151j\u00e9t az <strong data-start=\"176\" data-end=\"191\">LQ156M1JW25<\/strong>-el, egy nagy teljes\u00edtm\u00e9ny\u0171 <strong data-start=\"212\" data-end=\"252\">15,6&#8243; FHD (1920&#215;1080) IPS LCD k\u00e9perny\u0151vel<\/strong>, amely egy <strong data-start=\"176\" data-end=\"191\">LQ156M1JW25<\/strong> \u00e9s egy ultra-9 adatot tartalmaz. adatok width)<\/strong> \u00e9s <strong data-start=\"441\" data-end=\"461\">z\u00e1r\u00f3jelek n\u00e9lk\u00fcl<\/strong> \u00e9rkezik, de az egyszer\u0171 telep\u00edt\u00e9s \u00e9rdek\u00e9ben <strong data-start=\"475\" data-end=\"499\">\u00f6ntapad\u00f3 cs\u00edkokat<\/strong> tartalmaz. <strong data-start=\"523\" data-end=\"554\">Vajon \u00faj, nem \u00e9rint\u0151k\u00e9perny\u0151s panel.<\/strong><\/p>\n","protected":false},"featured_media":11336,"template":"","meta":[],"product_brand":[],"product_cat":[81,71],"product_tag":[],"class_list":{"0":"post-11286","1":"product","2":"type-product","3":"status-publish","4":"has-post-thumbnail","6":"product_cat-15-6-new-laptop-screens-lcd-panels","7":"product_cat-new-laptop-screens-lcd-panels","9":"first","10":"instock","11":"taxable","12":"shipping-taxable","13":"purchasable","14":"product-type-simple"},"_links":{"self":[{"href":"https:\/\/boreait.com\/hu\/wp-json\/wp\/v2\/product\/11286","targetHints":{"allow":["GET"]}}],"collection":[{"href":"https:\/\/boreait.com\/hu\/wp-json\/wp\/v2\/product"}],"about":[{"href":"https:\/\/boreait.com\/hu\/wp-json\/wp\/v2\/types\/product"}],"wp:featuredmedia":[{"embeddable":true,"href":"https:\/\/boreait.com\/hu\/wp-json\/wp\/v2\/media\/11336"}],"wp:attachment":[{"href":"https:\/\/boreait.com\/hu\/wp-json\/wp\/v2\/media?parent=11286"}],"wp:term":[{"taxonomy":"product_brand","embeddable":true,"href":"https:\/\/boreait.com\/hu\/wp-json\/wp\/v2\/product_brand?post=11286"},{"taxonomy":"product_cat","embeddable":true,"href":"https:\/\/boreait.com\/hu\/wp-json\/wp\/v2\/product_cat?post=11286"},{"taxonomy":"product_tag","embeddable":true,"href":"https:\/\/boreait.com\/hu\/wp-json\/wp\/v2\/product_tag?post=11286"}],"curies":[{"name":"wp","href":"https:\/\/api.w.org\/{rel}","templated":true}]}}