{"id":11285,"date":"2025-09-17T13:16:41","date_gmt":"2025-09-17T11:16:41","guid":{"rendered":"https:\/\/boreait.com\/hu\/?post_type=product&#038;p=11285"},"modified":"2026-02-01T10:33:59","modified_gmt":"2026-02-01T09:33:59","slug":"lq156m1jw30-156-fhd-300-hz-ips-matt-lcd-kepernyo-40-tus-keskeny-erintesmentes","status":"publish","type":"product","link":"https:\/\/boreait.com\/hu\/termek\/lq156m1jw30-156-fhd-300-hz-ips-matt-lcd-kepernyo-40-tus-keskeny-erintesmentes\/","title":{"rendered":"LQ156M1JW30 15,6&#8243; FHD 300 Hz IPS matt LCD k\u00e9perny\u0151 40 t\u0171s keskeny, \u00e9rint\u00e9smentes"},"content":{"rendered":"<p>A rakt\u00e1ron l\u00e9v\u0151 kijelz\u0151 pontos t\u00edpusa: LQ156M1JW30 \/ NE156FHM-NZ3 V8.0 (azonos specifik\u00e1ci\u00f3k \/ teljesen kompatibilis!)<\/p>\n\n\n\n\n<p>Friss\u00edtse laptopja kijelz\u0151j\u00e9t a <strong data-start=\"385\" data-end=\"400\">LQ156M1JW30<\/strong> 15,6&#8243; Full HD LCD-k\u00e9perny\u0151vel, amely egyenletes teljes\u00edtm\u00e9nyt \u00e9s \u00e9l\u00e9nk l\u00e1tv\u00e1nyt ny\u00fajt. sebess\u00e9g, <strong data-start=\"516\" data-end=\"534\">IPS technol\u00f3gia<\/strong> \u00e9s <strong data-start=\"542\" data-end=\"558\">matt fel\u00fclet<\/strong>: ez a k\u00e9perny\u0151 ultrafoly\u00e9kony mozg\u00e1st, sz\u00e9les betekint\u00e9si sz\u00f6geket \u00e9s cs\u00f6kkentett t\u00fckr\u00f6z\u0151d\u00e9st biztos\u00edt a mag\u00e1val ragad\u00f3 \u00e9lm\u00e9ny \u00e9rdek\u00e9ben.<\/p>\n\n\n\n<p>r\u00f6gz\u00edt\u0151konzolok n\u00e9lk\u00fcl, de tartalmaz <strong data-start=\"852\" data-end=\"876\">\u00f6ntapad\u00f3 cs\u00edkokat<\/strong> a biztons\u00e1gos telep\u00edt\u00e9s \u00e9rdek\u00e9ben.<\/p>\n\n\n\n<p><strong data-start=\"905\" data-end=\"924\">M\u0171szaki adatok:<\/strong><\/p>\n\n\n\n<ul class=\"wp-block-list\">\n<li><strong data-start=\"929\" data-end=\"938\">M\u00e9ret:<\/strong> 15,6 h\u00fcvelyk<\/li>\n\n\n\n<li><strong data-start=\"955\" data-end=\"970\">Felbont\u00e1s:<\/strong> Full HD (1920&#215;1080)<\/li>\n\n\n\n<li><strong data-start=\"995\" data-end=\"1012\">Friss\u00edt\u00e9si gyakoris\u00e1g:<\/strong> 300 Hz<\/li>\n\n\n\n<li><strong data-start=\"1023\" data-end=\"1038\">Panel t\u00edpusa:<\/strong> IPS<\/li>\n\n\n\n<li><strong data-start=\"1047\" data-end=\"1058\">Befejez\u00e9s:<\/strong> Matt (csillant\u00e1sg\u00e1tl\u00f3)<\/li>\n\n\n\n<li><strong data-start=\"1082\" data-end=\"1096\">Csatlakoz\u00f3:<\/strong> 40 t\u0171s keskeny (0,83&#8243; \/ 21 mm)<\/li>\n\n\n\n<li><strong data-start=\"1130\" data-end=\"1146\">\u00c9rint\u0151k\u00e9perny\u0151:<\/strong> Nem<\/li>\n\n\n\n<li><strong data-start=\"1154\" data-end=\"1167\">Z\u00e1r\u00f3jelek:<\/strong> Nem tartalmazza<\/li>\n\n\n\n<li><strong data-start=\"1185\" data-end=\"1198\">R\u00f6gz\u00edt\u00e9s:<\/strong> \u00d6ntapad\u00f3 cs\u00edkok mell\u00e9kelve<\/li>\n\n\n\n<li><strong data-start=\"1233\" data-end=\"1247\">\u00c1llapot:<\/strong> Vadonat\u00faj<\/li>\n<\/ul>\n\n\n\n<p>V\u00e1s\u00e1rl\u00e1s el\u0151tt gy\u0151z\u0151dj\u00f6n meg a kompatibilit\u00e1sr\u00f3l a laptop modellj\u00e9vel. Ide\u00e1lis j\u00e1t\u00e9kosok \u00e9s szakemberek sz\u00e1m\u00e1ra, akik nagy teljes\u00edtm\u00e9ny\u0171 kijelz\u0151friss\u00edt\u00e9st keresnek!<\/p>\n","protected":false},"excerpt":{"rendered":"<p>Vadonat\u00faj LQ156M1JW30 15,6&#8243; FHD 300 Hz IPS matt LCD-k\u00e9perny\u0151 40 t\u0171s keskeny csatlakoz\u00f3val (0,83&#8243; \/ 21 mm). \u00c9rint\u00e9smentes, konzolok n\u00e9lk\u00fcl, \u00e9s \u00f6ntapad\u00f3 cs\u00edkokat tartalmaz.<\/p>\n","protected":false},"featured_media":11336,"template":"","meta":[],"product_brand":[],"product_cat":[81,71],"product_tag":[],"class_list":{"0":"post-11285","1":"product","2":"type-product","3":"status-publish","4":"has-post-thumbnail","6":"product_cat-15-6-new-laptop-screens-lcd-panels","7":"product_cat-new-laptop-screens-lcd-panels","9":"first","10":"instock","11":"taxable","12":"shipping-taxable","13":"purchasable","14":"product-type-simple"},"_links":{"self":[{"href":"https:\/\/boreait.com\/hu\/wp-json\/wp\/v2\/product\/11285","targetHints":{"allow":["GET"]}}],"collection":[{"href":"https:\/\/boreait.com\/hu\/wp-json\/wp\/v2\/product"}],"about":[{"href":"https:\/\/boreait.com\/hu\/wp-json\/wp\/v2\/types\/product"}],"wp:featuredmedia":[{"embeddable":true,"href":"https:\/\/boreait.com\/hu\/wp-json\/wp\/v2\/media\/11336"}],"wp:attachment":[{"href":"https:\/\/boreait.com\/hu\/wp-json\/wp\/v2\/media?parent=11285"}],"wp:term":[{"taxonomy":"product_brand","embeddable":true,"href":"https:\/\/boreait.com\/hu\/wp-json\/wp\/v2\/product_brand?post=11285"},{"taxonomy":"product_cat","embeddable":true,"href":"https:\/\/boreait.com\/hu\/wp-json\/wp\/v2\/product_cat?post=11285"},{"taxonomy":"product_tag","embeddable":true,"href":"https:\/\/boreait.com\/hu\/wp-json\/wp\/v2\/product_tag?post=11285"}],"curies":[{"name":"wp","href":"https:\/\/api.w.org\/{rel}","templated":true}]}}