{"id":11284,"date":"2025-09-17T13:16:41","date_gmt":"2025-09-17T11:16:41","guid":{"rendered":"https:\/\/boreait.com\/hu\/?post_type=product&#038;p=11284"},"modified":"2025-09-17T13:17:56","modified_gmt":"2025-09-17T11:17:56","slug":"lcd-kepernyo-asus-rog-zephyrus-ga503rm-156-qhd-165hz-ips-matt-40-tushoz","status":"publish","type":"product","link":"https:\/\/boreait.com\/hu\/termek\/lcd-kepernyo-asus-rog-zephyrus-ga503rm-156-qhd-165hz-ips-matt-40-tushoz\/","title":{"rendered":"LCD k\u00e9perny\u0151 ASUS ROG Zephyrus GA503RM 15,6&#8243; QHD 165Hz IPS matt 40 t\u0171sh\u00f6z"},"content":{"rendered":"<p><strong>T\u00e9nyleges LCD-k\u00e9perny\u0151s modell: NE156QHM-NY1 v8.2 \u2013 TELJESEN KOMPATIBILIS AZ ASUS ROG ZEPHYRUS GA503RM-HQ111WS LAPTOP K\u00c9PERNY\u0150VEL<\/strong><\/p>\n<p data-start=\"427\" data-end=\"822\">Friss\u00edtse ASUS ROG Zephyrus GA503RM laptopj\u00e1t ezzel a vadonat\u00faj 15,6&#8243;-es QHD LCD-k\u00e9perny\u0151vel, amely leny\u0171g\u00f6z\u0151, 2560&#215;1440-es felbont\u00e1st k\u00edn\u00e1l a krist\u00e1lytiszta k\u00e9p\u00e9rt. 165 Hz-es technol\u00f3gi\u00e1val, z\u00f6kken\u0151mentes j\u00e1t\u00e9k\u00e9lm\u00e9nnyel, professzion\u00e1lis j\u00e1t\u00e9k\u00e9lm\u00e9nnyel \u00e9s IPS-sel. A matt fel\u00fclet minim\u00e1lisra cs\u00f6kkenti a t\u00fckr\u00f6z\u0151d\u00e9st, \u00edgy ide\u00e1lis hosszabb ideig tart\u00f3 haszn\u00e1latra k\u00fcl\u00f6nf\u00e9le f\u00e9nyviszonyok mellett.<\/p>\n<p data-start=\"824\" data-end=\"1120\">Ez a k\u00e9perny\u0151 40 t\u0171s csatlakoz\u00f3val rendelkezik, \u00e9rint\u00e9smentes, \u00e9s nem tartalmaz z\u00e1r\u00f3jeleket. \u00d6ntapad\u00f3 cs\u00edkok a probl\u00e9mamentes telep\u00edt\u00e9s \u00e9rdek\u00e9ben. Ak\u00e1r egy s\u00e9r\u00fclt k\u00e9perny\u0151t cser\u00e9l, ak\u00e1r a jobb megjelen\u00edt\u00e9si \u00e9lm\u00e9ny \u00e9rdek\u00e9ben friss\u00edt, ez a kiv\u00e1l\u00f3 min\u0151s\u00e9g\u0171 panel kiv\u00e1l\u00f3 teljes\u00edtm\u00e9nyt \u00e9s tart\u00f3ss\u00e1got biztos\u00edt.<\/p>\n<p data-start=\"1122\" data-end=\"1143\"><strong data-start=\"1122\" data-end=\"1141\">M\u0171szaki adatok:<\/strong><\/p>\n<ul data-start=\"1144\" data-end=\"1455\">\n<li data-start=\"1144\" data-end=\"1176\"><strong data-start=\"1146\" data-end=\"1162\">K\u00e9perny\u0151m\u00e9ret:<\/strong> 15,6 h\u00fcvelyk<\/li>\n<li data-start=\"1177\" data-end=\"1212\"><strong data-start=\"1179\" data-end=\"1194\">Felbont\u00e1s:<\/strong> QHD (2560&#215;1440)<\/li>\n<li data-start=\"1213\" data-end=\"1240\"><strong data-start=\"1215\" data-end=\"1232\">Friss\u00edt\u00e9si gyakoris\u00e1g:<\/strong> 165 Hz<\/li>\n<li data-start=\"1241\" data-end=\"1264\"><strong data-start=\"1243\" data-end=\"1258\">Panel t\u00edpusa:<\/strong> IPS<\/li>\n<li data-start=\"1265\" data-end=\"1299\"><strong data-start=\"1267\" data-end=\"1278\">Befejez\u00e9s:<\/strong> Matt (csillant\u00e1sg\u00e1tl\u00f3)<\/li>\n<li data-start=\"1300\" data-end=\"1323\"><strong data-start=\"1302\" data-end=\"1318\">\u00c9rint\u0151k\u00e9perny\u0151:<\/strong> Nem<\/li>\n<li data-start=\"1324\" data-end=\"1349\"><strong data-start=\"1326\" data-end=\"1340\">Csatlakoz\u00f3:<\/strong> 40 t\u0171s<\/li>\n<li data-start=\"1350\" data-end=\"1380\"><strong data-start=\"1352\" data-end=\"1365\">Z\u00e1r\u00f3jelek:<\/strong> Nem tartalmazza<\/li>\n<li data-start=\"1381\" data-end=\"1432\"><strong data-start=\"1383\" data-end=\"1400\">Telep\u00edt\u00e9s:<\/strong> \u00d6ntapad\u00f3 cs\u00edkok mell\u00e9kelve<\/li>\n<li data-start=\"1433\" data-end=\"1455\"><strong data-start=\"1435\" data-end=\"1449\">\u00c1llapot:<\/strong> \u00daj<\/li>\n<\/ul>\n<p data-start=\"1457\" data-end=\"1549\" data-is-last-node=\"\" data-is-only-node=\"\">T\u00f6k\u00e9letes azoknak a j\u00e1t\u00e9kosoknak, tervez\u0151knek \u00e9s szakembereknek, akik j\u00f3 min\u0151s\u00e9g\u0171 kijelz\u0151friss\u00edt\u00e9st keresnek.<\/p>\n","protected":false},"excerpt":{"rendered":"<p>Vadonat\u00faj 15,6&#8243;-os QHD (2560&#215;1440) LCD-k\u00e9perny\u0151 ASUS ROG Zephyrus GA503RM-hez. 165 Hz-es friss\u00edt\u00e9si gyakoris\u00e1ggal, IPS panellel az \u00e9l\u00e9nk sz\u00ednek\u00e9rt \u00e9s matt fel\u00fclettel a t\u00fckr\u00f6z\u0151d\u00e9s cs\u00f6kkent\u00e9s\u00e9\u00e9rt. 40 t\u0171s csatlakoz\u00f3, \u00e9rint\u00e9smentes, konzolok n\u00e9lk\u00fcl. \u00d6ntapad\u00f3 cs\u00edkok mell\u00e9kelve az egyszer\u0171 telep\u00edt\u00e9shez.<\/p>\n","protected":false},"featured_media":11335,"template":"","meta":[],"product_brand":[],"product_cat":[81,71],"product_tag":[],"class_list":{"0":"post-11284","1":"product","2":"type-product","3":"status-publish","4":"has-post-thumbnail","6":"product_cat-15-6-new-laptop-screens-lcd-panels","7":"product_cat-new-laptop-screens-lcd-panels","9":"first","10":"instock","11":"taxable","12":"shipping-taxable","13":"purchasable","14":"product-type-simple"},"_links":{"self":[{"href":"https:\/\/boreait.com\/hu\/wp-json\/wp\/v2\/product\/11284","targetHints":{"allow":["GET"]}}],"collection":[{"href":"https:\/\/boreait.com\/hu\/wp-json\/wp\/v2\/product"}],"about":[{"href":"https:\/\/boreait.com\/hu\/wp-json\/wp\/v2\/types\/product"}],"wp:featuredmedia":[{"embeddable":true,"href":"https:\/\/boreait.com\/hu\/wp-json\/wp\/v2\/media\/11335"}],"wp:attachment":[{"href":"https:\/\/boreait.com\/hu\/wp-json\/wp\/v2\/media?parent=11284"}],"wp:term":[{"taxonomy":"product_brand","embeddable":true,"href":"https:\/\/boreait.com\/hu\/wp-json\/wp\/v2\/product_brand?post=11284"},{"taxonomy":"product_cat","embeddable":true,"href":"https:\/\/boreait.com\/hu\/wp-json\/wp\/v2\/product_cat?post=11284"},{"taxonomy":"product_tag","embeddable":true,"href":"https:\/\/boreait.com\/hu\/wp-json\/wp\/v2\/product_tag?post=11284"}],"curies":[{"name":"wp","href":"https:\/\/api.w.org\/{rel}","templated":true}]}}