{"id":11283,"date":"2025-09-17T13:16:41","date_gmt":"2025-09-17T11:16:41","guid":{"rendered":"https:\/\/boreait.com\/hu\/?post_type=product&#038;p=11283"},"modified":"2025-09-17T13:17:56","modified_gmt":"2025-09-17T11:17:56","slug":"lcd-kepernyo-asus-rog-strix-scar-15-g533qs-15-6-qhd-165hz-ips-matt-uj","status":"publish","type":"product","link":"https:\/\/boreait.com\/hu\/termek\/lcd-kepernyo-asus-rog-strix-scar-15-g533qs-15-6-qhd-165hz-ips-matt-uj\/","title":{"rendered":"LCD k\u00e9perny\u0151 Asus ROG Strix Scar 15 G533QS 15.6&#8243; QHD 165Hz IPS matt \u00faj"},"content":{"rendered":"<p><strong>T\u00e9nyleges LCD-k\u00e9perny\u0151s modell: NE156QHM-NY1 v8.2 \u2013 TELJESEN KOMPATIBILIS A LAPTOP K\u00c9PERNY\u0150VEL Asus ROG Strix Scar 15 G533QS<\/strong><\/p>\n<p data-start=\"342\" data-end=\"671\">Friss\u00edtse Asus ROG Strix Scar 15 G533QS k\u00e9sz\u00fcl\u00e9k\u00e9t ezzel a kiv\u00e1l\u00f3 min\u0151s\u00e9g\u0171 csereLCD-k\u00e9perny\u0151vel. A <strong data-start=\"468\" data-end=\"508\">15,6 h\u00fcvelykes QHD (2560&#215;1440) felbont\u00e1s\u00fa<\/strong> kijelz\u0151 \u00e9les l\u00e1tv\u00e1nyt \u00e9s \u00e9l\u00e9nk sz\u00edneket biztos\u00edt. A <strong data-start=\"570\" data-end=\"592\">165 Hz-es friss\u00edt\u00e9si gyakoris\u00e1g<\/strong> rendk\u00edv\u00fcl sima teljes\u00edtm\u00e9nyt biztos\u00edt, amely t\u00f6k\u00e9letes j\u00e1t\u00e9khoz \u00e9s professzion\u00e1lis feladatokhoz.<\/p>\n<p data-start=\"673\" data-end=\"1010\">Ez a <strong data-start=\"690\" data-end=\"709\">IPS matt panellel<\/strong> tervezett k\u00e9perny\u0151 cs\u00f6kkenti a t\u00fckr\u00f6z\u0151d\u00e9st, mik\u00f6zben sz\u00e9les l\u00e1t\u00f3sz\u00f6get biztos\u00edt a mag\u00e1val ragad\u00f3 \u00e9lm\u00e9ny \u00e9rdek\u00e9ben. A z\u00f6kken\u0151mentes kompatibilit\u00e1s \u00e9rdek\u00e9ben <strong data-start=\"818\" data-end=\"838\">40 t\u0171s csatlakoz\u00f3val<\/strong> tal\u00e1lhat\u00f3. Ez egy <strong data-start=\"877\" data-end=\"898\">nem \u00e9rint\u0151k\u00e9perny\u0151<\/strong>, \u00e9s nem tartalmaz r\u00f6gz\u00edt\u0151kereteket. Az egyszer\u0171 telep\u00edt\u00e9s \u00e9rdek\u00e9ben azonban <strong data-start=\"948\" data-end=\"985\">\u00f6ntapad\u00f3 cs\u00edkok tal\u00e1lhat\u00f3k a csomagban<\/strong>.<\/p>\n<p data-start=\"1012\" data-end=\"1126\" data-is-last-node=\"\" data-is-only-node=\"\">\u00c1llapot: <strong data-start=\"1023\" data-end=\"1036\"> Vadonat\u00faj<\/strong><br data-start=\"1036\" data-end=\"1039\" \/>T\u00f6k\u00e9letes a reproduk\u00e1l\u00f3 k\u00e9perny\u0151 ROG Strix Scar 15 G533QS.<\/p>\n","protected":false},"excerpt":{"rendered":"<p>Vadonat\u00faj LCD k\u00e9perny\u0151 Asus ROG Strix Scar 15 G533QS k\u00e9sz\u00fcl\u00e9khez. 15,6&#8243; QHD (2560&#215;1440), 165 Hz-es friss\u00edt\u00e9si gyakoris\u00e1g, IPS matt panel, 40 t\u0171s csatlakoz\u00f3. Nem \u00e9rint. \u00d6ntapad\u00f3 cs\u00edkok mell\u00e9kelve az egyszer\u0171 telep\u00edt\u00e9s \u00e9rdek\u00e9ben.<\/p>\n","protected":false},"featured_media":11335,"template":"","meta":[],"product_brand":[],"product_cat":[81,71],"product_tag":[],"class_list":{"0":"post-11283","1":"product","2":"type-product","3":"status-publish","4":"has-post-thumbnail","6":"product_cat-15-6-new-laptop-screens-lcd-panels","7":"product_cat-new-laptop-screens-lcd-panels","9":"first","10":"instock","11":"taxable","12":"shipping-taxable","13":"purchasable","14":"product-type-simple"},"_links":{"self":[{"href":"https:\/\/boreait.com\/hu\/wp-json\/wp\/v2\/product\/11283","targetHints":{"allow":["GET"]}}],"collection":[{"href":"https:\/\/boreait.com\/hu\/wp-json\/wp\/v2\/product"}],"about":[{"href":"https:\/\/boreait.com\/hu\/wp-json\/wp\/v2\/types\/product"}],"wp:featuredmedia":[{"embeddable":true,"href":"https:\/\/boreait.com\/hu\/wp-json\/wp\/v2\/media\/11335"}],"wp:attachment":[{"href":"https:\/\/boreait.com\/hu\/wp-json\/wp\/v2\/media?parent=11283"}],"wp:term":[{"taxonomy":"product_brand","embeddable":true,"href":"https:\/\/boreait.com\/hu\/wp-json\/wp\/v2\/product_brand?post=11283"},{"taxonomy":"product_cat","embeddable":true,"href":"https:\/\/boreait.com\/hu\/wp-json\/wp\/v2\/product_cat?post=11283"},{"taxonomy":"product_tag","embeddable":true,"href":"https:\/\/boreait.com\/hu\/wp-json\/wp\/v2\/product_tag?post=11283"}],"curies":[{"name":"wp","href":"https:\/\/api.w.org\/{rel}","templated":true}]}}