{"id":11274,"date":"2025-09-17T13:16:10","date_gmt":"2025-09-17T11:16:10","guid":{"rendered":"https:\/\/boreait.com\/hu\/?post_type=product&#038;p=11274"},"modified":"2025-09-17T13:17:56","modified_gmt":"2025-09-17T11:17:56","slug":"156-huvelykes-qhd-165-hz-ips-laptop-lcd-kepernyo-ne156qhm-ny4-ny5-ny2-ny3-40-tus-matt","status":"publish","type":"product","link":"https:\/\/boreait.com\/hu\/termek\/156-huvelykes-qhd-165-hz-ips-laptop-lcd-kepernyo-ne156qhm-ny4-ny5-ny2-ny3-40-tus-matt\/","title":{"rendered":"15,6 h\u00fcvelykes QHD 165 Hz IPS laptop LCD k\u00e9perny\u0151 NE156QHM-NY4 NY5 NY2 NY3 40 t\u0171s matt"},"content":{"rendered":"<p><strong>T\u00e9nyleges LCD-k\u00e9perny\u0151s modell: NE156QHM-NY1 v8.2 \u2013 TELJESEN KOMPATIBILIS A LAPTOP K\u00c9PERNY\u0150VEL NE156QHM-NY4 NE156QHM-NY5 NE156QHM-NY2 NE156QHM-NY3<\/strong><\/p>\n<p data-start=\"456\" data-end=\"898\">Fokozza laptopja megjelen\u00edt\u00e9si teljes\u00edtm\u00e9ny\u00e9t ezzel a kiv\u00e1l\u00f3 min\u0151s\u00e9g\u0171, 15,6 h\u00fcvelykes QHD (2560 x 1440) IPS LCD k\u00e9perny\u0151vel. Az NE156QHM-NY4, NE156QHM-NY5, NE156QHM-NY2 \u00e9s NE156QHM-NY3 modellekkel val\u00f3 z\u00f6kken\u0151mentes kompatibilit\u00e1sra tervezett k\u00e9perny\u0151 leny\u0171g\u00f6z\u0151 165 Hz-es friss\u00edt\u00e9si frekvenci\u00e1t k\u00edn\u00e1l, \u00edgy rendk\u00edv\u00fcl sima mozg\u00e1st biztos\u00edt j\u00e1t\u00e9khoz \u00e9s professzion\u00e1lis haszn\u00e1latra. A matt, \u00e9rint\u00e9smentes fel\u00fclet cs\u00f6kkenti a t\u00fckr\u00f6z\u0151d\u00e9st, \u00edgy k\u00e9nyelmes megtekint\u00e9si \u00e9lm\u00e9nyt biztos\u00edt.<\/p>\n<p data-start=\"900\" data-end=\"1262\">Ez a cserek\u00e9perny\u0151 40 t\u0171s eDP-csatlakoz\u00f3val rendelkezik, fels\u0151 \u00e9s als\u00f3 z\u00e1r\u00f3jel n\u00e9lk\u00fcl. Ehelyett \u00f6ntapad\u00f3 cs\u00edkok tal\u00e1lhat\u00f3k az egyszer\u0171 \u00e9s biztons\u00e1gos telep\u00edt\u00e9s \u00e9rdek\u00e9ben. Ak\u00e1r laptopj\u00e1t fejleszti a jobb teljes\u00edtm\u00e9ny \u00e9rdek\u00e9ben, ak\u00e1r egy s\u00e9r\u00fclt k\u00e9perny\u0151t cser\u00e9l, ez a vadonat\u00faj LCD-panel \u00e9les k\u00e9pet, \u00e9l\u00e9nk sz\u00edneket \u00e9s \u00e9rz\u00e9keny \u00e9lm\u00e9nyt biztos\u00edt.<\/p>\n<p data-start=\"1264\" data-end=\"1285\"><strong data-start=\"1264\" data-end=\"1283\">M\u0171szaki adatok:<\/strong><\/p>\n<ul data-start=\"1286\" data-end=\"1566\">\n<li data-start=\"1286\" data-end=\"1318\"><strong data-start=\"1288\" data-end=\"1304\">K\u00e9perny\u0151m\u00e9ret:<\/strong> 15,6 h\u00fcvelyk<\/li>\n<li data-start=\"1319\" data-end=\"1354\"><strong data-start=\"1321\" data-end=\"1336\">Felbont\u00e1s:<\/strong> QHD 2560 x 1440<\/li>\n<li data-start=\"1355\" data-end=\"1382\"><strong data-start=\"1357\" data-end=\"1374\">Friss\u00edt\u00e9si gyakoris\u00e1g:<\/strong> 165 Hz<\/li>\n<li data-start=\"1383\" data-end=\"1406\"><strong data-start=\"1385\" data-end=\"1400\">Panel t\u00edpusa:<\/strong> IPS<\/li>\n<li data-start=\"1407\" data-end=\"1436\"><strong data-start=\"1409\" data-end=\"1423\">Csatlakoz\u00f3:<\/strong> 40 t\u0171s eDP<\/li>\n<li data-start=\"1437\" data-end=\"1470\"><strong data-start=\"1439\" data-end=\"1451\">Fel\u00fclet:<\/strong> Matt, \u00e9rint\u00e9smentes<\/li>\n<li data-start=\"1471\" data-end=\"1537\"><strong data-start=\"1473\" data-end=\"1486\">R\u00f6gz\u00edt\u00e9s:<\/strong> Konzolok n\u00e9lk\u00fcl (\u00f6ntapad\u00f3 cs\u00edkok mell\u00e9kelve)<\/li>\n<li data-start=\"1538\" data-end=\"1566\"><strong data-start=\"1540\" data-end=\"1554\">\u00c1llapot:<\/strong> Vadonat\u00faj<\/li>\n<\/ul>\n<p data-start=\"1568\" data-end=\"1658\" data-is-last-node=\"\" data-is-only-node=\"\">Friss\u00edtse kijelz\u0151j\u00e9t m\u00e9g ma az \u00e9lesebb, sim\u00e1bb \u00e9s mag\u00e1val ragad\u00f3bb megtekint\u00e9si \u00e9lm\u00e9ny \u00e9rdek\u00e9ben!<\/p>\n","protected":false},"excerpt":{"rendered":"<p>Friss\u00edtse laptopja kijelz\u0151j\u00e9t ezzel a 15,6&#8243;-os QHD (2560&#215;1440) IPS-k\u00e9perny\u0151vel, amely 165 Hz-es friss\u00edt\u00e9si gyakoris\u00e1ggal rendelkezik a rendk\u00edv\u00fcl sima k\u00e9p \u00e9rdek\u00e9ben. Matt, \u00e9rint\u00e9smentes fel\u00fclettel \u00e9s 40 t\u0171s csatlakoz\u00f3val rendelkezik. \u00d6ntapad\u00f3 cs\u00edkok adnak hozz\u00e1 az egyszer\u0171 telep\u00edt\u00e9s \u00e9rdek\u00e9ben. Kompatibilis a k\u00f6vetkez\u0151kkel: NE, 165 Hz, NE 5, 4 NY2 modellek.<\/p>\n","protected":false},"featured_media":11335,"template":"","meta":[],"product_brand":[],"product_cat":[81,71],"product_tag":[],"class_list":{"0":"post-11274","1":"product","2":"type-product","3":"status-publish","4":"has-post-thumbnail","6":"product_cat-15-6-new-laptop-screens-lcd-panels","7":"product_cat-new-laptop-screens-lcd-panels","9":"first","10":"instock","11":"taxable","12":"shipping-taxable","13":"purchasable","14":"product-type-simple"},"_links":{"self":[{"href":"https:\/\/boreait.com\/hu\/wp-json\/wp\/v2\/product\/11274","targetHints":{"allow":["GET"]}}],"collection":[{"href":"https:\/\/boreait.com\/hu\/wp-json\/wp\/v2\/product"}],"about":[{"href":"https:\/\/boreait.com\/hu\/wp-json\/wp\/v2\/types\/product"}],"wp:featuredmedia":[{"embeddable":true,"href":"https:\/\/boreait.com\/hu\/wp-json\/wp\/v2\/media\/11335"}],"wp:attachment":[{"href":"https:\/\/boreait.com\/hu\/wp-json\/wp\/v2\/media?parent=11274"}],"wp:term":[{"taxonomy":"product_brand","embeddable":true,"href":"https:\/\/boreait.com\/hu\/wp-json\/wp\/v2\/product_brand?post=11274"},{"taxonomy":"product_cat","embeddable":true,"href":"https:\/\/boreait.com\/hu\/wp-json\/wp\/v2\/product_cat?post=11274"},{"taxonomy":"product_tag","embeddable":true,"href":"https:\/\/boreait.com\/hu\/wp-json\/wp\/v2\/product_tag?post=11274"}],"curies":[{"name":"wp","href":"https:\/\/api.w.org\/{rel}","templated":true}]}}