{"id":11272,"date":"2025-09-17T13:16:10","date_gmt":"2025-09-17T11:16:10","guid":{"rendered":"https:\/\/boreait.com\/hu\/?post_type=product&#038;p=11272"},"modified":"2025-09-17T13:17:52","modified_gmt":"2025-09-17T11:17:52","slug":"samsung-chromebook-xe303c12-303c-billentyuzetbillentyu-egyetlen-cseregomb","status":"publish","type":"product","link":"https:\/\/boreait.com\/hu\/termek\/samsung-chromebook-xe303c12-303c-billentyuzetbillentyu-egyetlen-cseregomb\/","title":{"rendered":"Samsung Chromebook XE303C12 \/ 303C billenty\u0171zetbillenty\u0171 \u2013 egyetlen cseregomb"},"content":{"rendered":"<p data-start=\"578\" data-end=\"872\">Cser\u00e9lje ki a hi\u00e1nyz\u00f3 vagy s\u00e9r\u00fclt <strong data-start=\"607\" data-end=\"623\">billenty\u0171zetbillenty\u0171t<\/strong> a <strong data-start=\"632\" data-end=\"670\">Samsung Chromebook XE303C12 \/ 303C<\/strong> <strong>6 adattal9&#8243; data-end=&#8221;714&#8243;>egyetlen egy\u00e9ni kulcs<\/strong>. F\u00fcggetlen\u00fcl att\u00f3l, hogy a kulcs elt\u00f6rt, elhaszn\u00e1l\u00f3dott vagy hi\u00e1nyzik, ez a csere helyre\u00e1ll\u00edtja a billenty\u0171zet funkci\u00f3it an\u00e9lk\u00fcl, hogy teljes billenty\u0171zetcser\u00e9re lenne sz\u00fcks\u00e9g.<\/p>\n<p data-start=\"874\" data-end=\"1278\">\ud83d\udd39 <strong data-start=\"877\" data-end=\"894\">F\u0151bb jellemz\u0151k:<\/strong><br data-start=\"894\" data-end=\"897\" \/>\u2714 <strong data-start=\"899\" data-end=\"933\">Samsung kulcstart\u00f3ja<\/strong> \u2013 Exact Chromebook kulcs<\/strong> XE303C12 \/ 303C laptop<br data-start=\"977\" data-end=\"980\" \/>\u2714 <strong data-start=\"982\" data-end=\"1014\">Kulcssapk\u00e1t, zsan\u00e9rt \u00e9s csukl\u00f3p\u00e1ntot tartalmaz; Cs\u00e9sze<\/strong> (ha sz\u00fcks\u00e9ges) \u2013 Biztos\u00edtja a teljes funkcionalit\u00e1st<br data-start=\"1058\" data-end=\"1061\" \/>\u2714 <strong data-start=\"1063\" data-end=\"1082\">K\u00f6nnyen telep\u00edthet\u0151<\/strong> \u2013 Egyszer\u0171en pattintsa a hely\u00e9re (nincs sz\u00fcks\u00e9g szersz\u00e1mra)<br data-start=\"1058\" data-end=\"1061\" \/>13 adatok<\/p>\n<p data-start=\"1280\" data-end=\"1303\">\ud83d\udca1 <strong data-start=\"1283\" data-end=\"1301\">Kompatibilit\u00e1s:<\/strong><\/p>\n<ul data-start=\"1304\" data-end=\"1484\">\n<li data-start=\"1304\" data-end=\"1388\"><strong data-start=\"1306\" data-end=\"1349\">Samsung Chromebook XE303C12 \/ 303C k\u00e9sz\u00fcl\u00e9khez haszn\u00e1lhat\u00f3<\/strong> (V\u00e1s\u00e1rl\u00e1s el\u0151tt ellen\u0151rizze a modellt)<\/li>\n<li data-start=\"1389\" data-end=\"1484\">El\u00e9rhet\u0151 <strong data-start=\"1405\" data-end=\"1423\">k\u00fcl\u00f6nb\u00f6z\u0151 kulcsokhoz<\/strong> \u2013 k\u00fcldj\u00f6n \u00fczenetet, hogy meger\u0151s\u00edts\u00fck az adott kulcs el\u00e9rhet\u0151s\u00e9g\u00e9t<\/li>\n<\/ul>\n<p data-start=\"1486\" data-end=\"1602\">\ud83d\udcf8 <strong data-start=\"1489\" data-end=\"1505\">Val\u00f3di fot\u00f3k:<\/strong> Az adatlapon szerepl\u0151 k\u00e9pek pontosan azt a kulcsot mutatj\u00e1k, amit kapsz \u2013 amit l\u00e1tsz, azt kapod!<\/p>\n<p data-start=\"1604\" data-end=\"1714\">\u2753 <strong data-start=\"1606\" data-end=\"1620\">Seg\u00edts\u00e9gre van sz\u00fcks\u00e9ge?<\/strong> Nem adunk telep\u00edt\u00e9si utas\u00edt\u00e1sokat, de nyugodtan <strong data-start=\"1682\" data-end=\"1696\">\u00fczenjen nek\u00fcnk.<\/strong><\/p>\n<p data-start=\"1716\" data-end=\"1798\">\ud83d\udce6 <strong data-start=\"1719\" data-end=\"1747\">Gyors sz\u00e1ll\u00edt\u00e1s az eg\u00e9sz vil\u00e1gon!<\/strong> \u00c1ll\u00edtsa vissza billenty\u0171zete kin\u00e9zet\u00e9t \u00e9s m\u0171k\u00f6d\u00e9s\u00e9t m\u00e9g ma.<\/p>\n","protected":false},"excerpt":{"rendered":"<p>Elveszett vagy megs\u00e9r\u00fclt a <strong data-start=\"357\" data-end=\"395\">Samsung Chromebook XE303C12 \/ 303C<\/strong> kulcsa? Szerezzen be egy <strong data-start=\"403\" data-end=\"438\">eredeti, egyedi billenty\u0171zetbillenty\u0171t<\/strong>. <strong data-start=\"452\" data-end=\"495\">Val\u00f3di fot\u00f3k \u2013 pontos kulcsot kapsz!<\/strong><\/p>\n","protected":false},"featured_media":11324,"template":"","meta":[],"product_brand":[],"product_cat":[24],"product_tag":[],"class_list":{"0":"post-11272","1":"product","2":"type-product","3":"status-publish","4":"has-post-thumbnail","6":"product_cat-individual-keyboard-keys","8":"first","9":"instock","10":"taxable","11":"shipping-taxable","12":"purchasable","13":"product-type-simple"},"_links":{"self":[{"href":"https:\/\/boreait.com\/hu\/wp-json\/wp\/v2\/product\/11272","targetHints":{"allow":["GET"]}}],"collection":[{"href":"https:\/\/boreait.com\/hu\/wp-json\/wp\/v2\/product"}],"about":[{"href":"https:\/\/boreait.com\/hu\/wp-json\/wp\/v2\/types\/product"}],"wp:featuredmedia":[{"embeddable":true,"href":"https:\/\/boreait.com\/hu\/wp-json\/wp\/v2\/media\/11324"}],"wp:attachment":[{"href":"https:\/\/boreait.com\/hu\/wp-json\/wp\/v2\/media?parent=11272"}],"wp:term":[{"taxonomy":"product_brand","embeddable":true,"href":"https:\/\/boreait.com\/hu\/wp-json\/wp\/v2\/product_brand?post=11272"},{"taxonomy":"product_cat","embeddable":true,"href":"https:\/\/boreait.com\/hu\/wp-json\/wp\/v2\/product_cat?post=11272"},{"taxonomy":"product_tag","embeddable":true,"href":"https:\/\/boreait.com\/hu\/wp-json\/wp\/v2\/product_tag?post=11272"}],"curies":[{"name":"wp","href":"https:\/\/api.w.org\/{rel}","templated":true}]}}