{"id":11271,"date":"2025-09-17T13:16:10","date_gmt":"2025-09-17T11:16:10","guid":{"rendered":"https:\/\/boreait.com\/hu\/?post_type=product&#038;p=11271"},"modified":"2025-09-17T13:17:49","modified_gmt":"2025-09-17T11:17:49","slug":"hp-pavilion-x360-15-cr-15-cr0053wm-laptop-zsanerok-eredeti-cserealkatreszek","status":"publish","type":"product","link":"https:\/\/boreait.com\/hu\/termek\/hp-pavilion-x360-15-cr-15-cr0053wm-laptop-zsanerok-eredeti-cserealkatreszek\/","title":{"rendered":"HP Pavilion x360 15-CR 15-cr0053wm laptop zsan\u00e9rok \u2013 Eredeti cserealkatr\u00e9szek"},"content":{"rendered":"<p data-start=\"602\" data-end=\"864\"> \u00c1ll\u00edtsa vissza <strong data-start=\"634\" data-end=\"672\">HP Pavilion x360 15-CR 15-cr0053wm<\/strong> rugalmass\u00e1g\u00e1t ezzel a <strong data-start=\"683\" data-end=\"716\"><\/strong> cserep\u00e1ntk\u00e9szlettel. A kifejezetten a <strong data-start=\"748\" data-end=\"764\">15-CR sorozathoz<\/strong> tervezett zsan\u00e9rok biztos\u00edtj\u00e1k a <strong data-start=\"788\" data-end=\"812\">sima 360\u00b0-os elforgat\u00e1st<\/strong>, mik\u00f6zben szil\u00e1rdan a hely\u00e9n tartj\u00e1k a laptop k\u00e9perny\u0151j\u00e9t.<\/p>\n<p data-start=\"866\" data-end=\"1265\">\ud83d\udd39 <strong data-start=\"869\" data-end=\"886\">F\u0151bb jellemz\u0151k:<\/strong><br data-start=\"886\" data-end=\"889\" \/>\u2714 <strong data-start=\"891\" data-end=\"908\">O \u00e9s dur HP \u2013 Perfectes<\/strong>O data-start=&#8221;937&#8243; data-end=&#8221;940&#8243; \/>\u2714 <strong data-start=\"942\" data-end=\"991\">Kompatibilis a HP Pavilion x360 15-CR sorozattal<\/strong> \u2013 Kifejezetten a <strong data-start=\"1024\" data-end=\"1039\" data-end=\"1039\">15-cr00&#8243;>15-start=&#8221;15-cr00&#8243;>15-cr00&#8243;>15-cr00} modellhez tesztelve data-end=&#8221;1042&#8243; \/>\u2714 <strong data-start=\"1044\" data-end=\"1069\">Teljes 360\u00b0-os rugalmass\u00e1g<\/strong> \u2013 T\u00e1mogatja a t\u00e1blag\u00e9p, s\u00e1tor, \u00e1llv\u00e1ny \u00e9s laptop m\u00f3dot<br data-start=\"1117\" data-end=\"1120\" \/>\u2714 <strong data-start=\"1120\" \/>\u2714 <strong data-start=\"1120\" \/>\u2714 <strong data-start=\"7\">Strong 1amp;4-Strong1amp; Er\u0151s fel\u00e9p\u00edt\u00e9s<\/strong> \u2013 Megakad\u00e1lyozza a k\u00e9perny\u0151 ingadoz\u00e1s\u00e1t \u00e9s elmozdul\u00e1s\u00e1t<br data-start=\"1191\" data-end=\"1194\" \/>\u2714 <strong data-start=\"1196\" data-end=\"1216\">K\u00f6nny\u0171 csere<\/strong> \u2013 Ide\u00e1lis megold\u00e1s a t\u00f6r\u00f6tt, laza vagy merev zsan\u00e9rokhoz<\/p>\n<p data-start=\"1267\" data-end=\"1290\">\ud83d\udca1 <strong data-start=\"1270\" data-end=\"1288\">Kompatibilit\u00e1s:<\/strong><\/p>\n<ul data-start=\"1291\" data-end=\"1446\">\n<li data-start=\"1291\" data-end=\"1377\">A <strong data-start=\"1298\" data-end=\"1331\">HP Pavilion x360 15-CR sorozathoz haszn\u00e1lhat\u00f3<\/strong> (V\u00e1s\u00e1rl\u00e1s el\u0151tt ellen\u0151rizze a laptop modellj\u00e9t)<\/li>\n<li data-start=\"1378\" data-end=\"1446\">K\u00f6zvetlen csere az elhaszn\u00e1l\u00f3dott zsan\u00e9rokhoz \u2013 nincs sz\u00fcks\u00e9g m\u00f3dos\u00edt\u00e1sra<\/li>\n<\/ul>\n<p data-start=\"1448\" data-end=\"1556\">\ud83d\udcf8 <strong data-start=\"1451\" data-end=\"1467\">Val\u00f3di fot\u00f3k:<\/strong> Pontosan azt kapod, ami az adatlapon l\u00e1that\u00f3 \u2013 nincs stock k\u00e9p, nincs meglepet\u00e9s!<\/p>\n<p data-start=\"1558\" data-end=\"1678\">\u2753 <strong data-start=\"1560\" data-end=\"1574\">Seg\u00edts\u00e9gre van sz\u00fcks\u00e9ge?<\/strong> Hab\u00e1r nem adunk telep\u00edt\u00e9si utas\u00edt\u00e1sokat, nyugodtan <strong data-start=\"1638\" data-end=\"1652\">\u00fczenjen nek\u00fcnk<\/strong>, ha seg\u00edts\u00e9gre van sz\u00fcks\u00e9ge.<\/strong><\/p>\n<p data-start=\"1680\" data-end=\"1824\">\ud83d\udce6 <strong data-start=\"1683\" data-end=\"1711\">Gyors kisz\u00e1ll\u00edt\u00e1s a vil\u00e1g minden pontj\u00e1ra!<\/strong> Szerezze vissza <strong data-start=\"1721\" data-end=\"1747\">HP Pavilion x360<\/strong> funkci\u00f3it ezekkel a 15 er\u0151s 15 er\u0151ss\u00e9g\u0171 k\u00e9sz\u00fcl\u00e9kekkel. data-start=&#8221;1786&#8243; data-end=&#8221;1821&#8243;>j\u00f3 min\u0151s\u00e9g\u0171 cserep\u00e1ntok<\/strong>.<\/p>\n","protected":false},"excerpt":{"rendered":"<p>Cser\u00e9lje ki <strong data-start=\"365\" data-end=\"403\">HP Pavilion x360 15-CR 15-cr0053wm<\/strong> t\u00f6r\u00f6tt vagy meglazult zsan\u00e9rjait ezzel az <strong data-start=\"414\" data-end=\"435\">eredeti zsan\u00e9rk\u00e9szlettel<\/strong>. Sima 360\u00b0-os forg\u00e1sra tervezve. <strong data-start=\"472\" data-end=\"519\">Val\u00f3di fot\u00f3k \u2013 amit l\u00e1tsz, azt kapod!<\/strong><\/p>\n","protected":false},"featured_media":11323,"template":"","meta":[],"product_brand":[],"product_cat":[19],"product_tag":[],"class_list":{"0":"post-11271","1":"product","2":"type-product","3":"status-publish","4":"has-post-thumbnail","6":"product_cat-screen-hinge","8":"first","9":"instock","10":"taxable","11":"shipping-taxable","12":"purchasable","13":"product-type-simple"},"_links":{"self":[{"href":"https:\/\/boreait.com\/hu\/wp-json\/wp\/v2\/product\/11271","targetHints":{"allow":["GET"]}}],"collection":[{"href":"https:\/\/boreait.com\/hu\/wp-json\/wp\/v2\/product"}],"about":[{"href":"https:\/\/boreait.com\/hu\/wp-json\/wp\/v2\/types\/product"}],"wp:featuredmedia":[{"embeddable":true,"href":"https:\/\/boreait.com\/hu\/wp-json\/wp\/v2\/media\/11323"}],"wp:attachment":[{"href":"https:\/\/boreait.com\/hu\/wp-json\/wp\/v2\/media?parent=11271"}],"wp:term":[{"taxonomy":"product_brand","embeddable":true,"href":"https:\/\/boreait.com\/hu\/wp-json\/wp\/v2\/product_brand?post=11271"},{"taxonomy":"product_cat","embeddable":true,"href":"https:\/\/boreait.com\/hu\/wp-json\/wp\/v2\/product_cat?post=11271"},{"taxonomy":"product_tag","embeddable":true,"href":"https:\/\/boreait.com\/hu\/wp-json\/wp\/v2\/product_tag?post=11271"}],"curies":[{"name":"wp","href":"https:\/\/api.w.org\/{rel}","templated":true}]}}