{"id":11257,"date":"2025-09-17T13:15:43","date_gmt":"2025-09-17T11:15:43","guid":{"rendered":"https:\/\/boreait.com\/hu\/?post_type=product&#038;p=11257"},"modified":"2026-02-08T12:48:33","modified_gmt":"2026-02-08T11:48:33","slug":"dell-latitude-e6410-dc-tapcsatlakozo-kabellel-eredeti-toltoport-csatlakozo","status":"publish","type":"product","link":"https:\/\/boreait.com\/hu\/termek\/dell-latitude-e6410-dc-tapcsatlakozo-kabellel-eredeti-toltoport-csatlakozo\/","title":{"rendered":"Dell Latitude E6410 DC t\u00e1pcsatlakoz\u00f3 k\u00e1bellel \u2013 Eredeti t\u00f6lt\u0151port csatlakoz\u00f3"},"content":{"rendered":"<p data-start=\"595\" data-end=\"660\">\ud83d\udd0c <strong data-start=\"598\" data-end=\"658\">Eredeti DC t\u00e1pcsatlakoz\u00f3 k\u00e1bellel a Dell Latitude E6410-hez<\/strong><\/p>\n<p data-start=\"662\" data-end=\"904\">Ha a <strong data-start=\"670\" data-end=\"693\">Dell Latitude E6410<\/strong> t\u00f6lt\u00e9si probl\u00e9m\u00e1i vannak, vagy a t\u00e1pcsatlakoz\u00e1s jav\u00edt\u00e1s\u00e1ra van sz\u00fcks\u00e9g, ez a <strong data-start=\"761\" data-end=\"790\">t\u00f6k\u00e9letes megold\u00e1s<\/strong> egyen\u00e1ram\u00fa t\u00e1pk\u00e1bel helyettes\u00edt\u00e9s\u00e9re. Vissza\u00e1ll\u00edtja a stabil energiaell\u00e1t\u00e1st, \u00e9s biztos\u00edtja a laptop megfelel\u0151 t\u00f6lt\u00e9s\u00e9t.<\/p>\n<p data-start=\"906\" data-end=\"1229\">\ud83d\udd39 <strong data-start=\"909\" data-end=\"926\">F\u0151bb jellemz\u0151k:<\/strong><br data-start=\"926\" data-end=\"929\" \/>\u2714 <strong data-start=\"931\" data-end=\"959\">Genure \u2013 cserealkatr\u00e9szek tart\u00f3ss\u00e1ga<\/strong> megb\u00edzhat\u00f3s\u00e1g<br data-start=\"996\" data-end=\"999\" \/>\u2714 <strong data-start=\"1001\" data-end=\"1023\">El\u0151re csatlakoztatott k\u00e1bel<\/strong> \u2013 K\u00f6nnyen telep\u00edthet\u0151, nincs sz\u00fcks\u00e9g forraszt\u00e1sra<br data-start=\"1064\" data-end=\"1067=\"1064\" data-end=\"1067\" \/>\u2714\u2714 <strong data-1 for8\" Dell Latitude E6410<\/strong> \u2013 Nincsenek kompatibilit\u00e1si probl\u00e9m\u00e1k<br data-start=\"1134\" data-end=\"1137\" \/>\u2714 <strong data-start=\"1139\" data-end=\"1174\">Vissza\u00e1ll\u00edtja a t\u00f6lt\u00e9si funkci\u00f3t<\/strong> \u2013 Ide\u00e1lis meglazult vagy t\u00f6r\u00f6tt t\u00e1pcsatlakoz\u00f3val rendelkez\u0151 laptopokhoz<\/p>\n<p data-start=\"1231\" data-end=\"1254\">\ud83d\udca1 <strong data-start=\"1234\" data-end=\"1252\">Kompatibilit\u00e1s:<\/strong><\/p>\n<ul data-start=\"1255\" data-end=\"1366\">\n<li data-start=\"1255\" data-end=\"1295\"><strong data-start=\"1257\" data-end=\"1293\">Dell Latitude E6410-hez tervezve<\/strong><\/li>\n<li data-start=\"1296\" data-end=\"1366\"><strong data-start=\"1298\" data-end=\"1364\">V\u00e1s\u00e1rl\u00e1s el\u0151tt ellen\u0151rizze az aktu\u00e1lis t\u00e1pcsatlakoz\u00f3- \u00e9s k\u00e1belt\u00edpust<\/strong><\/li>\n<\/ul>\n<p data-start=\"1368\" data-end=\"1508\">\ud83d\udcf8 <strong data-start=\"1371\" data-end=\"1387\">Val\u00f3di fot\u00f3k:<\/strong> A list\u00e1ban szerepl\u0151 k\u00e9pek pontosan azt a t\u00e9telt mutatj\u00e1k, amelyet kapni fog. Nincsenek stock k\u00e9pek \u2013 <strong data-start=\"1473\" data-end=\"1506\">amit l\u00e1tsz, azt kapod!<\/strong><\/p>\n<p data-start=\"1510\" data-end=\"1659\">\u2753 <strong data-start=\"1512\" data-end=\"1526\">Seg\u00edts\u00e9gre van sz\u00fcks\u00e9ge?<\/strong> B\u00e1r nem adunk telep\u00edt\u00e9si utas\u00edt\u00e1sokat, nyugodtan <strong data-start=\"1590\" data-end=\"1604\">\u00fczenjen nek\u00fcnk<\/p>\n<p> a v\u00e1s\u00e1rl\u00e1s el\u0151tt vagy ut\u00e1n.<\/p>\n<p data-start=\"1661\" data-end=\"1807\">\ud83d\udce6 <strong data-start=\"1664\" data-end=\"1692\">Gyors kisz\u00e1ll\u00edt\u00e1s a vil\u00e1g minden pontj\u00e1ra!<\/strong> Rendeljen most, \u00e9s \u00e1ll\u00edtsa vissza laptopja t\u00f6lt\u00e9si funkci\u00f3j\u00e1t ezzel a <strong data-start=\"1762\" data-end=\"1804\">DC power jagh-quality<\/strong> csereeszk\u00f6zzel.<\/p>\n","protected":false},"excerpt":{"rendered":"<p>Cser\u00e9lje ki a hib\u00e1s <strong data-start=\"312\" data-end=\"329\">DC t\u00e1pcsatlakoz\u00f3t<\/strong> erre az <strong data-start=\"340\" data-end=\"375\">eredeti t\u00f6lt\u0151port csatlakoz\u00f3ra<\/strong> a <strong data-start=\"380\" data-end=\"403\">Dell Latitude E6410<\/strong> sz\u00e1m\u00e1ra. Biztons\u00e1gos illeszked\u00e9sre \u00e9s stabil t\u00e1pcsatlakoz\u00e1sra tervezt\u00e9k. <strong data-start=\"460\" data-end=\"507\">Val\u00f3di fot\u00f3k \u2013 pontosan azt kapod, ami l\u00e1that\u00f3!<\/strong><\/p>\n","protected":false},"featured_media":11322,"template":"","meta":[],"product_brand":[],"product_cat":[20],"product_tag":[],"class_list":{"0":"post-11257","1":"product","2":"type-product","3":"status-publish","4":"has-post-thumbnail","6":"product_cat-cables","8":"first","9":"instock","10":"taxable","11":"shipping-taxable","12":"purchasable","13":"product-type-simple"},"_links":{"self":[{"href":"https:\/\/boreait.com\/hu\/wp-json\/wp\/v2\/product\/11257","targetHints":{"allow":["GET"]}}],"collection":[{"href":"https:\/\/boreait.com\/hu\/wp-json\/wp\/v2\/product"}],"about":[{"href":"https:\/\/boreait.com\/hu\/wp-json\/wp\/v2\/types\/product"}],"wp:featuredmedia":[{"embeddable":true,"href":"https:\/\/boreait.com\/hu\/wp-json\/wp\/v2\/media\/11322"}],"wp:attachment":[{"href":"https:\/\/boreait.com\/hu\/wp-json\/wp\/v2\/media?parent=11257"}],"wp:term":[{"taxonomy":"product_brand","embeddable":true,"href":"https:\/\/boreait.com\/hu\/wp-json\/wp\/v2\/product_brand?post=11257"},{"taxonomy":"product_cat","embeddable":true,"href":"https:\/\/boreait.com\/hu\/wp-json\/wp\/v2\/product_cat?post=11257"},{"taxonomy":"product_tag","embeddable":true,"href":"https:\/\/boreait.com\/hu\/wp-json\/wp\/v2\/product_tag?post=11257"}],"curies":[{"name":"wp","href":"https:\/\/api.w.org\/{rel}","templated":true}]}}