{"id":11256,"date":"2025-09-17T13:15:43","date_gmt":"2025-09-17T11:15:43","guid":{"rendered":"https:\/\/boreait.com\/hu\/?post_type=product&#038;p=11256"},"modified":"2026-02-08T12:48:15","modified_gmt":"2026-02-08T11:48:15","slug":"dell-latitude-e6400-e6410-merevlemez-haz-es-hdd-fedel-eredeti-laptop-alkatresz","status":"publish","type":"product","link":"https:\/\/boreait.com\/hu\/termek\/dell-latitude-e6400-e6410-merevlemez-haz-es-hdd-fedel-eredeti-laptop-alkatresz\/","title":{"rendered":"Dell Latitude E6400 E6410 merevlemez-h\u00e1z \u00e9s HDD fed\u00e9l \u2013 Eredeti laptop alkatr\u00e9sz"},"content":{"rendered":"<p data-start=\"631\" data-end=\"873\">Tartsa biztons\u00e1gban laptopja merevlemez\u00e9t ezzel az <strong data-start=\"687\" data-end=\"757\">eredeti Dell Latitude E6400 \/ E6410 HDD-burkolattal \u00e9s merevlemez-tart\u00f3val<\/strong>. Ak\u00e1r elveszett vagy s\u00e9r\u00fclt alkatr\u00e9szt cser\u00e9l, ez az <strong data-start=\"813\" data-end=\"832\">OEM-csere<\/strong> t\u00f6k\u00e9letes illeszked\u00e9st \u00e9s kompatibilit\u00e1st biztos\u00edt.<\/p>\n<p data-start=\"875\" data-end=\"1218\">\ud83d\udd39 <strong data-start=\"878\" data-end=\"895\">F\u0151bb jellemz\u0151k:<\/strong><br data-start=\"895\" data-end=\"898\" \/>\u2714 <strong data-start=\"900\" data-end=\"922\">Kifejezetten a Dell Latitude<\/strong> sz\u00e1m\u00e1ra k\u00e9sz\u00fclt<\/strong> data-start=&#8221;965&#8243; data-end=&#8221;982&#8243;>E6400 \/ E6410<\/strong><br data-start=\"982\" data-end=\"985\" \/>\u2714 <strong data-start=\"987\" data-end=\"1017\">HDD burkolat \u00e9s amp; Caddy mell\u00e9kelve<\/strong> \u2013 Minden, amire sz\u00fcks\u00e9ge van a merevlemez biztons\u00e1g\u00e1hoz<br data-start=\"1065\" data-end=\"1068\" \/>\u2714 <strong data-start=\"1070\" data-end=\"1094\">Tart\u00f3s \u00e9s amp; Biztons\u00e1gos illeszked\u00e9s<\/strong> \u2013 a hely\u00e9n \u00e9s v\u00e9dve tartja a HDD-t<br data-start=\"1134\" data-end=\"1137\" \/>\u2714 <strong data-start=\"1139\" data-end=\"1160\">Egyszer\u0171 telep\u00edt\u00e9s<\/strong> \u2013 Probl\u00e9mamentes csere szabv\u00e1nyos r\u00f6gz\u00edt\u00e9si pontokkal<\/p>\n<p data-start=\"1220\" data-end=\"1243\">\ud83d\udca1 <strong data-start=\"1223\" data-end=\"1241\">Kompatibilit\u00e1s:<\/strong><\/p>\n<ul data-start=\"1244\" data-end=\"1331\">\n<li data-start=\"1244\" data-end=\"1279\"><strong data-start=\"1246\" data-end=\"1277\">Dell Latitude E6400 \/ E6410<\/strong><\/li>\n<li data-start=\"1280\" data-end=\"1331\">T\u00e1mogatja a <strong data-start=\"1291\" data-end=\"1316\">2,5&#8243; SATA merevlemezeket<\/strong> (HDD vagy SSD)<\/li>\n<\/ul>\n<p data-start=\"1333\" data-end=\"1438\">\ud83d\udcf8 <strong data-start=\"1336\" data-end=\"1352\">Val\u00f3di fot\u00f3k:<\/strong> Az adatlapon szerepl\u0151 k\u00e9peken a <strong data-start=\"1389\" data-end=\"1403\">pontos t\u00e9tel<\/strong> l\u00e1that\u00f3 \u2013 nem lesz meglepet\u00e9s!<\/p>\n<p data-start=\"1440\" data-end=\"1587\">\u2753 <strong data-start=\"1442\" data-end=\"1456\">Seg\u00edts\u00e9gre van sz\u00fcks\u00e9ge?<\/strong> Nem adunk telep\u00edt\u00e9si utas\u00edt\u00e1sokat, de nyugodtan <strong data-start=\"1518\" data-end=\"1532\">\u00fczenjen nek\u00fcnk<\/p>\n<p> a v\u00e1s\u00e1rl\u00e1s el\u0151tt vagy ut\u00e1n, ha seg\u00edts\u00e9gre van sz\u00fcks\u00e9ge<\/p>\n<p>.<\/p>\n<p data-start=\"1589\" data-end=\"1711\">\ud83d\udce6 <strong data-start=\"1592\" data-end=\"1620\">Gyors sz\u00e1ll\u00edt\u00e1s a vil\u00e1g minden pontj\u00e1ra!<\/strong> Hozd vissza laptopod cs\u00facsform\u00e1j\u00e1t ezzel a <strong data-start=\"1665\" data-end=\"1708\">autentikus merevlemezzel. bor\u00edt\u00f3<\/strong>t.<\/p>\n","protected":false},"excerpt":{"rendered":"<p>Cser\u00e9lje ki a hi\u00e1nyz\u00f3 vagy s\u00e9r\u00fclt <strong data-start=\"357\" data-end=\"417\">Dell Latitude E6400 \/ E6410 HDD fedel\u00e9t &amp; merevlemez doboz<\/strong> ezzel az <strong data-start=\"428\" data-end=\"448\">eredeti OEM alkatr\u00e9szrel<\/strong>. Biztos\u00edtja a merevlemez biztons\u00e1gos \u00e9s szoros illeszked\u00e9s\u00e9t. <strong data-start=\"501\" data-end=\"548\">Val\u00f3di fot\u00f3k \u2013 amit l\u00e1tsz, azt kapod!<\/strong><\/p>\n","protected":false},"featured_media":11321,"template":"","meta":[],"product_brand":[],"product_cat":[16],"product_tag":[],"class_list":{"0":"post-11256","1":"product","2":"type-product","3":"status-publish","4":"has-post-thumbnail","6":"product_cat-laptop-housing","8":"first","9":"instock","10":"taxable","11":"shipping-taxable","12":"purchasable","13":"product-type-simple"},"_links":{"self":[{"href":"https:\/\/boreait.com\/hu\/wp-json\/wp\/v2\/product\/11256","targetHints":{"allow":["GET"]}}],"collection":[{"href":"https:\/\/boreait.com\/hu\/wp-json\/wp\/v2\/product"}],"about":[{"href":"https:\/\/boreait.com\/hu\/wp-json\/wp\/v2\/types\/product"}],"wp:featuredmedia":[{"embeddable":true,"href":"https:\/\/boreait.com\/hu\/wp-json\/wp\/v2\/media\/11321"}],"wp:attachment":[{"href":"https:\/\/boreait.com\/hu\/wp-json\/wp\/v2\/media?parent=11256"}],"wp:term":[{"taxonomy":"product_brand","embeddable":true,"href":"https:\/\/boreait.com\/hu\/wp-json\/wp\/v2\/product_brand?post=11256"},{"taxonomy":"product_cat","embeddable":true,"href":"https:\/\/boreait.com\/hu\/wp-json\/wp\/v2\/product_cat?post=11256"},{"taxonomy":"product_tag","embeddable":true,"href":"https:\/\/boreait.com\/hu\/wp-json\/wp\/v2\/product_tag?post=11256"}],"curies":[{"name":"wp","href":"https:\/\/api.w.org\/{rel}","templated":true}]}}