{"id":11255,"date":"2025-09-17T13:15:43","date_gmt":"2025-09-17T11:15:43","guid":{"rendered":"https:\/\/boreait.com\/hu\/?post_type=product&#038;p=11255"},"modified":"2025-09-17T13:17:42","modified_gmt":"2025-09-17T11:17:42","slug":"uj-acer-nitro-5-an515-52-an515-42-n17c1-laptop-csuklopantok-bal-es-jobb-keszlet","status":"publish","type":"product","link":"https:\/\/boreait.com\/hu\/termek\/uj-acer-nitro-5-an515-52-an515-42-n17c1-laptop-csuklopantok-bal-es-jobb-keszlet\/","title":{"rendered":"\u00daJ Acer Nitro 5 AN515-52 AN515-42 N17C1 laptop csukl\u00f3p\u00e1ntok \u2013 bal \u00e9s jobb k\u00e9szlet"},"content":{"rendered":"<p data-start=\"609\" data-end=\"822\">Adjon \u00faj \u00e9letet <strong data-start=\"619\" data-end=\"663\">Acer Nitro 5 AN515-52 \/ AN515-42 (N17C1)<\/strong> k\u00e9sz\u00fcl\u00e9k\u00e9nek ezzel a <strong data-start=\"685\" data-end=\"71\" zsan\u00e9rk\u00e9szlettel\"><\/strong> data-end=&#8221;71. Ha a k\u00e9perny\u0151 laz\u00e1nak, ingatagnak t\u0171nik vagy nem marad a hely\u00e9n, a zsan\u00e9rok cser\u00e9je a t\u00f6k\u00e9letes megold\u00e1s.<\/p>\n<p data-start=\"824\" data-end=\"1125\">\ud83d\udd39 <strong data-start=\"827\" data-end=\"844\">F\u0151bb jellemz\u0151k:<\/strong><br data-start=\"844\" data-end=\"847\" \/>\u2714 <strong data-start=\"849\" data-end=\"872\">Kifejezetten a Nitro-Genesuine<\/strong> H5-hez tervezett modellek<br data-start=\"915\" data-end=\"918\" \/>\u2714 <strong data-start=\"920\" data-end=\"940\">Bal \u00e9s amp; Jobb k\u00e9szlet<\/strong> \u2013 Mindk\u00e9t zsan\u00e9r teljes cser\u00e9je<br data-start=\"979\" data-end=\"982\" \/>\u2714 <strong data-start=\"984\" data-end=\"1014\">Tart\u00f3s \u00e9s amp; Sima m\u0171k\u00f6d\u00e9s<\/strong> \u2013 Megfelel\u0151 k\u00e9perny\u0151stabilit\u00e1st biztos\u00edt<br data-start=\"1048\" data-end=\"1051\" \/>\u2714 <strong data-start=\"1053\" data-end=\"1080\">OEM Fit &amp; Kompatibilit\u00e1s<\/strong> \u2013 nincs sz\u00fcks\u00e9g m\u00f3dos\u00edt\u00e1sra, k\u00f6nnyen telep\u00edthet\u0151<\/p>\n<p data-start=\"1127\" data-end=\"1150\">\ud83d\udca1 <strong data-start=\"1130\" data-end=\"1148\">Kompatibilit\u00e1s:<\/strong><\/p>\n<ul data-start=\"1151\" data-end=\"1277\">\n<li data-start=\"1151\" data-end=\"1201\"><strong data-start=\"1153\" data-end=\"1162\">Alkalmas:<\/strong> Acer Nitro 5 <strong data-start=\"1176\" data-end=\"1199\">AN515-52 \/ AN515-42<\/strong><\/li>\n<li data-start=\"1202\" data-end=\"1227\"><strong data-start=\"1204\" data-end=\"1219\">Modellk\u00f3d:<\/strong> N17C1<\/li>\n<li data-start=\"1228\" data-end=\"1277\"><strong data-start=\"1230\" data-end=\"1257\">Ellen\u0151rizze laptop modellj\u00e9t<\/strong> v\u00e1s\u00e1rl\u00e1s el\u0151tt<\/li>\n<\/ul>\n<p data-start=\"1279\" data-end=\"1378\">\ud83d\udcf8 <strong data-start=\"1282\" data-end=\"1298\">Val\u00f3di fot\u00f3k:<\/strong> Az adatlapon szerepl\u0151 k\u00e9pek pontosan azt a t\u00e9telt mutatj\u00e1k, amit kapsz \u2013 nincs meglepet\u00e9s!<\/p>\n<p data-start=\"1380\" data-end=\"1534\">\u2753 <strong data-start=\"1382\" data-end=\"1396\">Seg\u00edts\u00e9gre van sz\u00fcks\u00e9ge?<\/strong> B\u00e1r telep\u00edt\u00e9si utas\u00edt\u00e1sokat nem adunk, nyugodtan <strong data-start=\"1460\" data-end=\"1474\">\u00fczenjen nek\u00fcnk<\/strong> a v\u00e1s\u00e1rl\u00e1s el\u0151tt vagy ut\u00e1n.<\/strong><\/p>\n<p data-start=\"1536\" data-end=\"1650\">\ud83d\udce6 <strong data-start=\"1539\" data-end=\"1567\">Gyors sz\u00e1ll\u00edt\u00e1s a vil\u00e1g minden pontj\u00e1ra!<\/strong> Tegye \u00fajszer\u0171 m\u0171k\u00f6d\u00e9sbe laptopj\u00e1t ezekkel a <strong data-start=\"1612\" data-end=\"1647\"><\/strong> kiv\u00e1l\u00f3 min\u0151s\u00e9g\u0171 cserep\u00e1ntokkal.<\/p>\n","protected":false},"excerpt":{"rendered":"<p>\u00c1ll\u00edtsa helyre <strong data-start=\"320\" data-end=\"364\">Acer Nitro 5 AN515-52 \/ AN515-42 (N17C1)<\/strong> laptopj\u00e1t ezzel az <strong data-start=\"382\" data-end=\"403\">eredeti zsan\u00e9rk\u00e9szlettel<\/strong>. Tartalmazza a <strong data-start=\"414\" data-end=\"437\">bal \u00e9s amp; jobb oldali zsan\u00e9r<\/strong>ok a k\u00e9perny\u0151 biztons\u00e1gos \u00e9s egyenletes mozg\u00e1s\u00e1\u00e9rt. <strong data-start=\"479\" data-end=\"526\">Val\u00f3di fot\u00f3k \u2013 amit l\u00e1tsz, azt kapod!<\/strong><\/p>\n","protected":false},"featured_media":11320,"template":"","meta":[],"product_brand":[],"product_cat":[19],"product_tag":[29],"class_list":{"0":"post-11255","1":"product","2":"type-product","3":"status-publish","4":"has-post-thumbnail","6":"product_cat-screen-hinge","7":"product_tag-acer","9":"first","10":"instock","11":"taxable","12":"shipping-taxable","13":"purchasable","14":"product-type-simple"},"_links":{"self":[{"href":"https:\/\/boreait.com\/hu\/wp-json\/wp\/v2\/product\/11255","targetHints":{"allow":["GET"]}}],"collection":[{"href":"https:\/\/boreait.com\/hu\/wp-json\/wp\/v2\/product"}],"about":[{"href":"https:\/\/boreait.com\/hu\/wp-json\/wp\/v2\/types\/product"}],"wp:featuredmedia":[{"embeddable":true,"href":"https:\/\/boreait.com\/hu\/wp-json\/wp\/v2\/media\/11320"}],"wp:attachment":[{"href":"https:\/\/boreait.com\/hu\/wp-json\/wp\/v2\/media?parent=11255"}],"wp:term":[{"taxonomy":"product_brand","embeddable":true,"href":"https:\/\/boreait.com\/hu\/wp-json\/wp\/v2\/product_brand?post=11255"},{"taxonomy":"product_cat","embeddable":true,"href":"https:\/\/boreait.com\/hu\/wp-json\/wp\/v2\/product_cat?post=11255"},{"taxonomy":"product_tag","embeddable":true,"href":"https:\/\/boreait.com\/hu\/wp-json\/wp\/v2\/product_tag?post=11255"}],"curies":[{"name":"wp","href":"https:\/\/api.w.org\/{rel}","templated":true}]}}