{"id":11243,"date":"2025-09-17T13:15:17","date_gmt":"2025-09-17T11:15:17","guid":{"rendered":"https:\/\/boreait.com\/hu\/?post_type=product&#038;p=11243"},"modified":"2025-09-17T13:17:37","modified_gmt":"2025-09-17T11:17:37","slug":"wd-500-gb-hdd-wd5000lpvx-2-5-sata-merevlemez-laptop-tarhely-bovites","status":"publish","type":"product","link":"https:\/\/boreait.com\/hu\/termek\/wd-500-gb-hdd-wd5000lpvx-2-5-sata-merevlemez-laptop-tarhely-bovites\/","title":{"rendered":"WD 500 GB HDD WD5000LPVX 2.5 SATA merevlemez \u2013 Laptop t\u00e1rhely b\u0151v\u00edt\u00e9s"},"content":{"rendered":"<p data-start=\"568\" data-end=\"809\">100% EG\u00c9SZS\u00c9G<\/p>\n<p data-start=\"568\" data-end=\"809\">Fokozza laptopja teljes\u00edtm\u00e9ny\u00e9t \u00e9s t\u00e1rhely\u00e9t ezzel a <strong data-start=\"622\" data-end=\"664\">Western Digital 500 GB HDD-vel (WD5000LPVX)<\/strong>. A megb\u00edzhat\u00f3s\u00e1gra \u00e9s hat\u00e9konys\u00e1gra tervezett <strong data-start=\"712\" data-end=\"740\">2,5 h\u00fcvelykes SATA merevlemez<\/strong> t\u00f6k\u00e9letes a rendszer friss\u00edt\u00e9s\u00e9hez vagy a s\u00e9r\u00fclt meghajt\u00f3 cser\u00e9j\u00e9hez.<\/p>\n<p data-start=\"811\" data-end=\"1183\">\ud83d\udd39 <strong data-start=\"814\" data-end=\"831\">F\u0151bb jellemz\u0151k:<\/strong><br data-start=\"831\" data-end=\"834\" \/>\u2714 <strong data-start=\"836\" data-end=\"836\" data-end=\"867\">Bstranded:<\/strong> Western Digital W \u2013 amp; tart\u00f3ss\u00e1g<br data-start=\"906\" data-end=\"909\" \/>\u2714 <strong data-start=\"911\" data-end=\"932\">Modell: WD5000LPVX<\/strong> \u2013 500 GB t\u00e1rol\u00f3kapacit\u00e1s mindennapi haszn\u00e1latra<br data-start=\"974\" data-end=\"977\" \/>\u2714 <strong data-end=\"977\" \/>start adatok data-end=&#8221;1121&#8243; \/>\u2714 <strong data-start=\"1123\" data-end=\"1143\">Energiahat\u00e9kony<\/strong> \u2013 Alacsony energiafogyaszt\u00e1sra optimaliz\u00e1lva<\/p>\n<p data-start=\"1185\" data-end=\"1208\">\ud83d\udca1 <strong data-start=\"1188\" data-end=\"1206\">Kompatibilit\u00e1s:<\/strong><\/p>\n<ul data-start=\"1209\" data-end=\"1391\">\n<li data-start=\"1209\" data-end=\"1287\">A legt\u00f6bb <strong data-start=\"1227\" data-end=\"1252\">laptoppal \u00e9s noteszg\u00e9ppel<\/strong> m\u0171k\u00f6dik <strong data-start=\"1261\" data-end=\"1285\">2,5&#8243; SATA merevlemez<\/strong><\/li>\n<p> haszn\u00e1lat\u00e1val<\/p>\n<li data-start=\"1288\" data-end=\"1391\">Alkalmas <strong data-start=\"1308\" data-end=\"1351\">k\u00fcls\u0151 h\u00e1zakhoz \u00e9s j\u00e1t\u00e9kkonzolokhoz<\/strong> (V\u00e1s\u00e1rl\u00e1s el\u0151tt ellen\u0151rizze a kompatibilit\u00e1st)<\/li>\n<\/ul>\n<p data-start=\"1393\" data-end=\"1502\">\ud83d\udcf8 <strong data-start=\"1396\" data-end=\"1412\">Val\u00f3di fot\u00f3k:<\/strong> A list\u00e1ban szerepl\u0151 k\u00e9pek pontosan azt a merevlemezt mutatj\u00e1k, amelyet kapsz \u2013 nincs meglepet\u00e9s!<\/p>\n<p data-start=\"1504\" data-end=\"1624\">\u2753 <strong data-start=\"1506\" data-end=\"1520\">Seg\u00edts\u00e9gre van sz\u00fcks\u00e9ge?<\/strong> B\u00e1r nem adunk telep\u00edt\u00e9si utas\u00edt\u00e1sokat, nyugodtan <strong data-start=\"1584\" data-end=\"1598\">\u00fczenjen nek\u00fcnk<\/strong>, ha seg\u00edts\u00e9gre van sz\u00fcks\u00e9ge.<\/strong><\/p>\n<p data-start=\"1626\" data-end=\"1736\">\ud83d\udce6 <strong data-start=\"1629\" data-end=\"1657\">Gyors sz\u00e1ll\u00edt\u00e1s a vil\u00e1g minden pontj\u00e1ra!<\/strong> Szerezze be <strong data-start=\"1667\" data-end=\"1683\">WD 500 GB-os t\u00e1rhely\u00e9t.<\/strong> \u00e1ll\u00edtsa helyre laptopja t\u00e1rhely\u00e9t<\/strong> m\u00e9g ma.<\/p>\n","protected":false},"excerpt":{"rendered":"<p>B\u0151v\u00edtse laptopj\u00e1t ezzel az <strong data-start=\"327\" data-end=\"379\">500 GB-os Western Digital (WD5000LPVX) 2,5&#8243;-es SATA HDD-vel<\/strong>. Ide\u00e1lis t\u00e1rhelyb\u0151v\u00edt\u00e9shez vagy hib\u00e1s meghajt\u00f3 cser\u00e9j\u00e9hez. <strong data-start=\"438\" data-end=\"485\">L\u00e1tod, milyen fot\u00f3k \u2013 mit kapsz!<\/strong><\/p>\n","protected":false},"featured_media":11318,"template":"","meta":[],"product_brand":[],"product_cat":[61,31],"product_tag":[],"class_list":{"0":"post-11243","1":"product","2":"type-product","3":"status-publish","4":"has-post-thumbnail","6":"product_cat-2-5-hdd","7":"product_cat-ssd-hdd-drives","9":"first","10":"instock","11":"taxable","12":"shipping-taxable","13":"purchasable","14":"product-type-simple"},"_links":{"self":[{"href":"https:\/\/boreait.com\/hu\/wp-json\/wp\/v2\/product\/11243","targetHints":{"allow":["GET"]}}],"collection":[{"href":"https:\/\/boreait.com\/hu\/wp-json\/wp\/v2\/product"}],"about":[{"href":"https:\/\/boreait.com\/hu\/wp-json\/wp\/v2\/types\/product"}],"wp:featuredmedia":[{"embeddable":true,"href":"https:\/\/boreait.com\/hu\/wp-json\/wp\/v2\/media\/11318"}],"wp:attachment":[{"href":"https:\/\/boreait.com\/hu\/wp-json\/wp\/v2\/media?parent=11243"}],"wp:term":[{"taxonomy":"product_brand","embeddable":true,"href":"https:\/\/boreait.com\/hu\/wp-json\/wp\/v2\/product_brand?post=11243"},{"taxonomy":"product_cat","embeddable":true,"href":"https:\/\/boreait.com\/hu\/wp-json\/wp\/v2\/product_cat?post=11243"},{"taxonomy":"product_tag","embeddable":true,"href":"https:\/\/boreait.com\/hu\/wp-json\/wp\/v2\/product_tag?post=11243"}],"curies":[{"name":"wp","href":"https:\/\/api.w.org\/{rel}","templated":true}]}}