{"id":11236,"date":"2025-09-17T13:14:52","date_gmt":"2025-09-17T11:14:52","guid":{"rendered":"https:\/\/boreait.com\/hu\/?post_type=product&#038;p=11236"},"modified":"2025-09-17T13:17:28","modified_gmt":"2025-09-17T11:17:28","slug":"msi-ge60-2pc-apache-billentyuzet-felso-szalagelolap-eredeti-laptop-cserealkatresz","status":"publish","type":"product","link":"https:\/\/boreait.com\/hu\/termek\/msi-ge60-2pc-apache-billentyuzet-felso-szalagelolap-eredeti-laptop-cserealkatresz\/","title":{"rendered":"MSI GE60 2PC Apache billenty\u0171zet fels\u0151 szalagel\u0151lap \u2013 Eredeti laptop cserealkatr\u00e9sz"},"content":{"rendered":"<p data-start=\"545\" data-end=\"737\">Csere <strong data-start=\"571\" data-end=\"595\">billenty\u0171zet fels\u0151 cs\u00edkot<\/strong> keres <strong data-start=\"605\" data-end=\"628\">MSI GE60 2PC Apache<\/strong> laptopj\u00e1hoz? Ez az <strong data-start=\"642\" data-end=\"662\">eredeti OEM alkatr\u00e9sz<\/strong> t\u00f6k\u00e9letes illeszked\u00e9st biztos\u00edt, \u00e9s visszaadja laptopja eredeti megjelen\u00e9s\u00e9t \u00e9s \u00e9rzet\u00e9t.<\/p>\n<p data-start=\"739\" data-end=\"1053\">\ud83d\udd39 <strong data-start=\"742\" data-end=\"759\">F\u0151bb jellemz\u0151k:<\/strong><br data-start=\"759\" data-end=\"762\" \/>\u2714 <strong data-start=\"764\" data-end=\"785\">Eredeti tervez\u00e9s \u00e9s tervez\u00e9s<\/strong> tart\u00f3ss\u00e1g<br data-start=\"830\" data-end=\"833\" \/>\u2714 <strong data-start=\"835\" data-end=\"870\">T\u00f6k\u00e9letesen illeszkedik a GE60 2PC Apache-hoz<\/strong> \u2013 Illik a laptop eredeti kialak\u00edt\u00e1s\u00e1hoz<br data-start=\"910\" data-end=\"913\" \/>5-start data-end=&#8221;950&#8243;>A billenty\u0171zet-\u00f6ssze\u00e1ll\u00edt\u00e1shoz n\u00e9lk\u00fcl\u00f6zhetetlen<\/strong> \u2013 Seg\u00edti a billenty\u0171zet biztons\u00e1g\u00e1t \u00e9s helyes be\u00e1ll\u00edt\u00e1s\u00e1t<br data-start=\"998\" data-end=\"1001\" \/>\u2714 <strong data-start=\"1003\" data-end=\"1025\">Kiv\u00e1l\u00f3 min\u0151s\u00e9g\u0171 konstrukci\u00f3<\/strong> \u2013 Er\u0151s<\/strong> \u00e9s hossz\u00fa \u00e9lettartam\u00fa<\/p>\n<p data-start=\"1055\" data-end=\"1078\">\ud83d\udca1 <strong data-start=\"1058\" data-end=\"1076\">Kompatibilit\u00e1s:<\/strong><\/p>\n<ul data-start=\"1079\" data-end=\"1246\">\n<li data-start=\"1079\" data-end=\"1176\">Kifejezetten <strong data-start=\"1107\" data-end=\"1130\">MSI GE60 2PC Apache-hoz<\/strong> (V\u00e1s\u00e1rl\u00e1s el\u0151tt ellen\u0151rizze a laptop modellj\u00e9t)<\/li>\n<li data-start=\"1177\" data-end=\"1246\">M\u00e1s <strong data-start=\"1198\" data-end=\"1213\">GE60 sorozat<\/strong> modellekhez is haszn\u00e1lhat\u00f3 (v\u00e1s\u00e1rl\u00e1s el\u0151tt er\u0151s\u00edtse meg)<\/li>\n<\/ul>\n<p data-start=\"1248\" data-end=\"1344\">\ud83d\udcf8 <strong data-start=\"1251\" data-end=\"1267\">Val\u00f3di fot\u00f3k:<\/strong> A term\u00e9kk\u00e9pek pontosan azt a r\u00e9szt mutatj\u00e1k, amelyet \u00d6n kap \u2013 nincs stock fot\u00f3!<\/p>\n<p data-start=\"1346\" data-end=\"1505\">\u2753 <strong data-start=\"1348\" data-end=\"1362\">Seg\u00edts\u00e9gre van sz\u00fcks\u00e9ge?<\/strong> Hab\u00e1r nem adunk telep\u00edt\u00e9si utas\u00edt\u00e1sokat, nyugodtan <strong data-start=\"1426\" data-end=\"1440\">\u00fczenjen nek\u00fcnk<\/strong>, ha a telep\u00edt\u00e9ssel kapcsolatban b\u00e1rmilyen k\u00e9rd\u00e9se van.<\/p>\n<p data-start=\"1507\" data-end=\"1618\">\ud83d\udce6 <strong data-start=\"1510\" data-end=\"1538\">Gyors sz\u00e1ll\u00edt\u00e1s a vil\u00e1g minden pontj\u00e1ra!<\/strong> Hozd \u00fajra form\u00e1ba laptopodat ezzel az <strong data-start=\"1579\" data-end=\"1615\">eredeti MSI-billenty\u0171zettel<\/strong>.<\/strong><\/p>\n","protected":false},"excerpt":{"rendered":"<p>Cser\u00e9lje ki a s\u00e9r\u00fclt <strong data-start=\"330\" data-end=\"374\">MSI GE60 2PC Apache billenty\u0171zet fels\u0151 cs\u00edkj\u00e1t<\/strong> erre az <strong data-start=\"385\" data-end=\"413\">eredeti cserealkatr\u00e9szre<\/strong>. <strong data-start=\"415\" data-end=\"462\">Val\u00f3di fot\u00f3k \u2013 amit l\u00e1tsz, azt kapod!<\/strong><\/p>\n","protected":false},"featured_media":11308,"template":"","meta":[],"product_brand":[],"product_cat":[16],"product_tag":[58],"class_list":{"0":"post-11236","1":"product","2":"type-product","3":"status-publish","4":"has-post-thumbnail","6":"product_cat-laptop-housing","7":"product_tag-msi","9":"first","10":"instock","11":"taxable","12":"shipping-taxable","13":"purchasable","14":"product-type-simple"},"_links":{"self":[{"href":"https:\/\/boreait.com\/hu\/wp-json\/wp\/v2\/product\/11236","targetHints":{"allow":["GET"]}}],"collection":[{"href":"https:\/\/boreait.com\/hu\/wp-json\/wp\/v2\/product"}],"about":[{"href":"https:\/\/boreait.com\/hu\/wp-json\/wp\/v2\/types\/product"}],"wp:featuredmedia":[{"embeddable":true,"href":"https:\/\/boreait.com\/hu\/wp-json\/wp\/v2\/media\/11308"}],"wp:attachment":[{"href":"https:\/\/boreait.com\/hu\/wp-json\/wp\/v2\/media?parent=11236"}],"wp:term":[{"taxonomy":"product_brand","embeddable":true,"href":"https:\/\/boreait.com\/hu\/wp-json\/wp\/v2\/product_brand?post=11236"},{"taxonomy":"product_cat","embeddable":true,"href":"https:\/\/boreait.com\/hu\/wp-json\/wp\/v2\/product_cat?post=11236"},{"taxonomy":"product_tag","embeddable":true,"href":"https:\/\/boreait.com\/hu\/wp-json\/wp\/v2\/product_tag?post=11236"}],"curies":[{"name":"wp","href":"https:\/\/api.w.org\/{rel}","templated":true}]}}