{"id":11234,"date":"2025-09-17T13:14:52","date_gmt":"2025-09-17T11:14:52","guid":{"rendered":"https:\/\/boreait.com\/hu\/?post_type=product&#038;p=11234"},"modified":"2025-09-17T13:17:24","modified_gmt":"2025-09-17T11:17:24","slug":"msi-ge60-2pc-apache-ms-16gf-edp-lcd-kepernyo-kabel-eredeti-laptop-alkatresz","status":"publish","type":"product","link":"https:\/\/boreait.com\/hu\/termek\/msi-ge60-2pc-apache-ms-16gf-edp-lcd-kepernyo-kabel-eredeti-laptop-alkatresz\/","title":{"rendered":"MSI GE60 2PC Apache MS-16GF eDP LCD k\u00e9perny\u0151 k\u00e1bel \u2013 Eredeti laptop alkatr\u00e9sz"},"content":{"rendered":"<p data-start=\"585\" data-end=\"880\">Jav\u00edtsa ki a megjelen\u00edt\u00e9si probl\u00e9m\u00e1kat <strong data-start=\"612\" data-end=\"642\">MSI GE60 2PC Apache laptopj\u00e1n<\/strong> ezzel az <strong data-start=\"653\" data-end=\"685\">eredeti eDP LCD-k\u00e9perny\u0151k\u00e1bellel<\/strong> a <strong data-start=\"612\" data-end=\"642\">MSI GE60 2PC Apache laptopon<\/strong> ezzel az <strong data-start=\"653\" data-end=\"685\">eredeti eDP LCD-k\u00e9perny\u0151k\u00e1bellel<\/strong> a <strong data-start=\"612\" data-end=\"642\">start=&#8221;69 data-start&#8221; modellhez data-end=&#8221;707&#8243;>MS-16GF<\/strong>. Ez az alapvet\u0151 <strong data-start=\"724\" data-end=\"739\">laptop alkatr\u00e9sz<\/strong> biztos\u00edtja a <strong data-start=\"750\" data-end=\"796\">stabil \u00e9s j\u00f3 min\u0151s\u00e9g\u0171 kijelz\u0151kapcsolatot<\/strong>, megel\u0151zve a villog\u00e1st, vonalakat vagy a hib\u00e1s k\u00e1bel okozta fekete k\u00e9perny\u0151vel kapcsolatos probl\u00e9m\u00e1kat.<\/p>\n<p data-start=\"882\" data-end=\"1268\">\ud83d\udd39 <strong data-start=\"885\" data-end=\"902\">F\u0151bb jellemz\u0151k:<\/strong><br data-start=\"902\" data-end=\"905\" \/>\u2714 <strong data-start=\"907\" data-end=\"927\">SI Part<br \u2013end=\"927\">G t\u00f6k\u00e9letes\u00edt\u00e9s<\/strong> adatok \/>\u2714 <strong data-start=\"1044\" data-end=\"1065\">eDP-kijelz\u0151 k\u00e1bel<\/strong> \u2013 elengedhetetlen a laptop LCD-k\u00e9perny\u0151j\u00e9nek csatlakoztat\u00e1s\u00e1hoz<br data-start=\"1116\" data-end=\"1119\" \/>\u2714 <strong data-start=\"1121\" data-end=\"1065\">eDP-jelek, k\u00e9perny\u0151k \u00e9s er\u0151s megold\u00e1sok<\/strong> probl\u00e9m\u00e1k<br data-start=\"1200\" data-end=\"1203\" \/>\u2714 <strong data-start=\"1205\" data-end=\"1231\">Kiv\u00e1l\u00f3 min\u0151s\u00e9g\u0171 csatlakoz\u00f3<\/strong> \u2013 Hossz\u00fa t\u00e1v\u00fa teljes\u00edtm\u00e9nyt biztos\u00edt<\/p>\n<p data-start=\"1270\" data-end=\"1293\">\ud83d\udca1 <strong data-start=\"1273\" data-end=\"1291\">Kompatibilit\u00e1s:<\/strong><\/p>\n<ul data-start=\"1294\" data-end=\"1408\">\n<li data-start=\"1294\" data-end=\"1344\">Kompatibilis az <strong data-start=\"1312\" data-end=\"1335\">MSI GE60 2PC Apache<\/strong> sorozattal<\/li>\n<li data-start=\"1345\" data-end=\"1408\">V\u00e1s\u00e1rl\u00e1s el\u0151tt ellen\u0151rizze laptopja modellj\u00e9t \u00e9s k\u00e1belverzi\u00f3j\u00e1t.<\/li>\n<\/ul>\n<p data-start=\"1410\" data-end=\"1511\">\ud83d\udcf8 <strong data-start=\"1413\" data-end=\"1429\">Val\u00f3di fot\u00f3k:<\/strong> Az adatlapon szerepl\u0151 k\u00e9pek pontosan azt a t\u00e9telt mutatj\u00e1k, amelyet \u00d6n kap \u2013 nincs meglepet\u00e9s!<\/p>\n<p data-start=\"1513\" data-end=\"1667\">\u2753 <strong data-start=\"1515\" data-end=\"1529\">Seg\u00edts\u00e9gre van sz\u00fcks\u00e9ge?<\/strong> B\u00e1r telep\u00edt\u00e9si utas\u00edt\u00e1sokat nem adunk, nyugodtan <strong data-start=\"1593\" data-end=\"1607\">\u00fczenjen nek\u00fcnk<\/strong> a v\u00e1s\u00e1rl\u00e1s el\u0151tt vagy ut\u00e1n.<\/strong><\/p>\n<p data-start=\"1669\" data-end=\"1790\">\ud83d\udce6 <strong data-start=\"1672\" data-end=\"1700\">Gyors kisz\u00e1ll\u00edt\u00e1s a vil\u00e1g minden pontj\u00e1ra!<\/strong> \u00c1ll\u00edtsa vissza laptopj\u00e1t t\u00f6k\u00e9letes m\u0171k\u00f6d\u0151k\u00e9pes \u00e1llapotba ezzel az eredeti <strong data-start=\"1770\" data-end=\"1787\" data-end=\"1787\">MSI<\/strong><\/strong> k\u00e1bellel.<\/p>\n","protected":false},"excerpt":{"rendered":"<p>Cser\u00e9lje ki a s\u00e9r\u00fclt vagy hib\u00e1s <strong data-start=\"331\" data-end=\"352\">eDP kijelz\u0151k\u00e1belt<\/strong> erre az eredeti <strong data-start=\"371\" data-end=\"402\">MSI GE60 2PC Apache MS-16GF<\/strong> alkatr\u00e9szre. Biztos\u00edtja a stabil \u00e9s tiszta k\u00e9perny\u0151kapcsolatot. <strong data-start=\"455\" data-end=\"502\">Val\u00f3di fot\u00f3k \u2013 amit l\u00e1tsz, azt kapod!<\/strong><\/p>\n","protected":false},"featured_media":11306,"template":"","meta":[],"product_brand":[],"product_cat":[20],"product_tag":[58],"class_list":{"0":"post-11234","1":"product","2":"type-product","3":"status-publish","4":"has-post-thumbnail","6":"product_cat-cables","7":"product_tag-msi","9":"first","10":"instock","11":"taxable","12":"shipping-taxable","13":"purchasable","14":"product-type-simple"},"_links":{"self":[{"href":"https:\/\/boreait.com\/hu\/wp-json\/wp\/v2\/product\/11234","targetHints":{"allow":["GET"]}}],"collection":[{"href":"https:\/\/boreait.com\/hu\/wp-json\/wp\/v2\/product"}],"about":[{"href":"https:\/\/boreait.com\/hu\/wp-json\/wp\/v2\/types\/product"}],"wp:featuredmedia":[{"embeddable":true,"href":"https:\/\/boreait.com\/hu\/wp-json\/wp\/v2\/media\/11306"}],"wp:attachment":[{"href":"https:\/\/boreait.com\/hu\/wp-json\/wp\/v2\/media?parent=11234"}],"wp:term":[{"taxonomy":"product_brand","embeddable":true,"href":"https:\/\/boreait.com\/hu\/wp-json\/wp\/v2\/product_brand?post=11234"},{"taxonomy":"product_cat","embeddable":true,"href":"https:\/\/boreait.com\/hu\/wp-json\/wp\/v2\/product_cat?post=11234"},{"taxonomy":"product_tag","embeddable":true,"href":"https:\/\/boreait.com\/hu\/wp-json\/wp\/v2\/product_tag?post=11234"}],"curies":[{"name":"wp","href":"https:\/\/api.w.org\/{rel}","templated":true}]}}