{"id":11226,"date":"2025-09-17T13:14:29","date_gmt":"2025-09-17T11:14:29","guid":{"rendered":"https:\/\/boreait.com\/hu\/?post_type=product&#038;p=11226"},"modified":"2025-09-17T13:17:21","modified_gmt":"2025-09-17T11:17:21","slug":"msi-ge60-2pc-apache-usb-audiokartya-eredeti-laptop-cserealkatresz","status":"publish","type":"product","link":"https:\/\/boreait.com\/hu\/termek\/msi-ge60-2pc-apache-usb-audiokartya-eredeti-laptop-cserealkatresz\/","title":{"rendered":"MSI GE60 2PC Apache USB audiok\u00e1rtya \u2013 Eredeti laptop cserealkatr\u00e9sz"},"content":{"rendered":"<p data-start=\"569\" data-end=\"819\"> \u00c1ll\u00edtsa vissza <strong data-start=\"626\" data-end=\"649\">MSI GE60 2PC Apache<\/strong> teljes <strong data-start=\"586\" data-end=\"617\">USB- \u00e9s audiofunkci\u00f3it<\/strong> ezzel az <strong data-start=\"626\" data-end=\"649\">MSI GE60 2PC Apache<\/strong> haszn\u00e1lat\u00e1val ezzel az <strong data-start=\"586\" data-end=\"617\">USB- \u00e9s audiofunkci\u00f3val t\u00e1bla<\/strong>nak. Ez az <strong data-start=\"706\" data-end=\"718\">OEM-r\u00e9sz<\/strong> biztos\u00edtja a z\u00f6kken\u0151mentes kompatibilit\u00e1st, \u00e9letre keltve laptopja <strong data-start=\"774\" data-end=\"803\">USB-portjait \u00e9s audiocsatlakoz\u00f3it<\/strong>.<\/p>\n<p data-start=\"821\" data-end=\"1185\">\ud83d\udd39 <strong data-start=\"824\" data-end=\"841\">F\u0151bb jellemz\u0151k:<\/strong><br data-start=\"841\" data-end=\"844\" \/>\u2714 <strong data-start=\"846\" data-end=\"866\">SI-reakci\u00f3k<\/strong> teljes kompatibilit\u00e1s<br data-start=\"910\" data-end=\"913\" \/>\u2714 <strong data-start=\"915\" data-end=\"936\">USB &amp; Audioportok<\/strong> \u2013 Egy egyszer\u0171 cser\u00e9vel vissza\u00e1ll\u00edtja mindk\u00e9t funkci\u00f3t<br data-start=\"986\" data-end=\"989\" \/>\u2714 <strong data-start=\"991\" data-end=\"1006\">OEM min\u0151s\u00e9g<\/strong> \u2013 T\u00f6k\u00e9letes illeszked\u00e9sre \u00e9s amp; tart\u00f3ss\u00e1g<br data-start=\"1046\" data-end=\"1049\" \/>\u2714 <strong data-start=\"1051\" data-end=\"1066\">Dugja be \u00e9s amp; Lej\u00e1tsz\u00e1s<\/strong> \u2013 Nincs sz\u00fcks\u00e9g m\u00f3dos\u00edt\u00e1sra, csak telep\u00edtse \u00e9s haszn\u00e1lja<br data-start=\"1114\" data-end=\"1117\" \/>\u2714 <strong data-start=\"1119\" data-end=\"1147\">Csatlakoz\u00f3 k\u00e1belt tartalmaz<\/strong> \u2013 Probl\u00e9mamentes cser\u00e9t biztos\u00edt<\/p>\n<p data-start=\"1187\" data-end=\"1210\">\ud83d\udca1 <strong data-start=\"1190\" data-end=\"1208\">Kompatibilit\u00e1s:<\/strong><\/p>\n<ul data-start=\"1211\" data-end=\"1332\">\n<li data-start=\"1211\" data-end=\"1272\">Kifejezetten <strong data-start=\"1239\" data-end=\"1262\">MSI GE60 2PC Apache<\/strong> laptopokhoz<\/li>\n<li data-start=\"1273\" data-end=\"1332\">Ellen\u0151rizze megl\u00e9v\u0151 t\u00e1blamodellj\u00e9t a kompatibilit\u00e1s \u00e9rdek\u00e9ben<\/li>\n<\/ul>\n<p data-start=\"1334\" data-end=\"1435\">\ud83d\udcf8 <strong data-start=\"1337\" data-end=\"1353\">Val\u00f3di fot\u00f3k:<\/strong> Az adatlapon szerepl\u0151 k\u00e9pek pontosan azt a t\u00e9telt mutatj\u00e1k, amelyet \u00d6n kap \u2013 nincs meglepet\u00e9s!<\/p>\n<p data-start=\"1437\" data-end=\"1591\">\u2753 <strong data-start=\"1439\" data-end=\"1453\">Seg\u00edts\u00e9gre van sz\u00fcks\u00e9ge?<\/strong> B\u00e1r telep\u00edt\u00e9si utas\u00edt\u00e1sokat nem adunk, nyugodtan <strong data-start=\"1517\" data-end=\"1531\">\u00fczenjen nek\u00fcnk<\/strong> a v\u00e1s\u00e1rl\u00e1s el\u0151tt vagy ut\u00e1n.<\/strong><\/p>\n<p data-start=\"1593\" data-end=\"1726\">\ud83d\udce6 <strong data-start=\"1596\" data-end=\"1624\">Gyors sz\u00e1ll\u00edt\u00e1s a vil\u00e1g minden pontj\u00e1ra!<\/strong> Tedd \u00fajra t\u00f6k\u00e9letesen m\u0171k\u00f6d\u0151k\u00e9pes MSI laptopod ezzel a <strong data-start=\"1679\" data-end=\"1723\"<\/p>\n<p> kiv\u00e1l\u00f3 min\u0151s\u00e9g\u0171 USB audiok\u00e1rty\u00e1val<\/p>\n<p>.<\/p>\n","protected":false},"excerpt":{"rendered":"<p>Cser\u00e9lje ki a s\u00e9r\u00fclt <strong data-start=\"320\" data-end=\"359\">MSI GE60 2PC Apache USB audiok\u00e1rty\u00e1t<\/strong> erre az <strong data-start=\"370\" data-end=\"386\">eredeti alkatr\u00e9szre<\/strong>. Vissza\u00e1ll\u00edtja az <strong data-start=\"397\" data-end=\"437\">USB-kapcsolatot \u00e9s az audiofunkci\u00f3kat<\/strong>. <strong data-start=\"439\" data-end=\"486\">Val\u00f3di fot\u00f3k \u2013 amit l\u00e1tsz, azt kapod!<\/strong><\/p>\n","protected":false},"featured_media":11305,"template":"","meta":[],"product_brand":[],"product_cat":[27],"product_tag":[58],"class_list":{"0":"post-11226","1":"product","2":"type-product","3":"status-publish","4":"has-post-thumbnail","6":"product_cat-motherboards-board-parts","7":"product_tag-msi","9":"first","10":"instock","11":"taxable","12":"shipping-taxable","13":"purchasable","14":"product-type-simple"},"_links":{"self":[{"href":"https:\/\/boreait.com\/hu\/wp-json\/wp\/v2\/product\/11226","targetHints":{"allow":["GET"]}}],"collection":[{"href":"https:\/\/boreait.com\/hu\/wp-json\/wp\/v2\/product"}],"about":[{"href":"https:\/\/boreait.com\/hu\/wp-json\/wp\/v2\/types\/product"}],"wp:featuredmedia":[{"embeddable":true,"href":"https:\/\/boreait.com\/hu\/wp-json\/wp\/v2\/media\/11305"}],"wp:attachment":[{"href":"https:\/\/boreait.com\/hu\/wp-json\/wp\/v2\/media?parent=11226"}],"wp:term":[{"taxonomy":"product_brand","embeddable":true,"href":"https:\/\/boreait.com\/hu\/wp-json\/wp\/v2\/product_brand?post=11226"},{"taxonomy":"product_cat","embeddable":true,"href":"https:\/\/boreait.com\/hu\/wp-json\/wp\/v2\/product_cat?post=11226"},{"taxonomy":"product_tag","embeddable":true,"href":"https:\/\/boreait.com\/hu\/wp-json\/wp\/v2\/product_tag?post=11226"}],"curies":[{"name":"wp","href":"https:\/\/api.w.org\/{rel}","templated":true}]}}