{"id":11225,"date":"2025-09-17T13:14:29","date_gmt":"2025-09-17T11:14:29","guid":{"rendered":"https:\/\/boreait.com\/hu\/?post_type=product&#038;p=11225"},"modified":"2025-09-17T13:17:17","modified_gmt":"2025-09-17T11:17:17","slug":"msi-ge60-2pc-apache-hangszorokeszlet-eredeti-laptop-vezetek-nelkuli-jelalkatreszek","status":"publish","type":"product","link":"https:\/\/boreait.com\/hu\/termek\/msi-ge60-2pc-apache-hangszorokeszlet-eredeti-laptop-vezetek-nelkuli-jelalkatreszek\/","title":{"rendered":"MSI GE60 2PC Apache hangsz\u00f3r\u00f3k\u00e9szlet \u2013 Eredeti laptop vezet\u00e9k n\u00e9lk\u00fcli jelalkatr\u00e9szek"},"content":{"rendered":"<p data-start=\"585\" data-end=\"894\">MSI GE60 2PC Apache hangsz\u00f3r\u00f3k\u00e9szlet \u2013 Eredeti laptop vezet\u00e9k n\u00e9lk\u00fcli jelalkatr\u00e9szek. N\u00e9zze meg a fot\u00f3t, ez a laptop 2 hangsz\u00f3r\u00f3k\u00e9szlettel rendelkezik!<\/p>\n<p data-start=\"896\" data-end=\"1278\">\ud83d\udd39 <strong data-start=\"899\" data-end=\"916\">F\u0151bb jellemz\u0151k:<\/strong><br data-start=\"916\" data-end=\"919\" \/>\u2714 <strong data-start=\"921\" data-end=\"941\">GE Kifejezetten az M6 Part<\/strong>en \u2013 SI Part<\/strong>en 2PC Apache modell<br data-start=\"995\" data-end=\"998\" \/>\u2714 <strong data-start=\"1222\" data-end=\"1250\">Dugja be \u00e9s amp; Play telep\u00edt\u00e9s<\/strong> \u2013 Nincs sz\u00fcks\u00e9g m\u00f3dos\u00edt\u00e1sra<\/p>\n<p data-start=\"1280\" data-end=\"1303\">\ud83d\udca1 <strong data-start=\"1283\" data-end=\"1301\">Kompatibilit\u00e1s:<\/strong><\/p>\n<ul data-start=\"1304\" data-end=\"1474\">\n<li data-start=\"1304\" data-end=\"1338\"><strong data-start=\"1306\" data-end=\"1316\">Modell:<\/strong> MSI GE60 2PC Apache<\/li>\n<li data-start=\"1401\" data-end=\"1474\"><strong data-start=\"1403\" data-end=\"1430\">V\u00e1s\u00e1rl\u00e1s el\u0151tt ellen\u0151rizze laptopja modellj\u00e9t<\/strong> a kompatibilit\u00e1s \u00e9rdek\u00e9ben.<\/li>\n<\/ul>\n<p data-start=\"1476\" data-end=\"1581\">\ud83d\udcf8 <strong data-start=\"1479\" data-end=\"1495\">Val\u00f3di fot\u00f3k:<\/strong> Az adatlapon szerepl\u0151 k\u00e9pek pontosan azokat az antenn\u00e1kat mutatj\u00e1k, amelyeket fog kapni \u2013 nincs meglepet\u00e9s!<\/p>\n<p data-start=\"1583\" data-end=\"1737\">\u2753 <strong data-start=\"1585\" data-end=\"1599\">Seg\u00edts\u00e9gre van sz\u00fcks\u00e9ge?<\/strong> B\u00e1r telep\u00edt\u00e9si utas\u00edt\u00e1sokat nem adunk, nyugodtan <strong data-start=\"1663\" data-end=\"1677\">\u00fczenjen nek\u00fcnk<\/strong> a v\u00e1s\u00e1rl\u00e1s el\u0151tt vagy ut\u00e1n.<\/strong><\/p>\n<p data-start=\"1739\" data-end=\"1878\">\n","protected":false},"excerpt":{"rendered":"<p data-start=\"304\" data-end=\"504\">MSI GE60 2PC Apache hangsz\u00f3r\u00f3k\u00e9szlet \u2013 Eredeti laptop vezet\u00e9k n\u00e9lk\u00fcli jelalkatr\u00e9szek. N\u00e9zze meg a fot\u00f3t, ez a laptop 2 hangsz\u00f3r\u00f3k\u00e9szlettel rendelkezik!<\/p>\n","protected":false},"featured_media":11304,"template":"","meta":[],"product_brand":[],"product_cat":[18],"product_tag":[58],"class_list":{"0":"post-11225","1":"product","2":"type-product","3":"status-publish","4":"has-post-thumbnail","6":"product_cat-laptop-speakers","7":"product_tag-msi","9":"first","10":"instock","11":"taxable","12":"shipping-taxable","13":"purchasable","14":"product-type-simple"},"_links":{"self":[{"href":"https:\/\/boreait.com\/hu\/wp-json\/wp\/v2\/product\/11225","targetHints":{"allow":["GET"]}}],"collection":[{"href":"https:\/\/boreait.com\/hu\/wp-json\/wp\/v2\/product"}],"about":[{"href":"https:\/\/boreait.com\/hu\/wp-json\/wp\/v2\/types\/product"}],"wp:featuredmedia":[{"embeddable":true,"href":"https:\/\/boreait.com\/hu\/wp-json\/wp\/v2\/media\/11304"}],"wp:attachment":[{"href":"https:\/\/boreait.com\/hu\/wp-json\/wp\/v2\/media?parent=11225"}],"wp:term":[{"taxonomy":"product_brand","embeddable":true,"href":"https:\/\/boreait.com\/hu\/wp-json\/wp\/v2\/product_brand?post=11225"},{"taxonomy":"product_cat","embeddable":true,"href":"https:\/\/boreait.com\/hu\/wp-json\/wp\/v2\/product_cat?post=11225"},{"taxonomy":"product_tag","embeddable":true,"href":"https:\/\/boreait.com\/hu\/wp-json\/wp\/v2\/product_tag?post=11225"}],"curies":[{"name":"wp","href":"https:\/\/api.w.org\/{rel}","templated":true}]}}