{"id":11224,"date":"2025-09-17T13:14:29","date_gmt":"2025-09-17T11:14:29","guid":{"rendered":"https:\/\/boreait.com\/hu\/?post_type=product&#038;p=11224"},"modified":"2026-02-08T12:47:37","modified_gmt":"2026-02-08T11:47:37","slug":"msi-ge60-2pc-apache-wi-fi-kartya-3160hmw-ketsavos-vezetek-nelkuli-ac-laptop-modul","status":"publish","type":"product","link":"https:\/\/boreait.com\/hu\/termek\/msi-ge60-2pc-apache-wi-fi-kartya-3160hmw-ketsavos-vezetek-nelkuli-ac-laptop-modul\/","title":{"rendered":"MSI GE60 2PC Apache Wi-Fi k\u00e1rtya 3160HMW \u2013 k\u00e9ts\u00e1vos vezet\u00e9k n\u00e9lk\u00fcli AC laptop modul"},"content":{"rendered":"<p data-start=\"593\" data-end=\"862\">N\u00f6velje laptopja vezet\u00e9k n\u00e9lk\u00fcli teljes\u00edtm\u00e9ny\u00e9t ezzel az <strong data-start=\"715\" data-end=\"738\">M<\/strong> ApGEa Tapasztalja meg a <strong data-start=\"751\" data-end=\"814\">gyorsabb sebess\u00e9get, er\u0151sebb kapcsolatokat \u00e9s jobb stabilit\u00e1st<\/strong> a z\u00f6kken\u0151mentes j\u00e1t\u00e9khoz, streamel\u00e9shez \u00e9s b\u00f6ng\u00e9sz\u00e9shez.<\/p>\n<p data-start=\"864\" data-end=\"1265\">\ud83d\udd39 <strong data-start=\"867\" data-end=\"884\">F\u0151bb jellemz\u0151k:<\/strong><br data-start=\"884\" data-end=\"887\" \/>\u2714 <strong data-start=\"889\" data-end=\"928\" \">3160 Intel H k\u00e1rtya<\/strong> Nagy sebess\u00e9g\u0171 Wi-Fi-kapcsolatot biztos\u00edt<br data-start=\"968\" data-end=\"971\" \/>\u2714 <strong data-start=\"973\" data-end=\"1002\">K\u00e9ts\u00e1vos (2,4 GHz \u00e9s 5 GHz)<\/strong> \u2013 Gyorsabb \u00e9s stabilabb internetteljes\u00edtm\u00e9ny<br data-start=\"968\" data-end=\"1\" adatok adatok\n\n\n\n<p data-start=\"1267\" data-end=\"1290\">\ud83d\udca1 <strong data-start=\"1270\" data-end=\"1288\">Kompatibilit\u00e1s:<\/strong><\/p>\n<ul data-start=\"1291\" data-end=\"1454\">\n<li data-start=\"1291\" data-end=\"1386\"><strong data-start=\"1306\" data-end=\"1329\">MSI GE60 2PC Apache<\/strong> sz\u00e1m\u00e1ra k\u00e9sz\u00fclt (v\u00e1s\u00e1rl\u00e1s el\u0151tt ellen\u0151rizze a kompatibilit\u00e1st laptopj\u00e1val)<\/li>\n<li data-start=\"1387\" data-end=\"1454\">M\u00e1s laptopokkal m\u0171k\u00f6dik, amelyek t\u00e1mogatj\u00e1k a <strong data-start=\"1427\" data-end=\"1452\">Mini PCIe Wi-Fi k\u00e1rty\u00e1kat<\/strong><\/li>\n<\/ul>\n<p data-start=\"1456\" data-end=\"1558\">\ud83d\udcf8 <strong data-start=\"1459\" data-end=\"1475\">Val\u00f3di fot\u00f3k:<\/strong> Az adatlapon szerepl\u0151 k\u00e9pek azt mutatj\u00e1k, hogy milyen t\u00e9telt kapsz \u2013 nincs meglepet\u00e9s!<\/p>\n<p data-start=\"1560\" data-end=\"1673\">\u2753 <strong data-start=\"1562\" data-end=\"1582\">Seg\u00edts\u00e9gre van sz\u00fcks\u00e9ge?<\/strong> Telep\u00edt\u00e9si utas\u00edt\u00e1sokat nem adunk, de \u00d6n b\u00e1rmikor <strong data-start=\"1639\" data-end=\"1653\">\u00fczenetet k\u00fcldhet nek\u00fcnk<\/strong>!<\/strong><\/p>\n<p data-start=\"1675\" data-end=\"1785\">\ud83d\udce6 <strong data-start=\"1678\" data-end=\"1706\">Gyors sz\u00e1ll\u00edt\u00e1s a vil\u00e1g minden pontj\u00e1ra!<\/strong> Tegye vissza laptopja cs\u00facsteljes\u00edtm\u00e9ny\u00e9t ezzel az <strong data-start=\"1757\" data-end=\"1782\">eredeti vezet\u00e9k n\u00e9lk\u00fcli k\u00e1rty\u00e1val<\/strong>.<\/p>\n","protected":false},"excerpt":{"rendered":"<p>Friss\u00edtse <strong data-start=\"333\" data-end=\"356\">MSI GE60 2PC Apache<\/strong> k\u00e9sz\u00fcl\u00e9k\u00e9t az <strong data-start=\"366\" data-end=\"405\">Intel 3160HMW Dual Band Wireless-AC<\/strong> k\u00e1rty\u00e1val. \u00c9lvezze a gyorsabb Wi-Fi sebess\u00e9get \u00e9s a stabil kapcsolatot. <strong data-start=\"463\" data-end=\"510\">Val\u00f3di fot\u00f3k \u2013 amit l\u00e1tsz, azt kapod!<\/strong><\/p>\n","protected":false},"featured_media":11303,"template":"","meta":[],"product_brand":[],"product_cat":[27],"product_tag":[58],"class_list":{"0":"post-11224","1":"product","2":"type-product","3":"status-publish","4":"has-post-thumbnail","6":"product_cat-motherboards-board-parts","7":"product_tag-msi","9":"first","10":"instock","11":"taxable","12":"shipping-taxable","13":"purchasable","14":"product-type-simple"},"_links":{"self":[{"href":"https:\/\/boreait.com\/hu\/wp-json\/wp\/v2\/product\/11224","targetHints":{"allow":["GET"]}}],"collection":[{"href":"https:\/\/boreait.com\/hu\/wp-json\/wp\/v2\/product"}],"about":[{"href":"https:\/\/boreait.com\/hu\/wp-json\/wp\/v2\/types\/product"}],"wp:featuredmedia":[{"embeddable":true,"href":"https:\/\/boreait.com\/hu\/wp-json\/wp\/v2\/media\/11303"}],"wp:attachment":[{"href":"https:\/\/boreait.com\/hu\/wp-json\/wp\/v2\/media?parent=11224"}],"wp:term":[{"taxonomy":"product_brand","embeddable":true,"href":"https:\/\/boreait.com\/hu\/wp-json\/wp\/v2\/product_brand?post=11224"},{"taxonomy":"product_cat","embeddable":true,"href":"https:\/\/boreait.com\/hu\/wp-json\/wp\/v2\/product_cat?post=11224"},{"taxonomy":"product_tag","embeddable":true,"href":"https:\/\/boreait.com\/hu\/wp-json\/wp\/v2\/product_tag?post=11224"}],"curies":[{"name":"wp","href":"https:\/\/api.w.org\/{rel}","templated":true}]}}