{"id":11223,"date":"2025-09-17T13:14:29","date_gmt":"2025-09-17T11:14:29","guid":{"rendered":"https:\/\/boreait.com\/hu\/?post_type=product&#038;p=11223"},"modified":"2025-09-17T13:17:11","modified_gmt":"2025-09-17T11:17:11","slug":"msi-ge60-2pc-apache-laptop-csuklopantok-eredeti-bal-es-jobb-zsanerkeszlet","status":"publish","type":"product","link":"https:\/\/boreait.com\/hu\/termek\/msi-ge60-2pc-apache-laptop-csuklopantok-eredeti-bal-es-jobb-zsanerkeszlet\/","title":{"rendered":"MSI GE60 2PC Apache laptop csukl\u00f3p\u00e1ntok \u2013 Eredeti bal \u00e9s jobb zsan\u00e9rk\u00e9szlet"},"content":{"rendered":"<p data-start=\"556\" data-end=\"774\"> Keltse \u00e9letre laptopj\u00e1t ezzel az <strong data-start=\"597\" data-end=\"639\">eredeti MSI GE60 2PC Apache zsan\u00e9rk\u00e9szlettel<\/strong>. Ha a laptop k\u00e9perny\u0151je laza, ingatag vagy nem marad a hely\u00e9n, a zsan\u00e9rok cser\u00e9je helyre\u00e1ll\u00edthatja a z\u00f6kken\u0151mentes mozg\u00e1st \u00e9s a tart\u00f3ss\u00e1got.<\/p>\n<p data-start=\"776\" data-end=\"1185\">\ud83d\udd39 <strong data-start=\"779\" data-end=\"796\">F\u0151bb jellemz\u0151k:<\/strong><br data-start=\"796\" data-end=\"799\" \/>\u2714 <strong data-start=\"801\" data-end=\"823\">Kifejezetten az MSI-hez tervezve<\/strong> MSIGesuine<\/strong> GE60 2PC Apache laptopok<br data-start=\"879\" data-end=\"882\" \/>\u2714 <strong data-start=\"884\" data-end=\"916\">Bal \u00e9s amp; Tartalmazza a jobb oldali zsan\u00e9rokat<\/strong> \u2013 teljes cserek\u00e9szlet<br data-start=\"943\" data-end=\"946\" \/>\u2714 <strong data-start=\"948\" data-end=\"978\">Tart\u00f3s f\u00e9mszerkezet<\/strong> \u2013 Tart\u00f3s \u00e9s napi haszn\u00e1latra k\u00e9sz\u00fclt<br data-start=\"1018\" data-end=\"13\"s adatok\n\n\n\n<p data-start=\"1187\" data-end=\"1210\">\ud83d\udca1 <strong data-start=\"1190\" data-end=\"1208\">Kompatibilit\u00e1s:<\/strong><\/p>\n<ul data-start=\"1211\" data-end=\"1339\">\n<li data-start=\"1211\" data-end=\"1286\">Alkalmas <strong data-start=\"1218\" data-end=\"1241\">MSI GE60 2PC Apache<\/strong>-hoz (v\u00e1s\u00e1rl\u00e1s el\u0151tt ellen\u0151rizze a laptop modellj\u00e9t)<\/li>\n<li data-start=\"1287\" data-end=\"1339\">K\u00f6zvetlen csere elhaszn\u00e1l\u00f3dott vagy t\u00f6r\u00f6tt zsan\u00e9rok eset\u00e9n<\/li>\n<\/ul>\n<p data-start=\"1341\" data-end=\"1450\">\ud83d\udcf8 <strong data-start=\"1344\" data-end=\"1360\">Val\u00f3di fot\u00f3k:<\/strong> Az adatlapon szerepl\u0151 k\u00e9pek a t\u00e9nyleges zsan\u00e9rokat mutatj\u00e1k, amelyeket kapni fog \u2013 nincs stock k\u00e9p!<\/p>\n<p data-start=\"1452\" data-end=\"1606\">\u2753 <strong data-start=\"1454\" data-end=\"1474\">Seg\u00edts\u00e9gre van sz\u00fcks\u00e9ge?<\/strong> B\u00e1r a telep\u00edt\u00e9si utas\u00edt\u00e1sokat nem adjuk meg, nyugodtan <strong data-start=\"1538\" data-end=\"1552\">\u00edrjon, ha seg\u00edts\u00e9gre van sz\u00fcks\u00e9ge<\/strong> a v\u00e1s\u00e1rl\u00e1s el\u0151tt.<\/strong><\/p>\n<p data-start=\"1608\" data-end=\"1716\">\ud83d\udce6 <strong data-start=\"1611\" data-end=\"1639\">Gyors sz\u00e1ll\u00edt\u00e1s az eg\u00e9sz vil\u00e1gon!<\/strong> Hozd \u00fajra form\u00e1ba laptopodat ezzel az <strong data-start=\"1680\" data-end=\"1713\">MSI Apche csukl\u00f3s k\u00e9szlettel<\/strong><\/strong> GE60.<\/strong><\/p>\n","protected":false},"excerpt":{"rendered":"<p>\u00c1ll\u00edtsa vissza laptopja stabilit\u00e1s\u00e1t ezzel az <strong data-start=\"329\" data-end=\"374\">eredeti MSI GE60 2PC Apache zsan\u00e9rk\u00e9szlettel<\/strong>. Bal \u00e9s jobb oldali zsan\u00e9rokat tartalmaz a t\u00f6k\u00e9letes illeszked\u00e9s \u00e9rdek\u00e9ben. <strong data-start=\"426\" data-end=\"473\">Val\u00f3di fot\u00f3k \u2013 amit l\u00e1tsz, azt kapod!<\/strong><\/p>\n","protected":false},"featured_media":11302,"template":"","meta":[],"product_brand":[],"product_cat":[19],"product_tag":[58],"class_list":{"0":"post-11223","1":"product","2":"type-product","3":"status-publish","4":"has-post-thumbnail","6":"product_cat-screen-hinge","7":"product_tag-msi","9":"first","10":"instock","11":"taxable","12":"shipping-taxable","13":"purchasable","14":"product-type-simple"},"_links":{"self":[{"href":"https:\/\/boreait.com\/hu\/wp-json\/wp\/v2\/product\/11223","targetHints":{"allow":["GET"]}}],"collection":[{"href":"https:\/\/boreait.com\/hu\/wp-json\/wp\/v2\/product"}],"about":[{"href":"https:\/\/boreait.com\/hu\/wp-json\/wp\/v2\/types\/product"}],"wp:featuredmedia":[{"embeddable":true,"href":"https:\/\/boreait.com\/hu\/wp-json\/wp\/v2\/media\/11302"}],"wp:attachment":[{"href":"https:\/\/boreait.com\/hu\/wp-json\/wp\/v2\/media?parent=11223"}],"wp:term":[{"taxonomy":"product_brand","embeddable":true,"href":"https:\/\/boreait.com\/hu\/wp-json\/wp\/v2\/product_brand?post=11223"},{"taxonomy":"product_cat","embeddable":true,"href":"https:\/\/boreait.com\/hu\/wp-json\/wp\/v2\/product_cat?post=11223"},{"taxonomy":"product_tag","embeddable":true,"href":"https:\/\/boreait.com\/hu\/wp-json\/wp\/v2\/product_tag?post=11223"}],"curies":[{"name":"wp","href":"https:\/\/api.w.org\/{rel}","templated":true}]}}