{"id":11216,"date":"2025-09-17T13:14:07","date_gmt":"2025-09-17T11:14:07","guid":{"rendered":"https:\/\/boreait.com\/hu\/?post_type=product&#038;p=11216"},"modified":"2025-09-17T13:17:00","modified_gmt":"2025-09-17T11:17:00","slug":"msi-ge60-2pc-apache-usb-vga-lan-port-kartya-ms-16gfa-eredeti-laptop-alkatresz","status":"publish","type":"product","link":"https:\/\/boreait.com\/hu\/termek\/msi-ge60-2pc-apache-usb-vga-lan-port-kartya-ms-16gfa-eredeti-laptop-alkatresz\/","title":{"rendered":"MSI GE60 2PC Apache USB VGA LAN port k\u00e1rtya MS-16GFA \u2013 Eredeti laptop alkatr\u00e9sz"},"content":{"rendered":"<p data-start=\"589\" data-end=\"806\"> \u00c1ll\u00edtsa vissza a teljes kapcsolatot <strong data-start=\"623\" data-end=\"646\">MSI GE60 2PC Apache<\/strong> laptopj\u00e1hoz ezzel az <strong data-start=\"664\" data-end=\"714\">OEM USB VGA Ethernet LAN port k\u00e1rty\u00e1val (MS-1)<\/strong>. Kifejezetten ehhez a modellhez tervezve megb\u00edzhat\u00f3 teljes\u00edtm\u00e9nyt \u00e9s t\u00f6k\u00e9letes illeszked\u00e9st biztos\u00edt.<\/p>\n<p data-start=\"808\" data-end=\"1000\">\ud83d\udd39 <strong data-start=\"811\" data-end=\"828\">F\u0151bb jellemz\u0151k:<\/strong><br data-start=\"828\" data-end=\"831\" \/>\u2714 <strong data-start=\"833\" data-end=\"853\">Garancia<\/strong>OEM Parts foruine M kompatibilit\u00e1s<br data-start=\"900\" data-end=\"903\" \/>\u2714 <strong data-start=\"905\" data-end=\"924\">Modell: MS-16GFA<\/strong> \u2013 Pontos egyez\u00e9s az <strong data-start=\"943\" data-end=\"966\">MSI GE60-2PC-laptop=&#8221;974&#8243;-2PC-s Apache data-hoz<\/strong> data-end=&#8221;977&#8243; \/>\u2714 <strong data-start=\"979\" data-end=\"998\">Tartalmazott portok:<\/strong><\/p>\n<ul data-start=\"1004\" data-end=\"1349\">\n<li data-start=\"1004\" data-end=\"1085\"><strong data-start=\"1006\" data-end=\"1019\">USB-portok<\/strong> \u2013 Perif\u00e9ri\u00e1k, p\u00e9ld\u00e1ul k\u00fcls\u0151 meghajt\u00f3k, egerek \u00e9s billenty\u0171zetek csatlakoztat\u00e1sa<\/li>\n<li data-start=\"1089\" data-end=\"1140\"><strong data-start=\"1091\" data-end=\"1103\">VGA port<\/strong> \u2013 K\u00fcls\u0151 kijelz\u0151 csatlakoz\u00e1sokhoz<\/li>\n<li data-start=\"1144\" data-end=\"1349\"><strong data-start=\"1146\" data-end=\"1169\">Ethernet (LAN) port<\/strong> \u2013 Biztos\u00edtsa a stabil vezet\u00e9kes internet-hozz\u00e1f\u00e9r\u00e9st<br data-start=\"1207\" data-end=\"1210\" \/>\u2714tart- <strong data-start=\"11-2\"3=\"12EM-2\"3 \u00c9p\u00edt\u00e9si min\u0151s\u00e9g<\/strong> \u2013 \u00dagy tervezt\u00e9k, hogy megfeleljen az MSI eredeti specifik\u00e1ci\u00f3inak<br data-start=\"1282\" data-end=\"1285\" \/>\u2714 <strong data-start=\"1287\" data-end=\"1307\">Egyszer\u0171 csere<\/strong> \u2013 A teljes funkcionalit\u00e1s vissza\u00e1ll\u00edt\u00e1sa percek alatt<\/li>\n<\/ul>\n<p data-start=\"1351\" data-end=\"1374\">\ud83d\udca1 <strong data-start=\"1354\" data-end=\"1372\">Kompatibilit\u00e1s:<\/strong><\/p>\n<ul data-start=\"1375\" data-end=\"1500\">\n<li data-start=\"1375\" data-end=\"1444\"><strong data-start=\"1377\" data-end=\"1400\">MSI GE60 2PC Apache<\/strong> (V\u00e1s\u00e1rl\u00e1s el\u0151tt ellen\u0151rizze a laptop modellj\u00e9t)<\/li>\n<li data-start=\"1445\" data-end=\"1500\">Szabv\u00e1nyos csatlakoz\u00f3elrendez\u00e9s a z\u00f6kken\u0151mentes telep\u00edt\u00e9shez<\/li>\n<\/ul>\n<p data-start=\"1502\" data-end=\"1603\">\ud83d\udcf8 <strong data-start=\"1505\" data-end=\"1521\">Val\u00f3di fot\u00f3k:<\/strong> Az adatlapon szerepl\u0151 k\u00e9pek pontosan azt a r\u00e9szt mutatj\u00e1k, amit kapsz \u2013 nincs meglepet\u00e9s!<\/p>\n<p data-start=\"1605\" data-end=\"1759\">\u2753 <strong data-start=\"1607\" data-end=\"1621\">Seg\u00edts\u00e9gre van sz\u00fcks\u00e9ge?<\/strong> B\u00e1r telep\u00edt\u00e9si utas\u00edt\u00e1sokat nem adunk, nyugodtan <strong data-start=\"1685\" data-end=\"1699\">\u00fczenjen nek\u00fcnk<\/strong> a v\u00e1s\u00e1rl\u00e1s el\u0151tt vagy ut\u00e1n.<\/strong><\/p>\n<p data-start=\"1761\" data-end=\"1869\">\ud83d\udce6 <strong data-start=\"1764\" data-end=\"1792\">Gyors sz\u00e1ll\u00edt\u00e1s a vil\u00e1g minden pontj\u00e1ra!<\/strong> Hagyja \u00fajra m\u0171k\u00f6d\u0151k\u00e9pes laptopj\u00e1t ezzel az <strong data-start=\"1833\" data-end=\"1866\">eredeti<\/strong> MSI USB VGA LANp> k\u00e1rty\u00e1val<\/strong>.<\/p>\n","protected":false},"excerpt":{"rendered":"<p>Cser\u00e9lje ki a hib\u00e1s <strong data-start=\"349\" data-end=\"381\">USB-, VGA- \u00e9s LAN-portos k\u00e1rty\u00e1t<\/strong> erre az <strong data-start=\"431\" PC data-end=\"050\">laptop GE66<\/strong>apche<\/strong>. <strong data-start=\"459\" data-end=\"506\">Val\u00f3di fot\u00f3k \u2013 amit l\u00e1tsz, azt kapod!<\/strong><\/p>\n","protected":false},"featured_media":11295,"template":"","meta":[],"product_brand":[],"product_cat":[27],"product_tag":[58],"class_list":{"0":"post-11216","1":"product","2":"type-product","3":"status-publish","4":"has-post-thumbnail","6":"product_cat-motherboards-board-parts","7":"product_tag-msi","9":"first","10":"instock","11":"taxable","12":"shipping-taxable","13":"purchasable","14":"product-type-simple"},"_links":{"self":[{"href":"https:\/\/boreait.com\/hu\/wp-json\/wp\/v2\/product\/11216","targetHints":{"allow":["GET"]}}],"collection":[{"href":"https:\/\/boreait.com\/hu\/wp-json\/wp\/v2\/product"}],"about":[{"href":"https:\/\/boreait.com\/hu\/wp-json\/wp\/v2\/types\/product"}],"wp:featuredmedia":[{"embeddable":true,"href":"https:\/\/boreait.com\/hu\/wp-json\/wp\/v2\/media\/11295"}],"wp:attachment":[{"href":"https:\/\/boreait.com\/hu\/wp-json\/wp\/v2\/media?parent=11216"}],"wp:term":[{"taxonomy":"product_brand","embeddable":true,"href":"https:\/\/boreait.com\/hu\/wp-json\/wp\/v2\/product_brand?post=11216"},{"taxonomy":"product_cat","embeddable":true,"href":"https:\/\/boreait.com\/hu\/wp-json\/wp\/v2\/product_cat?post=11216"},{"taxonomy":"product_tag","embeddable":true,"href":"https:\/\/boreait.com\/hu\/wp-json\/wp\/v2\/product_tag?post=11216"}],"curies":[{"name":"wp","href":"https:\/\/api.w.org\/{rel}","templated":true}]}}