{"id":11198,"date":"2025-09-17T13:13:40","date_gmt":"2025-09-17T11:13:40","guid":{"rendered":"https:\/\/boreait.com\/hu\/?post_type=product&#038;p=11198"},"modified":"2025-09-17T13:16:23","modified_gmt":"2025-09-17T11:16:23","slug":"samsung-chromebook-xe303c12-lcd-kabel-ba39-01252a-eredeti-laptop-alkatresz","status":"publish","type":"product","link":"https:\/\/boreait.com\/hu\/termek\/samsung-chromebook-xe303c12-lcd-kabel-ba39-01252a-eredeti-laptop-alkatresz\/","title":{"rendered":"Samsung Chromebook XE303C12 LCD-k\u00e1bel BA39-01252A \u2013 Eredeti laptop alkatr\u00e9sz"},"content":{"rendered":"<p data-start=\"584\" data-end=\"934\">Gondoskodjon <strong data-start=\"593\" data-end=\"632\">stabil \u00e9s tiszta kijelz\u0151kapcsolatr\u00f3l<\/strong> ezzel az <strong data-start=\"643\" data-end=\"712\">eredeti Samsung Chromebook XE303C12 \/ 303C LCD-vel<\/strong> C52-BA39.012. Ha a laptop k\u00e9perny\u0151je villog, torz k\u00e9peket mutat, vagy nem kapcsol be, akkor egy hib\u00e1s <strong data-start=\"799\" data-end=\"812\">LCD-k\u00e1bel<\/strong> lehet az oka. Ez az <strong data-start=\"838\" data-end=\"866\">eredeti cserealkatr\u00e9sz<\/strong> vissza\u00e1ll\u00edtja a megfelel\u0151 kapcsolatot az alaplap \u00e9s a kijelz\u0151 k\u00f6z\u00f6tt.<\/p>\n<p data-start=\"936\" data-end=\"1253\">\ud83d\udd39 <strong data-start=\"939\" data-end=\"956\">F\u0151bb jellemz\u0151k:<\/strong><br data-start=\"956\" data-end=\"959\" \/>\u2714 <strong data-start=\"961\" data-end=\"985\">Samsung Part reuines \u00e9s Enliability<\/strong>reuiness tart\u00f3ss\u00e1g<br data-start=\"1022\" data-end=\"1025\" \/>\u2714 <strong data-start=\"1027\" data-end=\"1049\">Modell: BA39-01252A<\/strong> \u2013 Pontos egyez\u00e9s a Samsung <strong data-start=\"1076\" data-end=\"1095\" \/>1C \/0><br \/>1XE<\/03C\"> data-start=&#8221;1095&#8243; data-end=&#8221;1098&#8243; \/>\u2714 <strong data-start=\"1100\" data-end=\"1124\">Megjelen\u00edt\u00e9si probl\u00e9m\u00e1k kijav\u00edt\u00e1sa<\/strong> \u2013 Megoldja a villog\u00e1st, a halv\u00e1nyod\u00e1st vagy a megjelen\u00edt\u00e9s hi\u00e1ny\u00e1t.<br data-start=\"1175\" data-end=\"1178\" \/>-8&#8243;\u2714 data-end=&#8221;1215&#8243;>T\u00f6k\u00e9letes illeszked\u00e9s \u00e9s amp; Egyszer\u0171 telep\u00edt\u00e9s<\/strong> \u2013 z\u00f6kken\u0151mentes csere<\/p>\n<p>re tervezt\u00e9k<\/p>\n<p data-start=\"1255\" data-end=\"1278\">\ud83d\udca1 <strong data-start=\"1258\" data-end=\"1276\">Kompatibilit\u00e1s:<\/strong><\/p>\n<ul data-start=\"1279\" data-end=\"1408\">\n<li data-start=\"1279\" data-end=\"1337\">Kompatibilis a k\u00f6vetkez\u0151vel: <strong data-start=\"1297\" data-end=\"1335\">Samsung Chromebook XE303C12 \/ 303C<\/strong><\/li>\n<li data-start=\"1338\" data-end=\"1408\">V\u00e1s\u00e1rl\u00e1s el\u0151tt ellen\u0151rizze laptopja modellj\u00e9t \u00e9s a megl\u00e9v\u0151 LCD-k\u00e1belt.<\/li>\n<\/ul>\n<p data-start=\"1410\" data-end=\"1508\">\ud83d\udcf8 <strong data-start=\"1413\" data-end=\"1429\">Val\u00f3di fot\u00f3k:<\/strong> A term\u00e9kk\u00e9peken a <strong data-start=\"1458\" data-end=\"1487\">pontosan az \u00e1rucikk l\u00e1that\u00f3!<\/strong> \u2013 nincs rakt\u00e1ron<\/p>\n<p data-start=\"1510\" data-end=\"1660\">\u2753 <strong data-start=\"1512\" data-end=\"1526\">Seg\u00edts\u00e9gre van sz\u00fcks\u00e9ge?<\/strong> Hab\u00e1r nem adunk telep\u00edt\u00e9si utas\u00edt\u00e1sokat, nyugodtan <strong data-start=\"1590\" data-end=\"1604\">\u00fczenjen nek\u00fcnk<\/p>\n<p> a v\u00e1s\u00e1rl\u00e1s el\u0151tt vagy ut\u00e1n.<\/strong><\/p>\n<p data-start=\"1662\" data-end=\"1782\">\ud83d\udce6 <strong data-start=\"1665\" data-end=\"1693\">Gyors kisz\u00e1ll\u00edt\u00e1s a vil\u00e1g minden pontj\u00e1ra!<\/strong> Ezzel a <strong data-start=\"1741\" data-end=\"1779\"><\/strong> kiv\u00e1l\u00f3 min\u0151s\u00e9g\u0171 LCD cserek\u00e1bellel<\/strong> \u00e1ll\u00edtsa be Chromebookj\u00e1t, mint \u00fajat.<\/p>\n","protected":false},"excerpt":{"rendered":"<p>Cser\u00e9lje ki s\u00e9r\u00fclt vagy hib\u00e1s <strong data-start=\"353\" data-end=\"413\">Samsung Chromebook XE303C12 \/ 303C BA39-01252A LCD-k\u00e1bel\u00e9t<\/strong> erre az <strong data-start=\"424\" data-end=\"452\">eredeti cserealkatr\u00e9szre<\/strong>. <strong data-start=\"454\" data-end=\"501\">Val\u00f3di fot\u00f3k \u2013 amit l\u00e1tsz, azt kapod!<\/strong><\/p>\n","protected":false},"featured_media":11278,"template":"","meta":[],"product_brand":[],"product_cat":[20],"product_tag":[60],"class_list":{"0":"post-11198","1":"product","2":"type-product","3":"status-publish","4":"has-post-thumbnail","6":"product_cat-cables","7":"product_tag-samsung","9":"first","10":"instock","11":"taxable","12":"shipping-taxable","13":"purchasable","14":"product-type-simple"},"_links":{"self":[{"href":"https:\/\/boreait.com\/hu\/wp-json\/wp\/v2\/product\/11198","targetHints":{"allow":["GET"]}}],"collection":[{"href":"https:\/\/boreait.com\/hu\/wp-json\/wp\/v2\/product"}],"about":[{"href":"https:\/\/boreait.com\/hu\/wp-json\/wp\/v2\/types\/product"}],"wp:featuredmedia":[{"embeddable":true,"href":"https:\/\/boreait.com\/hu\/wp-json\/wp\/v2\/media\/11278"}],"wp:attachment":[{"href":"https:\/\/boreait.com\/hu\/wp-json\/wp\/v2\/media?parent=11198"}],"wp:term":[{"taxonomy":"product_brand","embeddable":true,"href":"https:\/\/boreait.com\/hu\/wp-json\/wp\/v2\/product_brand?post=11198"},{"taxonomy":"product_cat","embeddable":true,"href":"https:\/\/boreait.com\/hu\/wp-json\/wp\/v2\/product_cat?post=11198"},{"taxonomy":"product_tag","embeddable":true,"href":"https:\/\/boreait.com\/hu\/wp-json\/wp\/v2\/product_tag?post=11198"}],"curies":[{"name":"wp","href":"https:\/\/api.w.org\/{rel}","templated":true}]}}