{"id":11196,"date":"2025-09-17T13:13:39","date_gmt":"2025-09-17T11:13:39","guid":{"rendered":"https:\/\/boreait.com\/hu\/?post_type=product&#038;p=11196"},"modified":"2025-09-17T13:16:16","modified_gmt":"2025-09-17T11:16:16","slug":"samsung-chromebook-xe303c12-303c-zsanerok-es-webkamera-kamera-eredeti-alkatreszek","status":"publish","type":"product","link":"https:\/\/boreait.com\/hu\/termek\/samsung-chromebook-xe303c12-303c-zsanerok-es-webkamera-kamera-eredeti-alkatreszek\/","title":{"rendered":"Samsung Chromebook XE303C12 303C zsan\u00e9rok \u00e9s webkamera kamera \u2013 Eredeti alkatr\u00e9szek"},"content":{"rendered":"<p data-start=\"588\" data-end=\"843\"> \u00c1ll\u00edtsa vissza <strong data-start=\"601\" data-end=\"639\">Samsung Chromebook XE303C12 \/ 303C<\/strong> k\u00e9sz\u00fcl\u00e9k\u00e9t ezzel az <strong data-start=\"650\" data-end=\"677\">eredeti cserek\u00e9szlettel<\/strong>, bele\u00e9rtve a <strong=\"64 data-\" mindkett\u0151t. data-end=\"704\">zsan\u00e9rok<\/strong> \u00e9s <strong data-start=\"711\" data-end=\"728\">webkamera kamera<\/strong>. Ha a Chromebook k\u00e9perny\u0151je ingadozik, vagy a webkamer\u00e1ja nem m\u0171k\u00f6dik, ez a r\u00e9sz hozza vissza az eszk\u00f6zt a form\u00e1ba!<\/p>\n<p data-start=\"845\" data-end=\"1223\">\ud83d\udd39 <strong data-start=\"848\" data-end=\"865\">F\u0151bb jellemz\u0151k:<\/strong><br data-start=\"865\" data-end=\"868\" \/>\u2714 <strong data-start=\"870\" data-end=\"896\">Samsung garant\u00e1lt min\u0151s\u00e9g \u00e9s garanci\u00e1lis r\u00e9sz<\/strong><\/strong> data-start=&#8221;925&#8243; data-end=&#8221;928&#8243; \/>\u2714 <strong data-start=\"930\" data-end=\"958\">Zan\u00e9rokat \u00e9s csukl\u00f3p\u00e1ntokat tartalmaz; Webkamera<\/strong> \u2013 Kijav\u00edtja a k\u00e9perny\u0151stabilit\u00e1si \u00e9s kameraprobl\u00e9m\u00e1kat<br data-start=\"1001\" data-end=\"1004\" \/>\u2714 <strong data-start=\"1006\" data-end=\"1041\">T\u00f6k\u00e9letesen illeszkedik az XE303C12 \/ 303C-hez<\/strong> \u2013 Z\u00f6kken\u0151mentes kompatibilit\u00e1sra tervezve=&#8221;2-07&#8243;9 data-17 data=&#8221;2-07&#8243; \/>\u2714 <strong data-start=\"1084\" data-end=\"1113\">Kiv\u00e1l\u00f3 min\u0151s\u00e9g\u0171 konstrukci\u00f3<\/strong> \u2013 Tart\u00f3s zsan\u00e9rok a tart\u00f3s teljes\u00edtm\u00e9ny\u00e9rt<br data-start=\"1159\" data-end=\"1162\" \/>\u2714 <strong data-start=\"1164\" data-end=\"1193\">Plu Play Camera Module<\/strong> \u2013 Nincs sz\u00fcks\u00e9g bonyolult be\u00e1ll\u00edt\u00e1sra<\/p>\n<p data-start=\"1225\" data-end=\"1248\">\ud83d\udca1 <strong data-start=\"1228\" data-end=\"1246\">Kompatibilit\u00e1s:<\/strong><\/p>\n<ul data-start=\"1249\" data-end=\"1373\">\n<li data-start=\"1249\" data-end=\"1303\">Alkalmas <strong data-start=\"1256\" data-end=\"1294\">Samsung Chromebook XE303C12 \/ 303C<\/strong> modellekhez<\/li>\n<li data-start=\"1304\" data-end=\"1373\">V\u00e1s\u00e1rl\u00e1s el\u0151tt ellen\u0151rizze a laptop modellj\u00e9t a kompatibilit\u00e1s \u00e9rdek\u00e9ben.<\/li>\n<\/ul>\n<p data-start=\"1375\" data-end=\"1475\">\ud83d\udcf8 <strong data-start=\"1378\" data-end=\"1394\">Val\u00f3di fot\u00f3k:<\/strong> Az adatlapon szerepl\u0151 k\u00e9pek pontosan azokat a r\u00e9szeket mutatj\u00e1k, amelyeket \u00d6n kap \u2013 nincs meglepet\u00e9s!<\/p>\n<p data-start=\"1477\" data-end=\"1631\">\u2753 <strong data-start=\"1479\" data-end=\"1493\">Seg\u00edts\u00e9gre van sz\u00fcks\u00e9ge?<\/strong> B\u00e1r nem adunk telep\u00edt\u00e9si utas\u00edt\u00e1sokat, nyugodtan <strong data-start=\"1557\" data-end=\"1571\">\u00fczenjen nek\u00fcnk<\/strong> a v\u00e1s\u00e1rl\u00e1s el\u0151tt vagy ut\u00e1n.<\/strong><\/p>\n<p data-start=\"1633\" data-end=\"1759\">\ud83d\udce6 <strong data-start=\"1636\" data-end=\"1664\">Gyors sz\u00e1ll\u00edt\u00e1s a vil\u00e1g minden pontj\u00e1ra!<\/strong> Tegye \u00fajra \u00fagy m\u0171k\u00f6d\u00e9sbe Chromebookj\u00e1t ezekkel az <strong data-start=\"1719\" data-end=\"1756\"<\/strong> eredeti Samsung cserealkatr\u00e9szekkel.<\/strong><\/p>\n","protected":false},"excerpt":{"rendered":"<p>Eredeti <strong data-start=\"331\" data-end=\"392\">Samsung Chromebook XE303C12 \/ 303C csukl\u00f3p\u00e1ntok &amp; Webkamera Kamera<\/strong>csere. T\u00f6k\u00e9letes laza zsan\u00e9rok vagy hib\u00e1s webkamera r\u00f6gz\u00edt\u00e9s\u00e9re. <strong data-start=\"458\" data-end=\"505\">Val\u00f3di fot\u00f3k \u2013 amit l\u00e1tsz, azt kapod!<\/strong><\/p>\n","protected":false},"featured_media":11276,"template":"","meta":[],"product_brand":[],"product_cat":[23],"product_tag":[60],"class_list":{"0":"post-11196","1":"product","2":"type-product","3":"status-publish","4":"has-post-thumbnail","6":"product_cat-laptop-camera","7":"product_tag-samsung","9":"first","10":"instock","11":"taxable","12":"shipping-taxable","13":"purchasable","14":"product-type-simple"},"_links":{"self":[{"href":"https:\/\/boreait.com\/hu\/wp-json\/wp\/v2\/product\/11196","targetHints":{"allow":["GET"]}}],"collection":[{"href":"https:\/\/boreait.com\/hu\/wp-json\/wp\/v2\/product"}],"about":[{"href":"https:\/\/boreait.com\/hu\/wp-json\/wp\/v2\/types\/product"}],"wp:featuredmedia":[{"embeddable":true,"href":"https:\/\/boreait.com\/hu\/wp-json\/wp\/v2\/media\/11276"}],"wp:attachment":[{"href":"https:\/\/boreait.com\/hu\/wp-json\/wp\/v2\/media?parent=11196"}],"wp:term":[{"taxonomy":"product_brand","embeddable":true,"href":"https:\/\/boreait.com\/hu\/wp-json\/wp\/v2\/product_brand?post=11196"},{"taxonomy":"product_cat","embeddable":true,"href":"https:\/\/boreait.com\/hu\/wp-json\/wp\/v2\/product_cat?post=11196"},{"taxonomy":"product_tag","embeddable":true,"href":"https:\/\/boreait.com\/hu\/wp-json\/wp\/v2\/product_tag?post=11196"}],"curies":[{"name":"wp","href":"https:\/\/api.w.org\/{rel}","templated":true}]}}