{"id":11194,"date":"2025-09-17T13:13:39","date_gmt":"2025-09-17T11:13:39","guid":{"rendered":"https:\/\/boreait.com\/hu\/?post_type=product&#038;p=11194"},"modified":"2025-09-17T13:16:06","modified_gmt":"2025-09-17T11:16:06","slug":"b116xw03-v1-lcd-kepernyo-samsung-chromebook-xe303c12-303c-116-hd-kijelzohoz","status":"publish","type":"product","link":"https:\/\/boreait.com\/hu\/termek\/b116xw03-v1-lcd-kepernyo-samsung-chromebook-xe303c12-303c-116-hd-kijelzohoz\/","title":{"rendered":"B116XW03 V1 LCD k\u00e9perny\u0151 Samsung Chromebook XE303C12 303C 11,6&#8243; HD kijelz\u0151h\u00f6z"},"content":{"rendered":"<p data-start=\"597\" data-end=\"863\">Friss\u00edtse <strong data-start=\"610\" data-end=\"648\">Samsung Chromebook XE303C12 \/ 303C<\/strong> k\u00e9sz\u00fcl\u00e9k\u00e9t ezzel a <strong data-start=\"659\" data-end=\"697\">B116XW03 V1 csere LCD k\u00e9perny\u0151vel<\/strong> F\u00fcggetlen\u00fcl att\u00f3l, hogy r\u00e9gi k\u00e9perny\u0151je megrepedt, vill\u00f3dzik vagy halott k\u00e9ppontjai vannak, ez a kiv\u00e1l\u00f3 min\u0151s\u00e9g\u0171 <strong data-start=\"785\" data-end=\"809\">11,6 h\u00fcvelykes HD kijelz\u0151<\/strong> vissza\u00e1ll\u00edtja laptopja tisztas\u00e1g\u00e1t \u00e9s teljes\u00edtm\u00e9ny\u00e9t.<\/p>\n<p data-start=\"865\" data-end=\"1257\">\ud83d\udd39 <strong data-start=\"868\" data-end=\"885\">F\u0151bb jellemz\u0151k:<\/strong><br data-start=\"885\" data-end=\"888\" \/>\u2714 <strong data-start=\"890\" data-end=\"923\">LCD3 B3 V6X \u2013 923 V \u2013 16X Megb\u00edzhat\u00f3 \u00e9s kiv\u00e1l\u00f3 min\u0151s\u00e9g\u0171 kijelz\u0151<br data-start=\"959\" data-end=\"962\" \/>\u2714 <strong data-start=\"964\" data-end=\"980\">K\u00e9perny\u0151m\u00e9ret:<\/strong> <strong data-start=\"981\" data-end=\"996\">11,6 h\u00fcvelyk<\/strong> \u2013 T\u00f6k\u00e9letes csere a Samsung Chromebook XE2=&#8221;3005-05 ChromebookCtart1&#8243; data-end=&#8221;1053&#8243; \/>\u2714 <strong data-start=\"1055\" data-end=\"1070\">Felbont\u00e1s:<\/strong> <strong data-start=\"1071\" data-end=\"1088\">1366&#215;768 (HD)<\/strong> \u2013 \u00c9les k\u00e9p \u00e9l\u00e9nk sz\u00ednekkel<br data-start=\"1055\" data-end=\"112>&#8221; adatok Befejez\u00e9s<\/strong> \u2013 Cs\u00f6kkenti a t\u00fckr\u00f6z\u0151d\u00e9st a jobb l\u00e1that\u00f3s\u00e1g \u00e9rdek\u00e9ben<\/p>\n<p data-start=\"1259\" data-end=\"1282\">\ud83d\udca1 <strong data-start=\"1262\" data-end=\"1280\">Kompatibilit\u00e1s:<\/strong><\/p>\n<ul data-start=\"1283\" data-end=\"1438\">\n<li data-start=\"1283\" data-end=\"1366\">Samsung Chromebook <strong data-start=\"1304\" data-end=\"1323\">XE303C12 \/ 303C<\/strong> (Megrendel\u00e9s el\u0151tt ellen\u0151rizze a pontos modellt)<\/li>\n<li data-start=\"1367\" data-end=\"1438\">Kompatibilis a <strong data-start=\"1399\" data-end=\"1436\">B116XW03 V1 vagy azzal egyen\u00e9rt\u00e9k\u0171 k\u00e9perny\u0151t haszn\u00e1l\u00f3 laptopokkal<\/strong><\/li>\n<\/ul>\n<p data-start=\"1440\" data-end=\"1589\">\ud83d\udcf8 <strong data-start=\"1443\" data-end=\"1459\">Val\u00f3di fot\u00f3k:<\/strong> A list\u00e1ban szerepl\u0151 k\u00e9pek pontosan azt a <strong data-start=\"1504\" data-end=\"1538\">laptop k\u00e9perny\u0151t mutatj\u00e1k, amelyet kap<\/strong>. Nincsenek stock k\u00e9pek \u2013 amit l\u00e1tsz, azt kapod!<\/p>\n<p data-start=\"1591\" data-end=\"1715\">\u2753 <strong data-start=\"1593\" data-end=\"1607\">Seg\u00edts\u00e9gre van sz\u00fcks\u00e9ge?<\/strong> B\u00e1r telep\u00edt\u00e9si utas\u00edt\u00e1sokat nem adunk, nyugodtan <strong data-start=\"1671\" data-end=\"1685\">\u00fczenjen nek\u00fcnk<\/strong>, ha seg\u00edts\u00e9gre van sz\u00fcks\u00e9ge.<\/strong><\/p>\n<p data-start=\"1717\" data-end=\"1839\">\ud83d\udce6 <strong data-start=\"1720\" data-end=\"1748\">Gyors kisz\u00e1ll\u00edt\u00e1s a vil\u00e1g minden pontj\u00e1ra!<\/strong> Tedd vissza <strong data-start=\"1758\" data-end=\"1790\">Chromebookodat a legjobb form\u00e1ba<\/strong> ezzel a <strong data-start=\"1720\" data-end=\"1748\"-vel data-end=\"1836\">j\u00f3 min\u0151s\u00e9g\u0171 cserek\u00e9perny\u0151<\/strong>.<\/p>\n","protected":false},"excerpt":{"rendered":"<p>Cser\u00e9lje ki a s\u00e9r\u00fclt k\u00e9perny\u0151t erre a <strong data-start=\"378\" data-end=\"403\">B116XW03 V1 LCD panelre<\/strong>, amely teljes m\u00e9rt\u00e9kben kompatibilis a <strong data-start=\"427\" data-end=\"465\">Samsung Chromebook XE303C12 \/ 303C<\/strong> k\u00e9sz\u00fcl\u00e9kkel. <strong data-start=\"467\" data-end=\"514\">Val\u00f3di fot\u00f3k \u2013 pontosan azt kapod, amit l\u00e1tsz!<\/strong><\/p>\n","protected":false},"featured_media":11267,"template":"","meta":[],"product_brand":[],"product_cat":[75,21],"product_tag":[60],"class_list":{"0":"post-11194","1":"product","2":"type-product","3":"status-publish","4":"has-post-thumbnail","6":"product_cat-11-6","7":"product_cat-laptop-screens-lcd-panels","8":"product_tag-samsung","10":"first","11":"instock","12":"taxable","13":"shipping-taxable","14":"purchasable","15":"product-type-simple"},"_links":{"self":[{"href":"https:\/\/boreait.com\/hu\/wp-json\/wp\/v2\/product\/11194","targetHints":{"allow":["GET"]}}],"collection":[{"href":"https:\/\/boreait.com\/hu\/wp-json\/wp\/v2\/product"}],"about":[{"href":"https:\/\/boreait.com\/hu\/wp-json\/wp\/v2\/types\/product"}],"wp:featuredmedia":[{"embeddable":true,"href":"https:\/\/boreait.com\/hu\/wp-json\/wp\/v2\/media\/11267"}],"wp:attachment":[{"href":"https:\/\/boreait.com\/hu\/wp-json\/wp\/v2\/media?parent=11194"}],"wp:term":[{"taxonomy":"product_brand","embeddable":true,"href":"https:\/\/boreait.com\/hu\/wp-json\/wp\/v2\/product_brand?post=11194"},{"taxonomy":"product_cat","embeddable":true,"href":"https:\/\/boreait.com\/hu\/wp-json\/wp\/v2\/product_cat?post=11194"},{"taxonomy":"product_tag","embeddable":true,"href":"https:\/\/boreait.com\/hu\/wp-json\/wp\/v2\/product_tag?post=11194"}],"curies":[{"name":"wp","href":"https:\/\/api.w.org\/{rel}","templated":true}]}}