{"id":11193,"date":"2025-09-17T13:13:39","date_gmt":"2025-09-17T11:13:39","guid":{"rendered":"https:\/\/boreait.com\/hu\/?post_type=product&#038;p=11193"},"modified":"2025-09-17T13:16:00","modified_gmt":"2025-09-17T11:16:00","slug":"samsung-chromebook-xe303c12-303c-csuklopantok-eredeti-laptop-alkatreszek","status":"publish","type":"product","link":"https:\/\/boreait.com\/hu\/termek\/samsung-chromebook-xe303c12-303c-csuklopantok-eredeti-laptop-alkatreszek\/","title":{"rendered":"Samsung Chromebook XE303C12 \/ 303C csukl\u00f3p\u00e1ntok \u2013 Eredeti laptop-alkatr\u00e9szek"},"content":{"rendered":"<p data-start=\"548\" data-end=\"794\">Helyezze vissza <strong data-start=\"557\" data-end=\"595\">Samsung Chromebook XE303C12 \/ 303C<\/strong> k\u00e9sz\u00fcl\u00e9k\u00e9t ezzel az <strong data-start=\"635\" data-end=\"660\">eredeti laptopcsukl\u00f3val<\/strong>. Ha Chromebookja k\u00e9perny\u0151je meglazult, nem marad a hely\u00e9n, vagy elt\u00f6rtek a zsan\u00e9rok, erre a cserek\u00e9szletre pontosan sz\u00fcks\u00e9ge van.<\/p>\n<p data-start=\"796\" data-end=\"1087\">\ud83d\udd39 <strong data-start=\"799\" data-end=\"816\">F\u0151bb jellemz\u0151k:<\/strong><br data-start=\"816\" data-end=\"819\" \/>\u2714 <strong data-start=\"821\" data-end=\"846\">Samsung Parts foruine <strong>Gen \u2013 data-start=&#8221;862&#8243; data-end=&#8221;881&#8243;>XE303C12 \/ 303C<\/strong> modellek<br data-start=\"888\" data-end=\"891\" \/>\u2714 <strong data-start=\"893\" data-end=\"913\">Tart\u00f3s \u00e9s amp; Er\u0151s<\/strong> \u2013 tart\u00f3s teljes\u00edtm\u00e9nyre k\u00e9sz\u00fclt<br data-start=\"950\" data-end=\"953\" \/>\u2714 <strong data-start=\"955\" data-end=\"970\">T\u00f6k\u00e9letes illeszked\u00e9s<\/strong> \u2013 \u00dagy tervezt\u00e9k, hogy illeszkedjen az eredeti zsan\u00e9rokhoz<br data-start=\"1012\" data-end=\"1015\" \/>-1&#8243;tart data-end=&#8221;1037&#8243;>Sima m\u0171k\u00f6d\u00e9s<\/strong> \u2013 Helyre\u00e1ll\u00edtja a k\u00e9perny\u0151 megfelel\u0151 mozg\u00e1s\u00e1t \u00e9s stabilit\u00e1s\u00e1t<\/p>\n<p data-start=\"1089\" data-end=\"1112\">\ud83d\udca1 <strong data-start=\"1092\" data-end=\"1110\">Kompatibilit\u00e1s:<\/strong><\/p>\n<ul data-start=\"1113\" data-end=\"1225\">\n<li data-start=\"1113\" data-end=\"1172\">Kifejezetten <strong data-start=\"1132\" data-end=\"1170\">Samsung Chromebook XE303C12 \/ 303C<\/strong><\/li>\n<li data-start=\"1173\" data-end=\"1225\">K\u00f6zvetlen csere az elhaszn\u00e1l\u00f3dott vagy t\u00f6r\u00f6tt zsan\u00e9rokhoz<\/li>\n<\/ul>\n<p data-start=\"1227\" data-end=\"1350\">\ud83d\udcf8 <strong data-start=\"1230\" data-end=\"1246\">Val\u00f3di fot\u00f3k:<\/strong> Az adatlapon szerepl\u0151 k\u00e9peken a <strong data-start=\"1283\" data-end=\"1315\">pontos r\u00e9szek l\u00e1that\u00f3k<\/p>\n<p>, nincs meglepet\u00e9s \u2013 semmi meglepet\u00e9s!<\/p>\n<p data-start=\"1352\" data-end=\"1506\">\u2753 <strong data-start=\"1354\" data-end=\"1368\">Seg\u00edts\u00e9gre van sz\u00fcks\u00e9ge?<\/strong> B\u00e1r nem adunk telep\u00edt\u00e9si utas\u00edt\u00e1sokat, nyugodtan <strong data-start=\"1432\" data-end=\"1446\">\u00fczenjen nek\u00fcnk<\/strong> a v\u00e1s\u00e1rl\u00e1s el\u0151tt vagy ut\u00e1n.<\/strong><\/p>\n<p data-start=\"1508\" data-end=\"1632\">\ud83d\udce6 <strong data-start=\"1511\" data-end=\"1539\">Gyors sz\u00e1ll\u00edt\u00e1s a vil\u00e1g minden pontj\u00e1ra!<\/strong> Tegye Chromebookja \u00fajszer\u0171 m\u0171k\u00f6d\u00e9s\u00e9t ezekkel a <strong data-start=\"1594\" data-end=\"1629\"<\/strong> kiv\u00e1l\u00f3 min\u0151s\u00e9g\u0171 cserep\u00e1ntokkal<\/strong><\/p>\n","protected":false},"excerpt":{"rendered":"<p>\u00c1ll\u00edtsa vissza <strong data-start=\"308\" data-end=\"346\">Samsung Chromebook XE303C12 \/ 303C<\/strong>\u00e9t ezekkel az <strong data-start=\"358\" data-end=\"388\">eredeti cserep\u00e1ntokkal<\/strong>. T\u00f6k\u00e9letes illeszked\u00e9s, tart\u00f3s fel\u00e9p\u00edt\u00e9s. <strong data-start=\"418\" data-end=\"465\">Val\u00f3di fot\u00f3k \u2013 amit l\u00e1tsz, azt kapod!<\/strong><\/p>\n","protected":false},"featured_media":11266,"template":"","meta":[],"product_brand":[],"product_cat":[19],"product_tag":[60],"class_list":{"0":"post-11193","1":"product","2":"type-product","3":"status-publish","4":"has-post-thumbnail","6":"product_cat-screen-hinge","7":"product_tag-samsung","9":"first","10":"instock","11":"taxable","12":"shipping-taxable","13":"purchasable","14":"product-type-simple"},"_links":{"self":[{"href":"https:\/\/boreait.com\/hu\/wp-json\/wp\/v2\/product\/11193","targetHints":{"allow":["GET"]}}],"collection":[{"href":"https:\/\/boreait.com\/hu\/wp-json\/wp\/v2\/product"}],"about":[{"href":"https:\/\/boreait.com\/hu\/wp-json\/wp\/v2\/types\/product"}],"wp:featuredmedia":[{"embeddable":true,"href":"https:\/\/boreait.com\/hu\/wp-json\/wp\/v2\/media\/11266"}],"wp:attachment":[{"href":"https:\/\/boreait.com\/hu\/wp-json\/wp\/v2\/media?parent=11193"}],"wp:term":[{"taxonomy":"product_brand","embeddable":true,"href":"https:\/\/boreait.com\/hu\/wp-json\/wp\/v2\/product_brand?post=11193"},{"taxonomy":"product_cat","embeddable":true,"href":"https:\/\/boreait.com\/hu\/wp-json\/wp\/v2\/product_cat?post=11193"},{"taxonomy":"product_tag","embeddable":true,"href":"https:\/\/boreait.com\/hu\/wp-json\/wp\/v2\/product_tag?post=11193"}],"curies":[{"name":"wp","href":"https:\/\/api.w.org\/{rel}","templated":true}]}}