{"id":11183,"date":"2025-09-17T13:13:12","date_gmt":"2025-09-17T11:13:12","guid":{"rendered":"https:\/\/boreait.com\/hu\/?post_type=product&#038;p=11183"},"modified":"2025-09-17T13:15:58","modified_gmt":"2025-09-17T11:15:58","slug":"hp-probook-450-470-g2-billentyuzetbillentyuk-eredeti-potalkatreszek-768787-261","status":"publish","type":"product","link":"https:\/\/boreait.com\/hu\/termek\/hp-probook-450-470-g2-billentyuzetbillentyuk-eredeti-potalkatreszek-768787-261\/","title":{"rendered":"HP ProBook 450 470 G2 billenty\u0171zetbillenty\u0171k \u2013 Eredeti p\u00f3talkatr\u00e9szek 768787-261"},"content":{"rendered":"<p data-start=\"615\" data-end=\"838\"><strong>V\u00e1s\u00e1rl\u00e1s ut\u00e1n k\u00fcldj\u00f6n nek\u00fcnk \u00fczenetet, \u00e9s tudassa vel\u00fcnk, melyik kulcsot vagy kulcsokat szeretn\u00e9. Az \u00f6sszes el\u00e9rhet\u0151 kulcs a list\u00e1ban tal\u00e1lhat\u00f3 fot\u00f3n l\u00e1that\u00f3!<\/strong><\/p>\n<p data-start=\"615\" data-end=\"838\">Cser\u00e9lje ki a hi\u00e1nyz\u00f3 vagy s\u00e9r\u00fclt kulcsokat <strong data-start=\"655\" data-end=\"689\">HP ProBook 450\/470 G2 billenty\u0171zet\u00e9n<\/strong> ezekkel az <strong data-start=\"701\" data-end=\"742\">eredeti HP-76.1 billenty\u0171zettel<\/strong>8 (26.1.7)8. T\u00f6k\u00e9letes a laptop g\u00e9pel\u00e9si \u00e9lm\u00e9ny\u00e9nek helyre\u00e1ll\u00edt\u00e1s\u00e1hoz a teljes billenty\u0171zet cser\u00e9je n\u00e9lk\u00fcl.<\/p>\n<p data-start=\"840\" data-end=\"1187\">\ud83d\udd39 <strong data-start=\"843\" data-end=\"860\">F\u0151bb jellemz\u0151k:<\/strong><br data-start=\"860\" data-end=\"863\" \/>\u2714 <strong data-start=\"865\" data-end=\"891\">HP megb\u00edzhat\u00f3s\u00e1g \u00e9s biztons\u00e1g<\/strong> pontos illeszked\u00e9s<br data-start=\"930\" data-end=\"933\" \/>\u2714 <strong data-start=\"935\" data-end=\"957\">Kompatibilis modellek:<\/strong> HP ProBook <strong data-start=\"969\" data-end=\"988\">450 G2 &amp; 470 G2<\/strong><br data-start=\"988\" data-end=\"991\" \/>\u2714 <strong data-start=\"993\" data-end=\"1021\">Modellsz\u00e1m: 768787-261<\/strong> \u2013 Megfelel az eredeti billenty\u0171zetkioszt\u00e1snak<br data-start=\"1056\" <strong data-start=\"1056\" data-end=\"1\"-s\"5\" data-end=\"1080\">Egyedi kulcsok<\/strong> \u2013 Csak azt cser\u00e9lje ki, amire sz\u00fcks\u00e9ge van<br data-start=\"1109\" data-end=\"1112\" \/>\u2714 <strong data-start=\"1114\" data-end=\"1133\">K\u00f6nnyen telep\u00edthet\u0151<\/strong> \u2013 Clip-on csere, nincs sz\u00fcks\u00e9g m\u0171szaki ismeretekre<\/p>\n<p data-start=\"1189\" data-end=\"1212\">\ud83d\udca1 <strong data-start=\"1192\" data-end=\"1210\">Kompatibilit\u00e1s:<\/strong><\/p>\n<ul data-start=\"1213\" data-end=\"1366\">\n<li data-start=\"1213\" data-end=\"1284\">Kifejezetten a <strong data-start=\"1241\" data-end=\"1282\">HP ProBook 450 G2 &amp; HP ProBook 470 G2<\/strong><\/li>\n<li data-start=\"1285\" data-end=\"1366\">V\u00e1s\u00e1rl\u00e1s el\u0151tt ellen\u0151rizze megl\u00e9v\u0151 billenty\u0171zete cikksz\u00e1m\u00e1t (<strong data-start=\"1331\" data-end=\"1345\">768787-261<\/strong>).<\/li>\n<\/ul>\n<p data-start=\"1368\" data-end=\"1469\">\ud83d\udcf8 <strong data-start=\"1371\" data-end=\"1387\">Val\u00f3di fot\u00f3k:<\/strong> Az adatlapon szerepl\u0151 k\u00e9pek pontosan azt a term\u00e9ket mutatj\u00e1k, amelyet \u00d6n kap \u2013 nincs meglepet\u00e9s!<\/p>\n<p data-start=\"1471\" data-end=\"1595\">\u2753 <strong data-start=\"1473\" data-end=\"1487\">Seg\u00edts\u00e9gre van sz\u00fcks\u00e9ge?<\/strong> B\u00e1r telep\u00edt\u00e9si utas\u00edt\u00e1sokat nem adunk, nyugodtan <strong data-start=\"1551\" data-end=\"1565\">\u00fczenjen nek\u00fcnk<\/strong>, ha seg\u00edts\u00e9gre van sz\u00fcks\u00e9ge.<\/strong><\/p>\n<p data-start=\"1597\" data-end=\"1708\">\ud83d\udce6 <strong data-start=\"1600\" data-end=\"1628\">Gyors sz\u00e1ll\u00edt\u00e1s a vil\u00e1g minden pontj\u00e1ra!<\/strong> Hozd vissza laptopod cs\u00facsform\u00e1j\u00e1t ezekkel az <strong data-start=\"1674\" data-end=\"1705\"><\/strong> eredeti HP cserekulccsal<\/p>\n","protected":false},"excerpt":{"rendered":"<p>Cserekulcsokra van sz\u00fcks\u00e9ge a <strong data-start=\"350\" data-end=\"375\">HP ProBook 450\/470 G2<\/strong>hez? Ezek az <strong data-start=\"383\" data-end=\"422\">eredeti billenty\u0171zetbillenty\u0171k (768787-261)<\/strong> biztos\u00edtj\u00e1k a t\u00f6k\u00e9letes illeszked\u00e9st, \u00e9s vissza\u00e1ll\u00edtj\u00e1k laptopja m\u0171k\u00f6d\u00e9s\u00e9t. <strong data-start=\"485\" data-end=\"532\">Val\u00f3di fot\u00f3k \u2013 amit l\u00e1tsz, azt kapod!<\/strong><\/p>\n","protected":false},"featured_media":11264,"template":"","meta":[],"product_brand":[],"product_cat":[24],"product_tag":[25],"class_list":{"0":"post-11183","1":"product","2":"type-product","3":"status-publish","4":"has-post-thumbnail","6":"product_cat-individual-keyboard-keys","7":"product_tag-hp","9":"first","10":"instock","11":"taxable","12":"shipping-taxable","13":"purchasable","14":"product-type-simple"},"_links":{"self":[{"href":"https:\/\/boreait.com\/hu\/wp-json\/wp\/v2\/product\/11183","targetHints":{"allow":["GET"]}}],"collection":[{"href":"https:\/\/boreait.com\/hu\/wp-json\/wp\/v2\/product"}],"about":[{"href":"https:\/\/boreait.com\/hu\/wp-json\/wp\/v2\/types\/product"}],"wp:featuredmedia":[{"embeddable":true,"href":"https:\/\/boreait.com\/hu\/wp-json\/wp\/v2\/media\/11264"}],"wp:attachment":[{"href":"https:\/\/boreait.com\/hu\/wp-json\/wp\/v2\/media?parent=11183"}],"wp:term":[{"taxonomy":"product_brand","embeddable":true,"href":"https:\/\/boreait.com\/hu\/wp-json\/wp\/v2\/product_brand?post=11183"},{"taxonomy":"product_cat","embeddable":true,"href":"https:\/\/boreait.com\/hu\/wp-json\/wp\/v2\/product_cat?post=11183"},{"taxonomy":"product_tag","embeddable":true,"href":"https:\/\/boreait.com\/hu\/wp-json\/wp\/v2\/product_tag?post=11183"}],"curies":[{"name":"wp","href":"https:\/\/api.w.org\/{rel}","templated":true}]}}