{"id":11182,"date":"2025-09-17T13:13:12","date_gmt":"2025-09-17T11:13:12","guid":{"rendered":"https:\/\/boreait.com\/hu\/?post_type=product&#038;p=11182"},"modified":"2025-09-17T13:15:54","modified_gmt":"2025-09-17T11:15:54","slug":"hp-9z-n6guf-20g-nemet-billentyuzet-ezust-keret-fekete-billentyuk-mutato-probook-6560b-6565b-6570b-6575b-8560p-8570p","status":"publish","type":"product","link":"https:\/\/boreait.com\/hu\/termek\/hp-9z-n6guf-20g-nemet-billentyuzet-ezust-keret-fekete-billentyuk-mutato-probook-6560b-6565b-6570b-6575b-8560p-8570p\/","title":{"rendered":"HP 9Z.N6GUF.20G n\u00e9met billenty\u0171zet \u2013 ez\u00fcst keret, fekete billenty\u0171k, mutat\u00f3 \u2013 Probook 6560B 6565B 6570B 6575B 8560p 8570p"},"content":{"rendered":"<p data-start=\"648\" data-end=\"955\"><strong>V\u00e1s\u00e1rl\u00e1s ut\u00e1n k\u00fcldj\u00f6n nek\u00fcnk \u00fczenetet, \u00e9s tudassa vel\u00fcnk, melyik kulcsot vagy kulcsokat szeretn\u00e9. Az \u00f6sszes el\u00e9rhet\u0151 kulcs a list\u00e1ban tal\u00e1lhat\u00f3 fot\u00f3n l\u00e1that\u00f3!<\/strong><\/p>\n<p data-start=\"648\" data-end=\"955\">Friss\u00edtse <strong data-start=\"661\" data-end=\"674\">HP laptopj\u00e1t<\/strong> ezzel az <strong data-start=\"685\" data-end=\"729\">eredeti HP 9Z.N6GUF.20G n\u00e9met billenty\u0171zettel<\/strong>7, fe-3&#8243;start atarta. data-end=&#8221;795&#8243;>ez\u00fcst keret, fekete billenty\u0171k \u00e9s be\u00e9p\u00edtett mutat\u00f3<\/strong> az egyszer\u0171 navig\u00e1ci\u00f3 \u00e9rdek\u00e9ben. Ak\u00e1r elhaszn\u00e1l\u00f3dott billenty\u0171zetet cser\u00e9l, ak\u00e1r laptopj\u00e1t helyre\u00e1ll\u00edtja, ez az <strong data-start=\"893\" data-end=\"905\">OEM alkatr\u00e9sz<\/strong> biztos\u00edtja a legjobb kompatibilit\u00e1st \u00e9s teljes\u00edtm\u00e9nyt.<\/p>\n<p data-start=\"957\" data-end=\"1310\">\ud83d\udd39 <strong data-start=\"960\" data-end=\"977\">F\u0151bb jellemz\u0151k:<\/strong><br data-start=\"977\" data-end=\"980\" \/>\u2714 <strong data-start=\"982\" data-end=\"1310\" data-end=\"1001\"> Seam \/G teljes\u00edtm\u00e9ny \u00e9s seam-end=&#8221;1001&#8243; seam. Probook 6560B 6565B 6570B 6575B 8560p 8570p\u00a0<br data-start=\"1041\" data-end=\"1044\" \/>\u2714 <strong data-start=\"1046\" data-end=\"1072\">N\u00e9met elrendez\u00e9s<\/strong>T\u00f6k\u00e9letes (QWERTZbr) n\u00e9met nyelv\u0171 felhaszn\u00e1l\u00f3k sz\u00e1m\u00e1ra adatok Ez\u00fcst keret<\/strong> \u2013 St\u00edlusos, professzion\u00e1lis megjelen\u00e9s<br data-start=\"1238\" data-end=\"1241\" \/>\u2714 <strong data-start=\"1243\" data-end=\"1272\">Kiv\u00e1l\u00f3 min\u0151s\u00e9g\u0171 konstrukci\u00f3<\/strong> \u2013 Tart\u00f3s kulcsok a hosszan tart\u00f3 haszn\u00e1lat\u00e9rt<\/p>\n<p data-start=\"1312\" data-end=\"1335\">\ud83d\udca1 <strong data-start=\"1315\" data-end=\"1333\">Kompatibilit\u00e1s:<\/strong><\/p>\n<ul data-start=\"1336\" data-end=\"1465\">\n<li data-start=\"1336\" data-end=\"1391\"><strong data-start=\"1338\" data-end=\"1352\">HP laptopok<\/strong> (V\u00e1s\u00e1rl\u00e1s el\u0151tt ellen\u0151rizze a modellt)<\/li>\n<li data-start=\"1392\" data-end=\"1465\">\u00dagy tervezt\u00e9k, hogy illeszkedjenek <strong data-start=\"1410\" data-end=\"1463\">meghat\u00e1rozott HP-modellekhez 9Z.N6GUF.20G cikksz\u00e1mmal<\/strong><\/li>\n<\/ul>\n<p data-start=\"1467\" data-end=\"1576\">\ud83d\udcf8 <strong data-start=\"1470\" data-end=\"1486\">Val\u00f3di fot\u00f3k:<\/strong> Az adatlapon szerepl\u0151 k\u00e9peken a <strong data-start=\"1523\" data-end=\"1541\">pontos billenty\u0171zet<\/strong> l\u00e1that\u00f3 \u2013 nem lesz meglepet\u00e9s!<\/strong><\/p>\n<p data-start=\"1578\" data-end=\"1729\">\u2753 <strong data-start=\"1580\" data-end=\"1594\">Seg\u00edts\u00e9gre van sz\u00fcks\u00e9ge?<\/strong> Nem adunk telep\u00edt\u00e9si utas\u00edt\u00e1sokat, de nyugodtan <strong data-start=\"1656\" data-end=\"1670\">k\u00fcldj\u00f6n nek\u00fcnk \u00fczenetet<\/strong> a v\u00e1s\u00e1rl\u00e1s el\u0151tt vagy ut\u00e1n.<\/strong><\/p>\n<p data-start=\"1731\" data-end=\"1845\">\ud83d\udce6 <strong data-start=\"1734\" data-end=\"1762\">Gyors sz\u00e1ll\u00edt\u00e1s a vil\u00e1g minden pontj\u00e1ra!<\/strong> Hozd vissza laptopodat a legjobb form\u00e1ba ezzel az <strong data-start=\"1807\" data-end=\"1842\"><\/strong> eredeti HP billenty\u0171zet cser\u00e9vel.<\/p>\n","protected":false},"excerpt":{"rendered":"<p>Cser\u00e9lje ki s\u00e9r\u00fclt billenty\u0171zet\u00e9t erre az <strong data-start=\"378\" data-end=\"428\">eredeti HP 9Z.N6GUF.20G n\u00e9met kioszt\u00e1s\u00fa billenty\u0171zetre<\/strong>. Tartalmaz <strong data-start=\"439\" data-end=\"493\">fekete billenty\u0171ket, ez\u00fcst keretet \u00e9s be\u00e9p\u00edtett mutat\u00f3t<\/strong> a pontos navig\u00e1ci\u00f3 \u00e9rdek\u00e9ben. <strong data-start=\"518\" data-end=\"565\">Val\u00f3di fot\u00f3k \u2013 amit l\u00e1tsz, azt kapod!<\/strong><\/p>\n","protected":false},"featured_media":11261,"template":"","meta":[],"product_brand":[],"product_cat":[24],"product_tag":[25],"class_list":{"0":"post-11182","1":"product","2":"type-product","3":"status-publish","4":"has-post-thumbnail","6":"product_cat-individual-keyboard-keys","7":"product_tag-hp","9":"first","10":"instock","11":"taxable","12":"shipping-taxable","13":"purchasable","14":"product-type-simple"},"_links":{"self":[{"href":"https:\/\/boreait.com\/hu\/wp-json\/wp\/v2\/product\/11182","targetHints":{"allow":["GET"]}}],"collection":[{"href":"https:\/\/boreait.com\/hu\/wp-json\/wp\/v2\/product"}],"about":[{"href":"https:\/\/boreait.com\/hu\/wp-json\/wp\/v2\/types\/product"}],"wp:featuredmedia":[{"embeddable":true,"href":"https:\/\/boreait.com\/hu\/wp-json\/wp\/v2\/media\/11261"}],"wp:attachment":[{"href":"https:\/\/boreait.com\/hu\/wp-json\/wp\/v2\/media?parent=11182"}],"wp:term":[{"taxonomy":"product_brand","embeddable":true,"href":"https:\/\/boreait.com\/hu\/wp-json\/wp\/v2\/product_brand?post=11182"},{"taxonomy":"product_cat","embeddable":true,"href":"https:\/\/boreait.com\/hu\/wp-json\/wp\/v2\/product_cat?post=11182"},{"taxonomy":"product_tag","embeddable":true,"href":"https:\/\/boreait.com\/hu\/wp-json\/wp\/v2\/product_tag?post=11182"}],"curies":[{"name":"wp","href":"https:\/\/api.w.org\/{rel}","templated":true}]}}