{"id":11181,"date":"2025-09-17T13:13:12","date_gmt":"2025-09-17T11:13:12","guid":{"rendered":"https:\/\/boreait.com\/hu\/?post_type=product&#038;p=11181"},"modified":"2025-09-17T13:15:49","modified_gmt":"2025-09-17T11:15:49","slug":"hp-6531s-6731s-6530s-laptop-billentyuzet-billentyuk-ph-pn-701485-ba1-eredeti-alkatreszek","status":"publish","type":"product","link":"https:\/\/boreait.com\/hu\/termek\/hp-6531s-6731s-6530s-laptop-billentyuzet-billentyuk-ph-pn-701485-ba1-eredeti-alkatreszek\/","title":{"rendered":"HP 6531S 6731S 6530S laptop billenty\u0171zet billenty\u0171k PH PN 701485-BA1 \u2013 Eredeti alkatr\u00e9szek"},"content":{"rendered":"<p data-start=\"603\" data-end=\"673\"><strong>V\u00e1s\u00e1rl\u00e1s ut\u00e1n k\u00fcldj\u00f6n nek\u00fcnk \u00fczenetet, \u00e9s tudassa vel\u00fcnk, melyik kulcsot vagy kulcsokat szeretn\u00e9. Az \u00f6sszes el\u00e9rhet\u0151 kulcs a list\u00e1ban tal\u00e1lhat\u00f3 fot\u00f3n l\u00e1that\u00f3!<\/strong><\/p>\n<p data-start=\"603\" data-end=\"673\"><strong data-start=\"606\" data-end=\"671\">HP 6531S \/ 6731S \/ 6530S billenty\u0171zetbillenty\u0171k \u2013 eredeti laptop-alkatr\u00e9szek<\/strong><\/p>\n<p data-start=\"675\" data-end=\"871\">Elveszett vagy megs\u00e9r\u00fclt billenty\u0171zetbillenty\u0171k? Ez a <strong data-start=\"711\" data-end=\"738\">cserekulcs-k\u00e9szlet<\/strong> pontosan illeszkedik az \u00d6n <strong data-start=\"766\" data-end=\"810\">HP 6531S, 6731S \u00e9s 6530S laptopmodellj\u00e9hez<\/strong>, z\u00f6kken\u0151mentes illeszked\u00e9st \u00e9s \u00e9rz\u00e9keny g\u00e9pel\u00e9st biztos\u00edtva.<\/strong><\/p>\n<h3 data-start=\"873\" data-end=\"898\"><strong data-start=\"877\" data-end=\"896\">\u2705 F\u0151bb jellemz\u0151k:<\/strong><\/h3>\n<p data-start=\"899\" data-end=\"1274\">\u2714 <strong data-start=\"901\" data-end=\"929\">Eredeti HP billenty\u0171zetbillenty\u0171k<\/strong> \u2013 T\u00f6k\u00e9letes helyettes\u00edt\u0151 elveszett vagy t\u00f6r\u00f6tt kulcsok eset\u00e9n<br data-start=\"975\" data-end=\"978\" \/>\u2714 <strong data-start=\"901\" data-end=\"929\">HP-start10&#8243;>9=&#8221;end1 Modellek<\/strong> \u2013 6531S, 6731S, 6530S (Ellen\u0151rizze a PH PN 701485-BA1-et)<br data-start=\"1056\" data-end=\"1059\" \/>\u2714 <strong data-start=\"1061\" data-end=\"1082\">Ugyanaz a forma &amp; \u00c9rz\u00e9s<\/strong> \u2013 Konzisztens g\u00e9pel\u00e9si \u00e9lm\u00e9nyt biztos\u00edt<br data-start=\"1123\" data-end=\"1126\" \/>\u2714 <strong data-start=\"1128\" data-end=\"1147\">K\u00f6nnyen telep\u00edthet\u0151<\/strong> \u2013 Csak pattintsa a hely\u00fckre (a csukl\u00f3p\u00e1ntokat nem tartalmazza)<br=\"data-start=\"1123\" data-end=\"11917\" data-end=\"11917\" data-start=\"1202\" data-end=\"1226\">Val\u00f3di fot\u00f3k biztos\u00edtottak<\/strong> \u2013 pontosan azt kapod, amit l\u00e1tsz<\/p>\n<h3 data-start=\"1276\" data-end=\"1303\"><strong data-start=\"1280\" data-end=\"1301\">\ud83d\udee0 Kompatibilit\u00e1s:<\/strong><\/h3>\n<ul data-start=\"1304\" data-end=\"1451\">\n<li data-start=\"1304\" data-end=\"1365\">Kompatibilis a <strong data-start=\"1322\" data-end=\"1363\">HP 6531S, 6731S, 6530S sorozat\u00fa laptopokkal<\/strong><\/li>\n<li data-start=\"1366\" data-end=\"1451\">Alkatr\u00e9szsz\u00e1m: <strong data-start=\"1381\" data-end=\"1395\">701485-BA1<\/strong> (V\u00e1s\u00e1rl\u00e1s el\u0151tt egyezzen meg megl\u00e9v\u0151 billenty\u0171zet\u00e9vel)<\/li>\n<\/ul>\n<p data-start=\"1453\" data-end=\"1540\">\ud83d\udcf8 <strong data-start=\"1456\" data-end=\"1472\">Val\u00f3di fot\u00f3k:<\/strong> Az adatlapon szerepl\u0151 k\u00e9pek a t\u00e9nyleges kulcsokat mutatj\u00e1k, amelyeket megkapsz!<\/p>\n<p data-start=\"1542\" data-end=\"1657\">\u2753 <strong data-start=\"1544\" data-end=\"1558\">Seg\u00edts\u00e9gre van sz\u00fcks\u00e9ge?<\/strong> Nem adunk telep\u00edt\u00e9si utas\u00edt\u00e1sokat, de nyugodtan <strong data-start=\"1621\" data-end=\"1635\">\u00fczenjen nek\u00fcnk<\/strong>, ha seg\u00edts\u00e9gre van sz\u00fcks\u00e9ge.<\/p>\n<p data-start=\"1659\" data-end=\"1741\">\ud83d\udce6 <strong data-start=\"1662\" data-end=\"1690\">Gyors sz\u00e1ll\u00edt\u00e1s a vil\u00e1g minden pontj\u00e1ra!<\/strong> Laptop billenty\u0171zete \u00fajra \u00fagy n\u00e9zzen ki, mint az \u00faj.<\/p>\n","protected":false},"excerpt":{"rendered":"<p>Cserekulcsokra van sz\u00fcks\u00e9ge <strong data-start=\"364\" data-end=\"399\">HP 6531S \/ 6731S \/ 6530S laptopj\u00e1hoz<\/strong>? Ezek az <strong data-start=\"407\" data-end=\"451\">eredeti billenty\u0171zetbillenty\u0171k (PH PN 701485-BA1)<\/strong> t\u00f6k\u00e9letesen illeszkednek. <strong data-start=\"473\" data-end=\"520\">Val\u00f3di fot\u00f3k \u2013 amit l\u00e1tsz, azt kapod!<\/strong><\/p>\n","protected":false},"featured_media":11258,"template":"","meta":[],"product_brand":[],"product_cat":[24],"product_tag":[25],"class_list":{"0":"post-11181","1":"product","2":"type-product","3":"status-publish","4":"has-post-thumbnail","6":"product_cat-individual-keyboard-keys","7":"product_tag-hp","9":"first","10":"instock","11":"taxable","12":"shipping-taxable","13":"purchasable","14":"product-type-simple"},"_links":{"self":[{"href":"https:\/\/boreait.com\/hu\/wp-json\/wp\/v2\/product\/11181","targetHints":{"allow":["GET"]}}],"collection":[{"href":"https:\/\/boreait.com\/hu\/wp-json\/wp\/v2\/product"}],"about":[{"href":"https:\/\/boreait.com\/hu\/wp-json\/wp\/v2\/types\/product"}],"wp:featuredmedia":[{"embeddable":true,"href":"https:\/\/boreait.com\/hu\/wp-json\/wp\/v2\/media\/11258"}],"wp:attachment":[{"href":"https:\/\/boreait.com\/hu\/wp-json\/wp\/v2\/media?parent=11181"}],"wp:term":[{"taxonomy":"product_brand","embeddable":true,"href":"https:\/\/boreait.com\/hu\/wp-json\/wp\/v2\/product_brand?post=11181"},{"taxonomy":"product_cat","embeddable":true,"href":"https:\/\/boreait.com\/hu\/wp-json\/wp\/v2\/product_cat?post=11181"},{"taxonomy":"product_tag","embeddable":true,"href":"https:\/\/boreait.com\/hu\/wp-json\/wp\/v2\/product_tag?post=11181"}],"curies":[{"name":"wp","href":"https:\/\/api.w.org\/{rel}","templated":true}]}}