{"id":11180,"date":"2025-09-17T13:13:12","date_gmt":"2025-09-17T11:13:12","guid":{"rendered":"https:\/\/boreait.com\/hu\/?post_type=product&#038;p=11180"},"modified":"2025-10-17T08:51:37","modified_gmt":"2025-10-17T06:51:37","slug":"lenovo-thinkpad-t470s-billentyuzet-fru-01en707-eredeti-laptop-cserealkatresz","status":"publish","type":"product","link":"https:\/\/boreait.com\/hu\/termek\/lenovo-thinkpad-t470s-billentyuzet-fru-01en707-eredeti-laptop-cserealkatresz\/","title":{"rendered":"Lenovo ThinkPad T470S billenty\u0171zet FRU 01EN707 \u2013 Eredeti laptop cserealkatr\u00e9sz"},"content":{"rendered":"<p data-start=\"611\" data-end=\"860\"><strong>V\u00e1s\u00e1rl\u00e1s ut\u00e1n k\u00fcldj\u00f6n nek\u00fcnk \u00fczenetet, \u00e9s tudassa vel\u00fcnk, melyik kulcsot vagy kulcsokat szeretn\u00e9. Az \u00f6sszes el\u00e9rhet\u0151 kulcs a list\u00e1ban tal\u00e1lhat\u00f3 fot\u00f3n l\u00e1that\u00f3!<\/strong><\/p>\n<p data-start=\"611\" data-end=\"860\">Friss\u00edtse <strong data-start=\"624\" data-end=\"642\">ThinkPad T470S<\/strong> k\u00e9sz\u00fcl\u00e9k\u00e9t ezzel az <strong data-start=\"653\" data-end=\"694\">eredeti Lenovo billenty\u0171zettel (FRU 01EN70)<\/strong>. Ak\u00e1r <strong data-start=\"724\" data-end=\"780\">hi\u00e1nyz\u00f3 billenty\u0171kkel, elhaszn\u00e1lt bet\u0171kkel vagy hib\u00e1s billenty\u0171zettel<\/strong> van dolgod, ez az <strong data-start=\"787\" data-end=\"806\">OEM-csere<\/strong> t\u00f6k\u00e9letes illeszked\u00e9st \u00e9s g\u00f6rd\u00fcl\u00e9keny g\u00e9pel\u00e9st biztos\u00edt.<\/p>\n<p data-start=\"862\" data-end=\"1293\">\ud83d\udd39 <strong data-start=\"865\" data-end=\"882\">F\u0151bb jellemz\u0151k:<\/strong><br data-start=\"882\" data-end=\"885\" \/>\u2714 <strong data-start=\"887\" data-end=\"887\">0 Kifejezetten kivitelezett Lenovo700 FRUuine=&#8221;917&#8243;&gt;0 ThinkPad T470S eset\u00e9n<br data-start=\"964\" data-end=\"967\" \/>\u2714 <strong data-start=\"969\" data-end=\"997\">Egyedi billenty\u0171k mell\u00e9kelve<\/strong> \u2013 Cser\u00e9lje ki az egyes billenty\u0171ket vagy a teljes billenty\u0171zetet<br data-start=\"1042\" data-end=\"967\" \/>\u2714 <strong data-start=\"969\" data-end=\"104\">Kiv\u00e1l\u00f3 min\u0151s\u00e9g\u0171 laptop-billenty\u0171zet<\/strong> \u2013 Tart\u00f3ss\u00e1got \u00e9s gyors billenty\u0171le\u00fct\u00e9seket biztos\u00edt<br data-start=\"1127\" data-end=\"1130\" \/>\u2714 <strong data-start=\"1132\" data-end=\"1156\">Gy\u00e1ri kialak\u00edt\u00e1s\u00fa laptopok \u2013 m\u00f3dos\u00edt\u00e1s n\u00e9lk\u00fcl<\/strong> data-start=&#8221;1218&#8243; data-end=&#8221;1221&#8243; \/&gt;\u2714 <strong data-start=\"1223\" data-end=\"1244\">Egyszer\u0171 telep\u00edt\u00e9s<\/strong> \u2013 Norm\u00e1l csatlakoz\u00e1s a z\u00f6kken\u0151mentes cser\u00e9hez<\/strong><\/p>\n<p data-start=\"1295\" data-end=\"1318\">\ud83d\udca1 <strong data-start=\"1298\" data-end=\"1316\">Kompatibilit\u00e1s:<\/strong><\/p>\n<ul data-start=\"1319\" data-end=\"1507\">\n<li data-start=\"1319\" data-end=\"1405\"><strong data-start=\"1334\" data-end=\"1359\">Lenovo ThinkPad T470S<\/strong>hez tervezve (V\u00e1s\u00e1rl\u00e1s el\u0151tt ellen\u0151rizze a laptop modellj\u00e9t)<\/li>\n<li data-start=\"1406\" data-end=\"1507\">Szabv\u00e1nyos <strong data-start=\"1417\" data-end=\"1443\">szalagk\u00e1bel-csatlakoz\u00f3<\/strong> \u2013 Biztos\u00edtja a kompatibilit\u00e1st a laptop megl\u00e9v\u0151 interf\u00e9sz\u00e9vel<\/li>\n<\/ul>\n<p data-start=\"1509\" data-end=\"1610\">\ud83d\udcf8 <strong data-start=\"1512\" data-end=\"1528\">Val\u00f3di fot\u00f3k:<\/strong> A list\u00e1n szerepl\u0151 k\u00e9pek pontosan arr\u00f3l a t\u00e9telr\u0151l sz\u00f3lnak, amelyet \u00d6n kap \u2013 nem \u00e9r meglepet\u00e9s!<\/p>\n<p data-start=\"1612\" data-end=\"1760\">\u2753 <strong data-start=\"1614\" data-end=\"1628\">Seg\u00edts\u00e9gre van sz\u00fcks\u00e9ge?<\/strong> Nem adunk telep\u00edt\u00e9si utas\u00edt\u00e1sokat, de nyugodtan <strong data-start=\"1690\" data-end=\"1704\">\u00fczenjen nek\u00fcnk<\/strong><\/p>\n<p>a v\u00e1s\u00e1rl\u00e1s el\u0151tt vagy ut\u00e1n.<\/p>\n<p data-start=\"1762\" data-end=\"1892\">\ud83d\udce6 <strong data-start=\"1765\" data-end=\"1793\">Gyors kisz\u00e1ll\u00edt\u00e1s a vil\u00e1g minden pontj\u00e1ra!<\/strong> Tedd vissza <strong data-start=\"1803\" data-end=\"1821\">ThinkPad T470S-et ezzel a &lt;strong=&#8221;0-tart&#8221;1<\/strong> adattal a cs\u00facsra. data-end=&#8221;1889&#8243;&gt;eredeti Lenovo cserebillenty\u0171zet.<\/p>\n","protected":false},"excerpt":{"rendered":"<p data-start=\"330\" data-end=\"530\">Cser\u00e9lje ki elhaszn\u00e1l\u00f3dott billenty\u0171zet\u00e9t erre az <strong data-start=\"371\" data-end=\"428\">eredeti Lenovo ThinkPad T470S billenty\u0171zetre (FRU 01EN707)<\/strong>. <strong data-start=\"441\" data-end=\"460\">egyedi kulcsokkal<\/strong> tartozik a pontos g\u00e9pel\u00e9s \u00e9rdek\u00e9ben. <strong data-start=\"481\" data-end=\"528\">Val\u00f3di fot\u00f3k \u2013 amit l\u00e1tsz, azt kapod!<\/strong><\/p>\n","protected":false},"featured_media":13215,"template":"","meta":[],"product_brand":[],"product_cat":[24],"product_tag":[26],"class_list":{"0":"post-11180","1":"product","2":"type-product","3":"status-publish","4":"has-post-thumbnail","6":"product_cat-individual-keyboard-keys","7":"product_tag-lenovo","9":"first","10":"instock","11":"taxable","12":"shipping-taxable","13":"purchasable","14":"product-type-simple"},"_links":{"self":[{"href":"https:\/\/boreait.com\/hu\/wp-json\/wp\/v2\/product\/11180","targetHints":{"allow":["GET"]}}],"collection":[{"href":"https:\/\/boreait.com\/hu\/wp-json\/wp\/v2\/product"}],"about":[{"href":"https:\/\/boreait.com\/hu\/wp-json\/wp\/v2\/types\/product"}],"wp:featuredmedia":[{"embeddable":true,"href":"https:\/\/boreait.com\/hu\/wp-json\/wp\/v2\/media\/13215"}],"wp:attachment":[{"href":"https:\/\/boreait.com\/hu\/wp-json\/wp\/v2\/media?parent=11180"}],"wp:term":[{"taxonomy":"product_brand","embeddable":true,"href":"https:\/\/boreait.com\/hu\/wp-json\/wp\/v2\/product_brand?post=11180"},{"taxonomy":"product_cat","embeddable":true,"href":"https:\/\/boreait.com\/hu\/wp-json\/wp\/v2\/product_cat?post=11180"},{"taxonomy":"product_tag","embeddable":true,"href":"https:\/\/boreait.com\/hu\/wp-json\/wp\/v2\/product_tag?post=11180"}],"curies":[{"name":"wp","href":"https:\/\/api.w.org\/{rel}","templated":true}]}}