{"id":1118,"date":"2025-09-17T09:54:48","date_gmt":"2025-09-17T07:54:48","guid":{"rendered":"https:\/\/boreait.com\/hu\/?post_type=product&#038;p=1118"},"modified":"2025-09-17T09:55:48","modified_gmt":"2025-09-17T07:55:48","slug":"hp-compaq-6820s-also-alapburkolat-6070b0212201","status":"publish","type":"product","link":"https:\/\/boreait.com\/hu\/termek\/hp-compaq-6820s-also-alapburkolat-6070b0212201\/","title":{"rendered":"HP Compaq 6820s als\u00f3 alapburkolat 6070B0212201"},"content":{"rendered":"<p>Adjon friss megjelen\u00e9st HP Compaq 6820s laptopj\u00e1nak \u00e9s fokozott v\u00e9delmet az eredeti HP Compaq 6820s als\u00f3 alapburkolattal. Ezt a n\u00e9lk\u00fcl\u00f6zhetetlen cserealkatr\u00e9szt \u00fagy tervezt\u00e9k, hogy t\u00f6k\u00e9letesen illeszkedjen laptopj\u00e1hoz, biztons\u00e1gos burkolatot biztos\u00edtva a bels\u0151 alkatr\u00e9szeknek, \u00e9s garant\u00e1lva azok biztons\u00e1g\u00e1t.<\/p>\n<p>A tart\u00f3s anyagokb\u00f3l k\u00e9sz\u00fclt als\u00f3 alapburkolat kiv\u00e1l\u00f3an ellen\u00e1ll a napi kop\u00e1snak. Ak\u00e1r egy repedt vagy elhaszn\u00e1l\u00f3dott alapburkolatot kell cser\u00e9lnie, ak\u00e1r egyszer\u0171en csak laptopja eszt\u00e9tikai megjelen\u00e9s\u00e9t szeretn\u00e9 jav\u00edtani, ez az eredeti HP cserealkatr\u00e9sz az ide\u00e1lis v\u00e1laszt\u00e1s.<\/p>\n<p>A prec\u00edz kiv\u00e1g\u00e1sokkal \u00e9s csavarfuratokkal rendelkez\u0151 alapburkolat egyszer\u0171 telep\u00edt\u00e9st \u00e9s kompatibilit\u00e1st biztos\u00edt a HP Compaq 6820s modellel. Egyszer\u0171en t\u00e1vol\u00edtsa el a r\u00e9gi fedelet, \u00e9s r\u00f6gz\u00edtse biztons\u00e1gosan ezt az \u00fajat, hogy vissza\u00e1ll\u00edtsa laptopja eredeti m\u0171k\u00f6d\u00e9s\u00e9t \u00e9s megjelen\u00e9s\u00e9t.<\/p>\n<p>Nem csak az als\u00f3 alapburkolat ny\u00fajt v\u00e9delmet, hanem hozz\u00e1j\u00e1rul a laptop \u00e1ltal\u00e1nos szerkezeti integrit\u00e1s\u00e1hoz is. Biztos lehet benne, hogy a bels\u0151 alkatr\u00e9szek j\u00f3l v\u00e9dettek ezzel az eredeti HP alkatr\u00e9szrel.<\/p>\n<p>Fenntartja HP \u200b\u200bCompaq 6820s laptopja professzion\u00e1lis megjelen\u00e9s\u00e9t ezzel az eredeti als\u00f3 bor\u00edt\u00e1ssal. Az eleg\u00e1ns kialak\u00edt\u00e1s \u00e9s a prec\u00edz illeszked\u00e9s biztos\u00edtja, hogy laptopja olyan j\u00f3l n\u00e9zzen ki \u00e9s olyan j\u00f3l \u00e9rezze mag\u00e1t, mint az \u00faj.<\/p>\n<p>Friss\u00edtse HP Compaq 6820s laptopj\u00e1t a megb\u00edzhat\u00f3 \u00e9s eredeti HP Compaq 6820s als\u00f3 alapburkolattal. \u00c9lvezze a nyugalmat, ha tudja, hogy laptopja bels\u0151 alkatr\u00e9szei j\u00f3l v\u00e9dettek, \u00e9s k\u00e9sz\u00fcl\u00e9ke meg\u0151rzi professzion\u00e1lis megjelen\u00e9s\u00e9t. Szerezze be cserealapburkolat\u00e1t most, \u00e9s \u00e1ll\u00edtsa vissza laptopja funkcionalit\u00e1s\u00e1t \u00e9s eszt\u00e9tik\u00e1j\u00e1t. Gyors sz\u00e1ll\u00edt\u00e1s Eur\u00f3p\u00e1ba.<\/p>\n","protected":false},"excerpt":{"rendered":"<p>Cser\u00e9lje ki r\u00e9gi vagy s\u00e9r\u00fclt HP Compaq 6820s als\u00f3 alapburkolat\u00e1t erre az eredeti cserealkatr\u00e9szre. \u00dagy tervezt\u00e9k, hogy t\u00f6k\u00e9letesen illeszkedjen \u00e9s biztons\u00e1gos burkolatot biztos\u00edtson laptopja bels\u0151 alkatr\u00e9szeinek, ez az alapburkolat megb\u00edzhat\u00f3 v\u00e9delmet \u00e9s professzion\u00e1lis megjelen\u00e9st biztos\u00edt.<\/p>\n","protected":false},"featured_media":1173,"template":"","meta":[],"product_brand":[],"product_cat":[16],"product_tag":[25],"class_list":{"0":"post-1118","1":"product","2":"type-product","3":"status-publish","4":"has-post-thumbnail","6":"product_cat-laptop-housing","7":"product_tag-hp","9":"first","10":"instock","11":"taxable","12":"shipping-taxable","13":"purchasable","14":"product-type-simple"},"_links":{"self":[{"href":"https:\/\/boreait.com\/hu\/wp-json\/wp\/v2\/product\/1118","targetHints":{"allow":["GET"]}}],"collection":[{"href":"https:\/\/boreait.com\/hu\/wp-json\/wp\/v2\/product"}],"about":[{"href":"https:\/\/boreait.com\/hu\/wp-json\/wp\/v2\/types\/product"}],"wp:featuredmedia":[{"embeddable":true,"href":"https:\/\/boreait.com\/hu\/wp-json\/wp\/v2\/media\/1173"}],"wp:attachment":[{"href":"https:\/\/boreait.com\/hu\/wp-json\/wp\/v2\/media?parent=1118"}],"wp:term":[{"taxonomy":"product_brand","embeddable":true,"href":"https:\/\/boreait.com\/hu\/wp-json\/wp\/v2\/product_brand?post=1118"},{"taxonomy":"product_cat","embeddable":true,"href":"https:\/\/boreait.com\/hu\/wp-json\/wp\/v2\/product_cat?post=1118"},{"taxonomy":"product_tag","embeddable":true,"href":"https:\/\/boreait.com\/hu\/wp-json\/wp\/v2\/product_tag?post=1118"}],"curies":[{"name":"wp","href":"https:\/\/api.w.org\/{rel}","templated":true}]}}