{"id":11179,"date":"2025-09-17T13:13:12","date_gmt":"2025-09-17T11:13:12","guid":{"rendered":"https:\/\/boreait.com\/hu\/?post_type=product&#038;p=11179"},"modified":"2025-09-17T13:15:34","modified_gmt":"2025-09-17T11:15:34","slug":"acer-aspire-e1-531-csuklotamasz-es-billentyuzetbillentyuk-eredeti-laptop-alkatreszek","status":"publish","type":"product","link":"https:\/\/boreait.com\/hu\/termek\/acer-aspire-e1-531-csuklotamasz-es-billentyuzetbillentyuk-eredeti-laptop-alkatreszek\/","title":{"rendered":"Acer Aspire E1-531 csukl\u00f3t\u00e1masz \u00e9s billenty\u0171zetbillenty\u0171k \u2013 Eredeti laptop-alkatr\u00e9szek"},"content":{"rendered":"<p data-start=\"547\" data-end=\"807\"><strong>V\u00e1s\u00e1rl\u00e1s ut\u00e1n k\u00fcldj\u00f6n nek\u00fcnk \u00fczenetet, \u00e9s tudassa vel\u00fcnk, melyik kulcsot vagy kulcsokat szeretn\u00e9. Az \u00f6sszes el\u00e9rhet\u0151 kulcs a list\u00e1ban tal\u00e1lhat\u00f3 fot\u00f3n l\u00e1that\u00f3!<\/strong><\/p>\n<p data-start=\"547\" data-end=\"807\"> \u00c1ll\u00edtsa vissza <strong data-start=\"590\" data-end=\"612\">Acer Aspire E1-531<\/strong> kin\u00e9zet\u00e9t \u00e9s funkcionalit\u00e1s\u00e1t ezzel az <strong data-start=\"623\" data-end=\"661\">eredeti csukl\u00f3t\u00e1masz<\/strong> cserebillenty\u0171kkel. Ak\u00e1r hi\u00e1nyoznak a billenty\u0171zetr\u0151l, ak\u00e1r elhaszn\u00e1l\u00f3dott a csukl\u00f3t\u00e1masz, ez a k\u00e9szlet <strong data-start=\"762\" data-end=\"804\">t\u00f6k\u00e9letes illeszked\u00e9st \u00e9s z\u00f6kken\u0151mentes kompatibilit\u00e1st<\/strong> biztos\u00edt.<\/p>\n<p data-start=\"809\" data-end=\"1126\">\ud83d\udd39 <strong data-start=\"812\" data-end=\"829\">F\u0151bb jellemz\u0151k:<\/strong><br data-start=\"829\" data-end=\"832\" \/>\u2714 <strong data-start=\"834\" data-end=\"856\">T\u00f6k\u00e9letes illeszked\u00e9s<\/strong> Alkatr\u00e9sz<\/strong> data-start=&#8221;893&#8243; data-end=&#8221;896&#8243; \/>\u2714 <strong data-start=\"898\" data-end=\"935\">Tartalmazza a csukl\u00f3t\u00e1maszt \u00e9s a csukl\u00f3t\u00e1maszt; Billenty\u0171zetbillenty\u0171k<\/strong> \u2013 Ide\u00e1lis jav\u00edt\u00e1shoz vagy helyre\u00e1ll\u00edt\u00e1shoz<br data-start=\"969\" data-end=\"972\" \/>\u2714 <strong data-start=\"974\" data-end=\"1012\">Kompatibilis az Acer Aspire E1-531-el<\/strong> \u2013 Gy\u0151z\u0151dj\u00f6n meg arr\u00f3l, hogy laptopja \u00fagy n\u00e9z ki \u00e9s m\u0171k\u00f6dik, mint az \u00faj. <strong data-start=\"1067\" data-end=\"1092\">Tart\u00f3s &amp; K\u00e9nyelmes<\/strong> \u2013 hosszan tart\u00f3 haszn\u00e1latra tervezt\u00e9k<\/p>\n<p data-start=\"1128\" data-end=\"1151\">\ud83d\udca1 <strong data-start=\"1131\" data-end=\"1149\">Kompatibilit\u00e1s:<\/strong><\/p>\n<ul data-start=\"1152\" data-end=\"1286\">\n<li data-start=\"1152\" data-end=\"1230\">Kifejezetten az <strong data-start=\"1171\" data-end=\"1193\">Acer Aspire E1-531<\/strong> eset\u00e9n (V\u00e1s\u00e1rl\u00e1s el\u0151tt ellen\u0151rizze a modellt)<\/li>\n<li data-start=\"1231\" data-end=\"1286\">Szabv\u00e1nyos <strong data-start=\"1242\" data-end=\"1256\">OEM kialak\u00edt\u00e1s<\/strong> \u2013 K\u00f6nny\u0171 telep\u00edt\u00e9st biztos\u00edt<\/li>\n<\/ul>\n<p data-start=\"1288\" data-end=\"1389\">\ud83d\udcf8 <strong data-start=\"1291\" data-end=\"1307\">Val\u00f3di fot\u00f3k:<\/strong> Az adatlapon szerepl\u0151 k\u00e9pek pontosan azt a t\u00e9telt mutatj\u00e1k, amelyet \u00d6n kap \u2013 nincs meglepet\u00e9s!<\/p>\n<p data-start=\"1391\" data-end=\"1526\">\u2753 <strong data-start=\"1393\" data-end=\"1407\">Seg\u00edts\u00e9gre van sz\u00fcks\u00e9ge?<\/strong> Nem adunk telep\u00edt\u00e9si utas\u00edt\u00e1sokat, de <strong data-start=\"1464\" data-end=\"1478\">\u00fczenetet k\u00fcldhet nek\u00fcnk<\/p>\n<p> a v\u00e1s\u00e1rl\u00e1s el\u0151tt vagy ut\u00e1n.<\/strong><\/p>\n<p data-start=\"1528\" data-end=\"1653\">\ud83d\udce6 <strong data-start=\"1531\" data-end=\"1559\">Gyors sz\u00e1ll\u00edt\u00e1s a vil\u00e1g minden pontj\u00e1ra!<\/strong> Tedd \u00fajra \u00faj megjelen\u00e9s\u0171 laptopod ezzel az <strong data-start=\"1604\" data-end=\"1650\">Acer billenty\u0171<\/strong> csukl\u00f3t\u00e1masz- \u00e9s kulcscsere<\/strong>vel.<\/p>\n","protected":false},"excerpt":{"rendered":"<p>Eredeti <strong data-start=\"318\" data-end=\"368\">Acer Aspire E1-531 csukl\u00f3t\u00e1masz billenty\u0171zet billenty\u0171kkel<\/strong>. Elhaszn\u00e1l\u00f3dott vagy s\u00e9r\u00fclt alkatr\u00e9szek t\u00f6k\u00e9letes cser\u00e9je. <strong data-start=\"417\" data-end=\"464\">Val\u00f3di fot\u00f3k \u2013 amit l\u00e1tsz, azt kapod!<\/strong><\/p>\n","protected":false},"featured_media":11249,"template":"","meta":[],"product_brand":[],"product_cat":[24],"product_tag":[29],"class_list":{"0":"post-11179","1":"product","2":"type-product","3":"status-publish","4":"has-post-thumbnail","6":"product_cat-individual-keyboard-keys","7":"product_tag-acer","9":"first","10":"instock","11":"taxable","12":"shipping-taxable","13":"purchasable","14":"product-type-simple"},"_links":{"self":[{"href":"https:\/\/boreait.com\/hu\/wp-json\/wp\/v2\/product\/11179","targetHints":{"allow":["GET"]}}],"collection":[{"href":"https:\/\/boreait.com\/hu\/wp-json\/wp\/v2\/product"}],"about":[{"href":"https:\/\/boreait.com\/hu\/wp-json\/wp\/v2\/types\/product"}],"wp:featuredmedia":[{"embeddable":true,"href":"https:\/\/boreait.com\/hu\/wp-json\/wp\/v2\/media\/11249"}],"wp:attachment":[{"href":"https:\/\/boreait.com\/hu\/wp-json\/wp\/v2\/media?parent=11179"}],"wp:term":[{"taxonomy":"product_brand","embeddable":true,"href":"https:\/\/boreait.com\/hu\/wp-json\/wp\/v2\/product_brand?post=11179"},{"taxonomy":"product_cat","embeddable":true,"href":"https:\/\/boreait.com\/hu\/wp-json\/wp\/v2\/product_cat?post=11179"},{"taxonomy":"product_tag","embeddable":true,"href":"https:\/\/boreait.com\/hu\/wp-json\/wp\/v2\/product_tag?post=11179"}],"curies":[{"name":"wp","href":"https:\/\/api.w.org\/{rel}","templated":true}]}}