{"id":11171,"date":"2025-09-17T13:12:48","date_gmt":"2025-09-17T11:12:48","guid":{"rendered":"https:\/\/boreait.com\/hu\/?post_type=product&#038;p=11171"},"modified":"2025-09-17T13:15:22","modified_gmt":"2025-09-17T11:15:22","slug":"hp-probook-430-g6-csuklotamasz-es-billentyuzetbillentyuk-eredeti-laptop-cserealkatresz","status":"publish","type":"product","link":"https:\/\/boreait.com\/hu\/termek\/hp-probook-430-g6-csuklotamasz-es-billentyuzetbillentyuk-eredeti-laptop-cserealkatresz\/","title":{"rendered":"HP ProBook 430 G6 csukl\u00f3t\u00e1masz \u00e9s billenty\u0171zetbillenty\u0171k \u2013 eredeti laptop cserealkatr\u00e9sz"},"content":{"rendered":"<p data-start=\"545\" data-end=\"786\"><strong>V\u00e1s\u00e1rl\u00e1s ut\u00e1n k\u00fcldj\u00f6n nek\u00fcnk \u00fczenetet, \u00e9s tudassa vel\u00fcnk, melyik kulcsot vagy kulcsokat szeretn\u00e9. Az \u00f6sszes el\u00e9rhet\u0151 kulcs a list\u00e1ban tal\u00e1lhat\u00f3 fot\u00f3n l\u00e1that\u00f3!<\/strong><\/p>\n<p data-start=\"545\" data-end=\"786\">\u00dajra\u00e9lesztheti <strong data-start=\"557\" data-end=\"578\">HP ProBook 430 G6<\/strong>j\u00e1t ezzel az <strong data-start=\"589\" data-end=\"628\">eredeti csukl\u00f3t\u00e1masz- \u00e9s billenty\u0171zetbillenty\u0171k<\/strong>-cser\u00e9vel. Ak\u00e1r hi\u00e1nyoznak a billenty\u0171zetr\u0151l, ak\u00e1r a csukl\u00f3t\u00e1masz elhaszn\u00e1l\u00f3dott, ez az <strong data-start=\"715\" data-end=\"734\">eredeti HP alkatr\u00e9sz<\/strong> t\u00f6k\u00e9letes illeszked\u00e9st \u00e9s z\u00f6kken\u0151mentes m\u0171k\u00f6d\u00e9st biztos\u00edt.<\/p>\n<p data-start=\"788\" data-end=\"1166\">\ud83d\udd39 <strong data-start=\"791\" data-end=\"808\">F\u0151bb jellemz\u0151k:<\/strong><br data-start=\"808\" data-end=\"811\" \/>\u2714 <strong data-start=\"813\" data-end=\"832\" Kifejezetten a HP4 3. r\u00e9sz\u00e9hez k\u00e9sz\u00fclt tervez\u00e9s \u2013 Prouine HP 832\">Gen> G6<br data-start=\"878\" data-end=\"881\" \/>\u2714 <strong data-start=\"883\" data-end=\"920\">Tartalmazza a csukl\u00f3t\u00e1maszt \u00e9s a csukl\u00f3t\u00e1maszt; Billenty\u0171zetbillenty\u0171k<\/strong> \u2013 Teljes fels\u0151 kisbet\u0171csere<br data-start=\"948\" data-end=\"951\" \/>\u2714 <strong data-start=\"953\" data-end=\"979\">El\u0151re telep\u00edtett billenty\u0171zet<\/strong> \u2013 Nincs sz\u00fcks\u00e9g k\u00fcl\u00f6n billenty\u0171cser\u00e9re<br data-start=\"1019\" data-end=\"1022\" <strong\" \/>2-&#8222;\u2714start data-end=&#8221;1049&#8243;>Tart\u00f3s &amp; K\u00e9nyelmes<\/strong> \u2013 Sima g\u00e9pel\u00e9si \u00e9lm\u00e9ny pr\u00e9mium fel\u00e9p\u00edt\u00e9si min\u0151s\u00e9ggel<br data-start=\"1103\" data-end=\"1106\" \/>\u2714 <strong data-start=\"1108\" data-end=\"1129\">Egyszer\u0171 telep\u00edt\u00e9s<\/strong> \u2013 K\u00f6zvetlen illeszked\u00e9s a gyors cser\u00e9hez<\/p>\n<p data-start=\"1168\" data-end=\"1191\">\ud83d\udca1 <strong data-start=\"1171\" data-end=\"1189\">Kompatibilit\u00e1s:<\/strong><\/p>\n<ul data-start=\"1192\" data-end=\"1343\">\n<li data-start=\"1192\" data-end=\"1267\"><strong data-start=\"1207\" data-end=\"1228\">HP ProBook 430 G6<\/strong>hoz tervezve (v\u00e1s\u00e1rl\u00e1s el\u0151tt ellen\u0151rizze a modellsz\u00e1mot)<\/li>\n<li data-start=\"1268\" data-end=\"1343\">Norm\u00e1l <strong data-start=\"1279\" data-end=\"1305\">QWERTY billenty\u0171zetkioszt\u00e1s<\/strong> (Ha sz\u00fcks\u00e9ges, er\u0151s\u00edtse meg a nyelvi elrendez\u00e9st)<\/li>\n<\/ul>\n<p data-start=\"1345\" data-end=\"1452\">\ud83d\udcf8 <strong data-start=\"1348\" data-end=\"1364\">Val\u00f3di fot\u00f3k:<\/strong> Az ezen a list\u00e1n szerepl\u0151 k\u00e9pek a t\u00e9nyleges r\u00e9szb\u0151l \u00e1llnak, amelyet \u00d6n kap \u2013 nincsenek stock k\u00e9pek!<\/p>\n<p data-start=\"1454\" data-end=\"1574\">\u2753 <strong data-start=\"1456\" data-end=\"1470\">Seg\u00edts\u00e9gre van sz\u00fcks\u00e9ge?<\/strong> Hab\u00e1r nem adunk telep\u00edt\u00e9si utas\u00edt\u00e1sokat, nyugodtan <strong data-start=\"1534\" data-end=\"1548\">\u00fczenjen nek\u00fcnk<\/strong>, ha seg\u00edts\u00e9gre van sz\u00fcks\u00e9ge.<\/strong><\/p>\n<p data-start=\"1576\" data-end=\"1695\">\ud83d\udce6 <strong data-start=\"1579\" data-end=\"1607\">Gyors sz\u00e1ll\u00edt\u00e1s a vil\u00e1g minden pontj\u00e1ra!<\/strong> Szerezze be <strong data-start=\"1617\" data-end=\"1633\">laptopalkatr\u00e9szeit<\/strong>, hogy gyorsan vissza\u00e1ll\u00edtsa eszk\u00f6ze cs\u00facsmin\u0151s\u00e9g\u00e9t.<\/p>\n","protected":false},"excerpt":{"rendered":"<p>Eredeti <strong data-start=\"321\" data-end=\"370\">HP ProBook 430 G6 csukl\u00f3t\u00e1masz billenty\u0171zet billenty\u0171kkel<\/strong>. Elhaszn\u00e1l\u00f3dott vagy s\u00e9r\u00fclt alkatr\u00e9szek t\u00f6k\u00e9letes cser\u00e9je. <strong data-start=\"423\" data-end=\"462\">Val\u00f3di fot\u00f3k \u2013 azt kapod, amit l\u00e1tsz!<\/strong><\/p>\n","protected":false},"featured_media":11244,"template":"","meta":[],"product_brand":[],"product_cat":[24],"product_tag":[25],"class_list":{"0":"post-11171","1":"product","2":"type-product","3":"status-publish","4":"has-post-thumbnail","6":"product_cat-individual-keyboard-keys","7":"product_tag-hp","9":"first","10":"instock","11":"taxable","12":"shipping-taxable","13":"purchasable","14":"product-type-simple"},"_links":{"self":[{"href":"https:\/\/boreait.com\/hu\/wp-json\/wp\/v2\/product\/11171","targetHints":{"allow":["GET"]}}],"collection":[{"href":"https:\/\/boreait.com\/hu\/wp-json\/wp\/v2\/product"}],"about":[{"href":"https:\/\/boreait.com\/hu\/wp-json\/wp\/v2\/types\/product"}],"wp:featuredmedia":[{"embeddable":true,"href":"https:\/\/boreait.com\/hu\/wp-json\/wp\/v2\/media\/11244"}],"wp:attachment":[{"href":"https:\/\/boreait.com\/hu\/wp-json\/wp\/v2\/media?parent=11171"}],"wp:term":[{"taxonomy":"product_brand","embeddable":true,"href":"https:\/\/boreait.com\/hu\/wp-json\/wp\/v2\/product_brand?post=11171"},{"taxonomy":"product_cat","embeddable":true,"href":"https:\/\/boreait.com\/hu\/wp-json\/wp\/v2\/product_cat?post=11171"},{"taxonomy":"product_tag","embeddable":true,"href":"https:\/\/boreait.com\/hu\/wp-json\/wp\/v2\/product_tag?post=11171"}],"curies":[{"name":"wp","href":"https:\/\/api.w.org\/{rel}","templated":true}]}}