{"id":11170,"date":"2025-09-17T13:12:48","date_gmt":"2025-09-17T11:12:48","guid":{"rendered":"https:\/\/boreait.com\/hu\/?post_type=product&#038;p=11170"},"modified":"2026-02-27T11:38:29","modified_gmt":"2026-02-27T10:38:29","slug":"hp-probook-450-g8-csuklotamasz-billentyuzettel-eredeti-laptop-cserealkatresz","status":"publish","type":"product","link":"https:\/\/boreait.com\/hu\/termek\/hp-probook-450-g8-csuklotamasz-billentyuzettel-eredeti-laptop-cserealkatresz\/","title":{"rendered":"HP ProBook 450 G8 csukl\u00f3t\u00e1masz billenty\u0171zettel \u2013 Eredeti laptop cserealkatr\u00e9sz"},"content":{"rendered":"<p data-start=\"592\" data-end=\"818\"><strong>V\u00e1s\u00e1rl\u00e1s ut\u00e1n k\u00fcldj\u00f6n nek\u00fcnk \u00fczenetet, \u00e9s tudassa vel\u00fcnk, melyik kulcsot vagy kulcsokat szeretn\u00e9. Az \u00f6sszes el\u00e9rhet\u0151 kulcs a list\u00e1ban tal\u00e1lhat\u00f3 fot\u00f3n l\u00e1that\u00f3!<\/strong><\/p>\n<p data-start=\"592\" data-end=\"818\"> \u00c1ll\u00edtsa vissza <strong data-start=\"605\" data-end=\"626\">HP ProBook 450 G8<\/strong> k\u00e9sz\u00fcl\u00e9k\u00e9t ezzel az <strong data-start=\"637\" data-end=\"682\">eredeti csukl\u00f3t\u00e1masz- \u00e9s billenty\u0171zetcsere<\/strong> seg\u00edts\u00e9g\u00e9vel. F\u00fcggetlen\u00fcl att\u00f3l, hogy r\u00e9gi billenty\u0171zet\u00e9nek billenty\u0171i hi\u00e1nyoznak, vagy a csukl\u00f3t\u00e1masz elhaszn\u00e1l\u00f3dott, ez az <strong data-start=\"761\" data-end=\"781\">eredeti HP alkatr\u00e9sz<\/strong> biztos\u00edtja a gy\u00e1rilag beszerelt cser\u00e9t.<\/p>\n<p data-start=\"820\" data-end=\"1176\">\ud83d\udd39 <strong data-start=\"823\" data-end=\"840\">F\u0151bb jellemz\u0151k:<\/strong><br data-start=\"840\" data-end=\"843\" \/>\u2714 <strong data-start=\"845\" data-end=\"864\">Gond\u00edthat\u00f3s\u00e1g \u00e9s t\u00f6k\u00e9letess\u00e9g<\/strong> HP-r\u00e9szleg<\/strong> adatok Reszponz\u00edv kulcsok<\/strong> \u2013 K\u00e9nyelmes g\u00e9pel\u00e9si \u00e9lm\u00e9nyre tervezve<br data-start=\"1052\" data-end=\"1055\" \/>\u2714 <strong data-start=\"1057\" data-end=\"1071\">OEM diz\u00e1jn<\/strong> \u2013 Megfelel az eredeti gy\u00e1ri kivitelnek.<br data-start=\"1109\" data-end=\"1-1\"12-end=\"1-1\"12 data-end=\"1140\">El\u0151re telep\u00edtett billenty\u0171zet<\/strong> \u2013 nincs sz\u00fcks\u00e9g tov\u00e1bbi \u00f6sszeszerel\u00e9sre<\/p>\n<p data-start=\"1178\" data-end=\"1201\">\ud83d\udca1 <strong data-start=\"1181\" data-end=\"1199\">Kompatibilit\u00e1s:<\/strong><\/p>\n<ul data-start=\"1202\" data-end=\"1305\">\n<li data-start=\"1202\" data-end=\"1253\">Kifejezetten a <strong data-start=\"1230\" data-end=\"1251\">HP ProBook 450 G8-hoz<\/strong><\/li>\n<li data-start=\"1254\" data-end=\"1305\">Ellen\u0151rizze a laptop modellj\u00e9t a kompatibilit\u00e1s \u00e9rdek\u00e9ben<\/li>\n<\/ul>\n<p data-start=\"1307\" data-end=\"1397\">\ud83d\udcf8 <strong data-start=\"1310\" data-end=\"1326\">Val\u00f3di fot\u00f3k:<\/strong> Az adatlapon szerepl\u0151 k\u00e9pek a <strong data-start=\"1363\" data-end=\"1372\">pontosan<\/strong> megkapott t\u00e9telt mutatj\u00e1k.<\/p>\n<p data-start=\"1399\" data-end=\"1521\">\u2753 <strong data-start=\"1401\" data-end=\"1415\">Seg\u00edts\u00e9gre van sz\u00fcks\u00e9ge?<\/strong> Nem adunk telep\u00edt\u00e9si utas\u00edt\u00e1sokat, de nyugodtan <strong data-start=\"1477\" data-end=\"1491\">\u00fczenjen nek\u00fcnk<\/strong>, ha seg\u00edts\u00e9gre van sz\u00fcks\u00e9ge.<\/strong><\/p>\n<p data-start=\"1523\" data-end=\"1634\">\ud83d\udce6 <strong data-start=\"1526\" data-end=\"1554\">Gyors sz\u00e1ll\u00edt\u00e1s a vil\u00e1g minden pontj\u00e1ra!<\/strong> Rendeljen most, hogy helyre\u00e1ll\u00edtsa laptopj\u00e1t ezzel a <strong data-start=\"1598\" data-end=\"1631\"><\/strong> hiteles HP cserealkatr\u00e9szrel.<\/p>\n","protected":false},"excerpt":{"rendered":"<p>Cser\u00e9lje ki s\u00e9r\u00fclt <strong data-start=\"334\" data-end=\"377\">HP ProBook 450 G8 csukl\u00f3t\u00e1masz\u00e1t \u00e9s billenty\u0171zet\u00e9t<\/strong> erre az <strong data-start=\"388\" data-end=\"408\">eredeti OEM alkatr\u00e9szre<\/strong>. T\u00f6k\u00e9letes illeszked\u00e9st \u00e9s sima g\u00e9pel\u00e9si \u00e9lm\u00e9nyt biztos\u00edt. <strong data-start=\"462\" data-end=\"509\">Val\u00f3di fot\u00f3k \u2013 amit l\u00e1tsz, azt kapod!<\/strong><\/p>\n","protected":false},"featured_media":13298,"template":"","meta":[],"product_brand":[],"product_cat":[24],"product_tag":[25],"class_list":{"0":"post-11170","1":"product","2":"type-product","3":"status-publish","4":"has-post-thumbnail","6":"product_cat-individual-keyboard-keys","7":"product_tag-hp","9":"first","10":"instock","11":"taxable","12":"shipping-taxable","13":"purchasable","14":"product-type-simple"},"_links":{"self":[{"href":"https:\/\/boreait.com\/hu\/wp-json\/wp\/v2\/product\/11170","targetHints":{"allow":["GET"]}}],"collection":[{"href":"https:\/\/boreait.com\/hu\/wp-json\/wp\/v2\/product"}],"about":[{"href":"https:\/\/boreait.com\/hu\/wp-json\/wp\/v2\/types\/product"}],"wp:featuredmedia":[{"embeddable":true,"href":"https:\/\/boreait.com\/hu\/wp-json\/wp\/v2\/media\/13298"}],"wp:attachment":[{"href":"https:\/\/boreait.com\/hu\/wp-json\/wp\/v2\/media?parent=11170"}],"wp:term":[{"taxonomy":"product_brand","embeddable":true,"href":"https:\/\/boreait.com\/hu\/wp-json\/wp\/v2\/product_brand?post=11170"},{"taxonomy":"product_cat","embeddable":true,"href":"https:\/\/boreait.com\/hu\/wp-json\/wp\/v2\/product_cat?post=11170"},{"taxonomy":"product_tag","embeddable":true,"href":"https:\/\/boreait.com\/hu\/wp-json\/wp\/v2\/product_tag?post=11170"}],"curies":[{"name":"wp","href":"https:\/\/api.w.org\/{rel}","templated":true}]}}