{"id":1117,"date":"2025-09-17T09:54:48","date_gmt":"2025-09-17T07:54:48","guid":{"rendered":"https:\/\/boreait.com\/hu\/?post_type=product&#038;p=1117"},"modified":"2025-09-17T09:55:45","modified_gmt":"2025-09-17T07:55:45","slug":"eredeti-dell-precision-m6400-17-30-tus-ccfl-lcd-panel-b170pw06-v-3","status":"publish","type":"product","link":"https:\/\/boreait.com\/hu\/termek\/eredeti-dell-precision-m6400-17-30-tus-ccfl-lcd-panel-b170pw06-v-3\/","title":{"rendered":"Eredeti Dell Precision M6400 &#8211; 17&#8243; 30 t\u0171s CCFL LCD panel &#8211; B170PW06 V.3"},"content":{"rendered":"<p>Friss\u00edtse Dell Precision M6400 laptopj\u00e1t az eredeti Dell 17&#8243;-es, 30 t\u0171s CCFL LCD-panellel &#8211; B170PW06 V.3, \u00e9s \u00e9lvezze a tov\u00e1bbfejlesztett l\u00e1tv\u00e1nyt minden sz\u00e1m\u00edt\u00e1si feladathoz. Ez a cs\u00facsmin\u0151s\u00e9g\u0171 LCD-panel leny\u0171g\u00f6z\u0151 k\u00e9pmin\u0151s\u00e9get biztos\u00edt, \u00edgy ide\u00e1lis helyettes\u00edt\u0151je a megl\u00e9v\u0151 k\u00e9perny\u0151j\u00e9nek.<\/p>\n<p>A B170PW06 V.3 nagyvonal\u00fa, 17 h\u00fcvelykes kijelz\u0151je 30 t\u0171s CCFL h\u00e1tt\u00e9rvil\u00e1g\u00edt\u00e1ssal rendelkezik, amely b\u0151s\u00e9ges k\u00e9perny\u0151fel\u00fcletet k\u00edn\u00e1l t\u00f6bbfeladatos munkav\u00e9gz\u00e9shez, kreat\u00edv projektekhez \u00e9s mag\u00e1val ragad\u00f3 multim\u00e9di\u00e1s \u00e9lm\u00e9nyekhez. Nagy felbont\u00e1sa \u00e9s pontos sz\u00ednvisszaad\u00e1sa \u00e9les \u00e9s \u00e9l\u00e9nk l\u00e1tv\u00e1nyt biztos\u00edt a munk\u00e1hoz \u00e9s a j\u00e1t\u00e9khoz egyar\u00e1nt.<\/p>\n<p>A fejlett CCFL technol\u00f3gi\u00e1val ez az LCD-panel egyenletes h\u00e1tt\u00e9rvil\u00e1g\u00edt\u00e1st biztos\u00edt, cs\u00f6kkenti a t\u00fckr\u00f6z\u0151d\u00e9st \u00e9s egyenletes f\u00e9nyer\u0151t biztos\u00edt a k\u00e9perny\u0151n. Mondjon b\u00facs\u00fat a szem meger\u0151ltet\u00e9s\u00e9nek, \u00e9s \u00e9lvezze a k\u00e9nyelmes n\u00e9zeget\u00e9st hosszabb ideig.<\/p>\n<p>Az eredeti Dell Precision M6400 17&#8243;-es 30 t\u0171s CCFL LCD-panel (B170PW06 V.3) telep\u00edt\u00e9se egyszer\u0171 folyamat, amely lehet\u0151v\u00e9 teszi a r\u00e9gi vagy s\u00e9r\u00fclt k\u00e9perny\u0151 gyors, probl\u00e9mamentes cser\u00e9j\u00e9t. Gyorsan visszat\u00e9rhet a termel\u00e9kenys\u00e9ghez \u00e9s a sz\u00f3rakoz\u00e1shoz.<\/p>\n<p>Ak\u00e1r profi, tanul\u00f3 vagy lelkes multim\u00e9dia-rajong\u00f3, ez az eredeti Dell LCD-panel t\u00f6k\u00e9letes v\u00e1laszt\u00e1s laptopja megjelen\u00edt\u00e9si teljes\u00edtm\u00e9ny\u00e9nek fokoz\u00e1s\u00e1ra. \u00c9lvezze az \u00e9lesebb sz\u00f6veget, a sim\u00e1bb grafik\u00e1t \u00e9s az \u00e9leth\u0171 sz\u00edneket ezzel a kiv\u00e1l\u00f3 min\u0151s\u00e9g\u0171 k\u00e9perny\u0151vel.<\/p>\n<p>Fekessen be az eredeti Dell Precision M6400 17&#8243; 30 t\u0171s CCFL LCD panelbe &#8211; B170PW06 V.3 m\u00e9g ma, \u00e9s tapasztalja meg, milyen k\u00fcl\u00f6nbs\u00e9get jelent laptopja haszn\u00e1lat\u00e1ban. Mondjon b\u00facs\u00fat a gyeng\u00e9bb l\u00e1tv\u00e1nynak, \u00e9s emelje a sz\u00e1m\u00edt\u00e1stechnikai \u00e9lm\u00e9nyt \u00faj magass\u00e1gokba. Gyors sz\u00e1ll\u00edt\u00e1s, \u00e9s azonnali tov\u00e1bbfejlesztett laptop k\u00e9perny\u0151je Eur\u00f3p\u00e1ba is el\u00e9rhet\u0151.<\/p>\n","protected":false},"excerpt":{"rendered":"<p>Cser\u00e9lje ki s\u00e9r\u00fclt vagy r\u00e9gi laptopja k\u00e9perny\u0151j\u00e9t az Eredeti Dell Precision M6400 17&#8243; 30 t\u0171s CCFL LCD panelre &#8211; B170PW06 V.3. Ez a kiv\u00e1l\u00f3 min\u0151s\u00e9g\u0171 kijelz\u0151 \u00e9les k\u00e9pet, pontos sz\u00edneket \u00e9s egyenletes k\u00e9pteljes\u00edtm\u00e9nyt k\u00edn\u00e1l, kiv\u00e1l\u00f3 megtekint\u00e9si \u00e9lm\u00e9nyt biztos\u00edtva munk\u00e1hoz, sz\u00f3rakoz\u00e1shoz \u00e9s egyebekhez.<\/p>\n","protected":false},"featured_media":1170,"template":"","meta":[],"product_brand":[],"product_cat":[44,21],"product_tag":[],"class_list":{"0":"post-1117","1":"product","2":"type-product","3":"status-publish","4":"has-post-thumbnail","6":"product_cat-44","7":"product_cat-laptop-screens-lcd-panels","9":"first","10":"instock","11":"taxable","12":"shipping-taxable","13":"purchasable","14":"product-type-simple"},"_links":{"self":[{"href":"https:\/\/boreait.com\/hu\/wp-json\/wp\/v2\/product\/1117","targetHints":{"allow":["GET"]}}],"collection":[{"href":"https:\/\/boreait.com\/hu\/wp-json\/wp\/v2\/product"}],"about":[{"href":"https:\/\/boreait.com\/hu\/wp-json\/wp\/v2\/types\/product"}],"wp:featuredmedia":[{"embeddable":true,"href":"https:\/\/boreait.com\/hu\/wp-json\/wp\/v2\/media\/1170"}],"wp:attachment":[{"href":"https:\/\/boreait.com\/hu\/wp-json\/wp\/v2\/media?parent=1117"}],"wp:term":[{"taxonomy":"product_brand","embeddable":true,"href":"https:\/\/boreait.com\/hu\/wp-json\/wp\/v2\/product_brand?post=1117"},{"taxonomy":"product_cat","embeddable":true,"href":"https:\/\/boreait.com\/hu\/wp-json\/wp\/v2\/product_cat?post=1117"},{"taxonomy":"product_tag","embeddable":true,"href":"https:\/\/boreait.com\/hu\/wp-json\/wp\/v2\/product_tag?post=1117"}],"curies":[{"name":"wp","href":"https:\/\/api.w.org\/{rel}","templated":true}]}}