{"id":11169,"date":"2025-09-17T13:12:48","date_gmt":"2025-09-17T11:12:48","guid":{"rendered":"https:\/\/boreait.com\/hu\/?post_type=product&#038;p=11169"},"modified":"2025-11-06T11:54:28","modified_gmt":"2025-11-06T10:54:28","slug":"acer-nitro-an515-an517-olasz-billentyuzet-billentyuk-lg05p_n14brl-laptop-alkatreszek","status":"publish","type":"product","link":"https:\/\/boreait.com\/hu\/termek\/acer-nitro-an515-an517-olasz-billentyuzet-billentyuk-lg05p_n14brl-laptop-alkatreszek\/","title":{"rendered":"Acer Nitro AN515 AN517 olasz billenty\u0171zet billenty\u0171k LG05P_N14BRL \u2013 Laptop alkatr\u00e9szek"},"content":{"rendered":"<p data-start=\"588\" data-end=\"881\"><strong>V\u00e1s\u00e1rl\u00e1s ut\u00e1n k\u00fcldj\u00f6n nek\u00fcnk \u00fczenetet, \u00e9s tudassa vel\u00fcnk, melyik kulcsot vagy kulcsokat szeretn\u00e9. Az \u00f6sszes el\u00e9rhet\u0151 kulcs a list\u00e1ban tal\u00e1lhat\u00f3 fot\u00f3n l\u00e1that\u00f3!<\/strong><\/p>\n<p data-start=\"588\" data-end=\"881\">\u00c1ll\u00edtsa vissza <strong data-start=\"601\" data-end=\"668\">Acer Nitro AN515-55 \/ AN515-56 \/ AN515-57 \/ AN517-52 \/ AN517-52 \/ AN517-53 9-es <strong> adatbillenty\u0171ket ezekkel az <strong> adat9-53 k\u00e1rty\u00e1kkal data-end=&#8221;740&#8243;>eredeti olasz cserekulcsok (LG05P_N14BRL)<\/strong>. Ak\u00e1r egyetlen billenty\u0171 hi\u00e1nyzik, ak\u00e1r s\u00e9r\u00fclt, ez a lista lehet\u0151v\u00e9 teszi az egyes billenty\u0171k cser\u00e9j\u00e9t an\u00e9lk\u00fcl, hogy teljes billenty\u0171zetcser\u00e9re lenne sz\u00fcks\u00e9g.<\/p>\n<p data-start=\"883\" data-end=\"1269\">\ud83d\udd39 <strong data-start=\"886\" data-end=\"903\">F\u0151bb jellemz\u0151k:<\/strong><br data-start=\"903\" data-end=\"906\" \/>\u2714 <strong data-start=\"908\" data-end=\"936\">Kulcs \u00e9s t\u00f6k\u00e9letes illeszked\u00e9s<\/strong>Nii<br \/>T\u00f6k\u00e9letes data-start=&#8221;961&#8243; data-end=&#8221;964&#8243; \/>\u2714 <strong data-start=\"966\" data-end=\"989\">Modell: LG05P_N14BRL<\/strong> \u2013 Az Acer Nitro AN515 &amp; AN517 sorozat<br data-start=\"1040\" data-end=\"1043\" \/>\u2714 <strong data-start=\"1045\" data-end=\"1076\">olasz elrendez\u00e9s (QWERTY ITA)<\/strong> \u2013 \u00e9kezetes karaktereket tartalmaz a teljes kompatibilit\u00e1s \u00e9rdek\u00e9ben.<br data-start=\"1045\" data-end=\"11310\" adatok\n\n\n\n<p data-start=\"1271\" data-end=\"1298\">\ud83d\udca1 <strong data-start=\"1274\" data-end=\"1296\">Kompatibilis modellek:<\/strong><\/p>\n<ul data-start=\"1299\" data-end=\"1456\">\n<li data-start=\"1299\" data-end=\"1346\"><strong data-start=\"1301\" data-end=\"1344\">Acer Nitro AN515-55, AN515-56, AN515-57<\/strong><\/li>\n<li data-start=\"1347\" data-end=\"1384\"><strong data-start=\"1349\" data-end=\"1382\">Acer Nitro AN517-52, AN517-53<\/strong><\/li>\n<li data-start=\"1385\" data-end=\"1456\">V\u00e1s\u00e1rl\u00e1s el\u0151tt ellen\u0151rizze a billenty\u0171zet modellj\u00e9t a kompatibilit\u00e1s \u00e9rdek\u00e9ben.<\/li>\n<\/ul>\n<p data-start=\"1458\" data-end=\"1559\">\ud83d\udcf8 <strong data-start=\"1461\" data-end=\"1477\">Val\u00f3di fot\u00f3k:<\/strong> Az adatlapon szerepl\u0151 k\u00e9pek pontosan azt a t\u00e9telt mutatj\u00e1k, amelyet \u00d6n kap \u2013 nincs meglepet\u00e9s!<\/p>\n<p data-start=\"1561\" data-end=\"1698\">\u2753 <strong data-start=\"1563\" data-end=\"1577\">Seg\u00edts\u00e9gre van sz\u00fcks\u00e9ge?<\/strong> Nem adunk telep\u00edt\u00e9si utas\u00edt\u00e1sokat, de ha b\u00e1rmilyen k\u00e9rd\u00e9se van, nyugodtan \u00edrjon <strong data-start=\"1666\" data-end=\"1680\"><\/strong> seg\u00edts\u00e9g\u00e9rt.<\/strong><\/p>\n<p data-start=\"1700\" data-end=\"1819\">\ud83d\udce6 <strong data-start=\"1703\" data-end=\"1731\">Gyors sz\u00e1ll\u00edt\u00e1s a vil\u00e1g minden pontj\u00e1ra!<\/strong> Hozd vissza laptopod cs\u00facsform\u00e1j\u00e1t ezekkel az eredeti <strong data-start=\"1785\" data-end=\"1816\">Acer Nitro\/p>-kkel<\/strong><\/p>\n","protected":false},"excerpt":{"rendered":"<p>Cser\u00e9lje ki a hi\u00e1nyz\u00f3 vagy s\u00e9r\u00fclt kulcsokat az <strong data-start=\"368\" data-end=\"396\">Acer Nitro AN515 &amp; AN517<\/strong> ezekkel az <strong data-start=\"408\" data-end=\"456\">eredeti olasz billenty\u0171zetbillenty\u0171kkel (LG05P_N14BRL)<\/strong>. <strong data-start=\"458\" data-end=\"505\">Val\u00f3di fot\u00f3k \u2013 amit l\u00e1tsz, azt kapod!<\/strong><\/p>\n","protected":false},"featured_media":13218,"template":"","meta":[],"product_brand":[],"product_cat":[24],"product_tag":[29],"class_list":{"0":"post-11169","1":"product","2":"type-product","3":"status-publish","4":"has-post-thumbnail","6":"product_cat-individual-keyboard-keys","7":"product_tag-acer","9":"first","10":"instock","11":"taxable","12":"shipping-taxable","13":"purchasable","14":"product-type-simple"},"_links":{"self":[{"href":"https:\/\/boreait.com\/hu\/wp-json\/wp\/v2\/product\/11169","targetHints":{"allow":["GET"]}}],"collection":[{"href":"https:\/\/boreait.com\/hu\/wp-json\/wp\/v2\/product"}],"about":[{"href":"https:\/\/boreait.com\/hu\/wp-json\/wp\/v2\/types\/product"}],"wp:featuredmedia":[{"embeddable":true,"href":"https:\/\/boreait.com\/hu\/wp-json\/wp\/v2\/media\/13218"}],"wp:attachment":[{"href":"https:\/\/boreait.com\/hu\/wp-json\/wp\/v2\/media?parent=11169"}],"wp:term":[{"taxonomy":"product_brand","embeddable":true,"href":"https:\/\/boreait.com\/hu\/wp-json\/wp\/v2\/product_brand?post=11169"},{"taxonomy":"product_cat","embeddable":true,"href":"https:\/\/boreait.com\/hu\/wp-json\/wp\/v2\/product_cat?post=11169"},{"taxonomy":"product_tag","embeddable":true,"href":"https:\/\/boreait.com\/hu\/wp-json\/wp\/v2\/product_tag?post=11169"}],"curies":[{"name":"wp","href":"https:\/\/api.w.org\/{rel}","templated":true}]}}