{"id":11168,"date":"2025-09-17T13:12:47","date_gmt":"2025-09-17T11:12:47","guid":{"rendered":"https:\/\/boreait.com\/hu\/?post_type=product&#038;p=11168"},"modified":"2025-09-17T13:14:50","modified_gmt":"2025-09-17T11:14:50","slug":"fujitsu-siemens-lifebook-cp513253-01-billentyuzet-billentyuk-eredeti-laptop-alkatreszek","status":"publish","type":"product","link":"https:\/\/boreait.com\/hu\/termek\/fujitsu-siemens-lifebook-cp513253-01-billentyuzet-billentyuk-eredeti-laptop-alkatreszek\/","title":{"rendered":"Fujitsu Siemens Lifebook CP513253-01 billenty\u0171zet billenty\u0171k \u2013 Eredeti laptop alkatr\u00e9szek"},"content":{"rendered":"<p data-start=\"593\" data-end=\"822\"><strong>V\u00e1s\u00e1rl\u00e1s ut\u00e1n k\u00fcldj\u00f6n nek\u00fcnk \u00fczenetet, \u00e9s tudassa vel\u00fcnk, melyik kulcsot vagy kulcsokat szeretn\u00e9. Az \u00f6sszes el\u00e9rhet\u0151 kulcs a list\u00e1ban tal\u00e1lhat\u00f3 fot\u00f3n l\u00e1that\u00f3!<\/strong><\/p>\n<p data-start=\"593\" data-end=\"822\">Elveszett vagy megs\u00e9r\u00fclt egy kulcs a <strong data-start=\"623\" data-end=\"663\">Fujitsu Siemens Lifebook CP513253-01<\/strong> billenty\u0171zet\u00e9n? Nem kell a teljes billenty\u0171zetet cser\u00e9lni! <strong data-start=\"723\" data-end=\"762\">Eredeti egyedi cserekulcsokat<\/strong> k\u00edn\u00e1lunk, hogy vissza\u00e1ll\u00edtsa laptopja eredeti megjelen\u00e9s\u00e9t \u00e9s m\u0171k\u00f6d\u00e9s\u00e9t.<\/p>\n<p data-start=\"824\" data-end=\"1237\">\ud83d\udd39 <strong data-start=\"827\" data-end=\"844\">F\u0151bb jellemz\u0151k:<\/strong><br data-start=\"844\" data-end=\"847\" \/>\u2714 <strong data-start=\"849\" data-end=\"883\">Eredetileg min\u0151s\u00e9g<br data-start=\"909\" data-end=\"912\" \/>\u2714 <strong data-start=\"914\" data-end=\"945\">Pontos egyez\u00e9s a CP513253-01-hez<\/strong> \u2013 kompatibilis ezzel a specifikus billenty\u0171zetmodelltel<br data-start=\"992\" data-end=\"995\" <strong \/>&#8222;\u2714 adatok data-start=&#8221;1172&#8243; data-end=&#8221;1175&#8221; \/>\u2714 <strong data-start=\"1177\" data-end=\"1198\">Egyszer\u0171 telep\u00edt\u00e9s<\/strong> \u2013 Egyszer\u0171en pattintsa a hely\u00e9re az \u00faj kulcsot<\/p>\n<p data-start=\"1239\" data-end=\"1262\">\ud83d\udca1 <strong data-start=\"1242\" data-end=\"1260\">Kompatibilit\u00e1s:<\/strong><\/p>\n<ul data-start=\"1263\" data-end=\"1421\">\n<li data-start=\"1263\" data-end=\"1346\">A CP513253-01 billenty\u0171zetet haszn\u00e1l\u00f3 <strong data-start=\"1278\" data-end=\"1344\">Fujitsu Siemens Lifebook modellekhez tervezve<\/strong><\/li>\n<li data-start=\"1347\" data-end=\"1421\">Gy\u0151z\u0151dj\u00f6n meg a kompatibilit\u00e1sr\u00f3l \u00fagy, hogy v\u00e1s\u00e1rl\u00e1s el\u0151tt ellen\u0151rizze a billenty\u0171zet modellj\u00e9t.<\/li>\n<\/ul>\n<p data-start=\"1423\" data-end=\"1537\">\ud83d\udcf8 <strong data-start=\"1426\" data-end=\"1442\">Val\u00f3di fot\u00f3k:<\/strong> Az adatlapon szerepl\u0151 k\u00e9pek pontosan azt a <strong data-start=\"1485\" data-end=\"1502\">billenty\u0171zetet mutatj\u00e1k, hogy<\/strong> milyen billenty\u0171ket fog kapni \u2013 nincs meglepet\u00e9s<\/strong>!<\/p>\n<p data-start=\"1539\" data-end=\"1656\">\u2753 <strong data-start=\"1541\" data-end=\"1555\">Seg\u00edts\u00e9gre van sz\u00fcks\u00e9ge?<\/strong> Ha nem biztos abban, hogy melyik kulcsra van sz\u00fcks\u00e9ge, b\u00e1tran <strong data-start=\"1606\" data-end=\"1620\">k\u00fcldj\u00f6n seg\u00edts\u00e9g\u00e9rt \u00fczenetet<\/strong> el\u0151tt\u00fcnk.pcha.<\/strong><\/p>\n<p data-start=\"1658\" data-end=\"1788\">\ud83d\udce6 <strong data-start=\"1661\" data-end=\"1689\">Gyors sz\u00e1ll\u00edt\u00e1s a vil\u00e1g minden pontj\u00e1ra!<\/strong> \u00c1ll\u00edtsa vissza laptopja billenty\u0171zet\u00e9nek teljes funkcionalit\u00e1s\u00e1t ezekkel a <strong data-start=\"1753\" data-end=\"1785\" data-end=\"1785\" keys<\/strong>fuuspstsu<\/strong>genuine.<\/p>\n","protected":false},"excerpt":{"rendered":"<p>Hi\u00e1nyzik egy kulcs? Cser\u00e9lje ki a <strong data-start=\"384\" data-end=\"424\">Fujitsu Siemens Lifebook CP513253-01<\/strong> egyes billenty\u0171it eredeti, megfelel\u0151 billenty\u0171zetbillenty\u0171kre. <strong data-start=\"463\" data-end=\"510\">Val\u00f3di fot\u00f3k \u2013 amit l\u00e1tsz, azt kapod!<\/strong><\/p>\n","protected":false},"featured_media":11231,"template":"","meta":[],"product_brand":[],"product_cat":[24],"product_tag":[28],"class_list":{"0":"post-11168","1":"product","2":"type-product","3":"status-publish","4":"has-post-thumbnail","6":"product_cat-individual-keyboard-keys","7":"product_tag-fujitsu","9":"first","10":"instock","11":"taxable","12":"shipping-taxable","13":"purchasable","14":"product-type-simple"},"_links":{"self":[{"href":"https:\/\/boreait.com\/hu\/wp-json\/wp\/v2\/product\/11168","targetHints":{"allow":["GET"]}}],"collection":[{"href":"https:\/\/boreait.com\/hu\/wp-json\/wp\/v2\/product"}],"about":[{"href":"https:\/\/boreait.com\/hu\/wp-json\/wp\/v2\/types\/product"}],"wp:featuredmedia":[{"embeddable":true,"href":"https:\/\/boreait.com\/hu\/wp-json\/wp\/v2\/media\/11231"}],"wp:attachment":[{"href":"https:\/\/boreait.com\/hu\/wp-json\/wp\/v2\/media?parent=11168"}],"wp:term":[{"taxonomy":"product_brand","embeddable":true,"href":"https:\/\/boreait.com\/hu\/wp-json\/wp\/v2\/product_brand?post=11168"},{"taxonomy":"product_cat","embeddable":true,"href":"https:\/\/boreait.com\/hu\/wp-json\/wp\/v2\/product_cat?post=11168"},{"taxonomy":"product_tag","embeddable":true,"href":"https:\/\/boreait.com\/hu\/wp-json\/wp\/v2\/product_tag?post=11168"}],"curies":[{"name":"wp","href":"https:\/\/api.w.org\/{rel}","templated":true}]}}