{"id":11167,"date":"2025-09-17T13:12:47","date_gmt":"2025-09-17T11:12:47","guid":{"rendered":"https:\/\/boreait.com\/hu\/?post_type=product&#038;p=11167"},"modified":"2025-09-17T13:14:42","modified_gmt":"2025-09-17T11:14:42","slug":"hp-elitebook-x360-1020-g2-bal-es-jobb-hangszorokeszlet-eredeti-laptop-alkatreszek","status":"publish","type":"product","link":"https:\/\/boreait.com\/hu\/termek\/hp-elitebook-x360-1020-g2-bal-es-jobb-hangszorokeszlet-eredeti-laptop-alkatreszek\/","title":{"rendered":"HP EliteBook x360 1020 G2 bal \u00e9s jobb hangsz\u00f3r\u00f3k\u00e9szlet \u2013 Eredeti laptop-alkatr\u00e9szek"},"content":{"rendered":"<p data-start=\"544\" data-end=\"626\"><strong data-start=\"547\" data-end=\"624\">HP EliteBook x360 1020 G2 Bal &amp; Jobb oldali hangsz\u00f3r\u00f3k\u00e9szlet \u2013 Eredeti laptop-alkatr\u00e9szek<\/strong><\/p>\n<p data-start=\"628\" data-end=\"901\">Ha a <strong data-start=\"636\" data-end=\"665\">HP EliteBook x360 1020 G2<\/strong> hangsz\u00f3r\u00f3i eln\u00e9mulnak vagy a hang torz, akkor ez a <strong data-start=\"717\" data-end=\"753\">t\u00f6k\u00e9letes csere<\/strong>hangsz\u00f3r\u00f3. A <strong data-start=\"787\" data-end=\"812\">\u00e9les \u00e9s tiszta hangra<\/strong> tervezt\u00e9k, ez a bal &amp; A megfelel\u0151 hangsug\u00e1rz\u00f3p\u00e1r biztos\u00edtja, hogy laptopja ism\u00e9t kiv\u00e1l\u00f3 min\u0151s\u00e9g\u0171 hangot adjon.<\/p>\n<p data-start=\"903\" data-end=\"1287\">\ud83d\udd39 <strong data-start=\"906\" data-end=\"923\">F\u0151bb jellemz\u0151k:<\/strong><br data-start=\"923\" data-end=\"926\" \/>\u2714 <strong data-start=\"928\" data-end=\"954\">Gy\u00f3gyszertart\u00e1s<\/strong> \u2013 HP Replacement foruine data-start=&#8221;973&#8243; data-end=&#8221;1002&#8243;>HP EliteBook x360 1020 G2<\/strong><br data-start=\"1002\" data-end=\"1005\" \/>\u2714 <strong data-start=\"1007\" data-end=\"1035\">Bal \u00e9s amp; Jobb hangsz\u00f3r\u00f3k\u00e9szlet<\/strong> \u2013 Teljes sztere\u00f3 hangmegold\u00e1s<br data-start=\"1068\" data-end=\"1071\" \/>\u2714 <strong data-start=\"1073\" data-end=\"1102\">Kiv\u00e1l\u00f3 min\u0151s\u00e9g\u0171 hangkimenet<\/strong> \u2013 Tiszta, torz\u00edt\u00e1smentes hang zen\u00e9hez, h\u00edv\u00e1sokhoz \u00e9s amp; m\u00e9dia<br data-start=\"1154\" data-end=\"1157\" \/>\u2714 <strong data-start=\"1159\" data-end=\"1180\">Egyszer\u0171 telep\u00edt\u00e9s<\/strong> \u2013 Szabv\u00e1nyos csatlakoz\u00f3k a gyors cser\u00e9hez<br data-start=\"1219\" data-end=\"1222\" \/>\u2714 <strong data-start=\"1159\" data-end=\"1180\">Egyszer\u0171 telep\u00edt\u00e9s<\/strong> F\u00e9nyk\u00e9pek<\/strong> \u2013 Pontosan azt a t\u00e9telt kapja meg, amit l\u00e1t<\/p>\n<p data-start=\"1289\" data-end=\"1312\">\ud83d\udca1 <strong data-start=\"1292\" data-end=\"1310\">Kompatibilit\u00e1s:<\/strong><\/p>\n<ul data-start=\"1313\" data-end=\"1440\">\n<li data-start=\"1313\" data-end=\"1372\">Kifejezetten a <strong data-start=\"1341\" data-end=\"1370\">HP EliteBook x360 1020 G2-hez<\/strong><\/li>\n<li data-start=\"1373\" data-end=\"1440\">V\u00e1s\u00e1rl\u00e1s el\u0151tt ellen\u0151rizze a laptop modellj\u00e9t a kompatibilit\u00e1s \u00e9rdek\u00e9ben.<\/li>\n<\/ul>\n<p data-start=\"1442\" data-end=\"1537\">\ud83d\udcf8 <strong data-start=\"1445\" data-end=\"1461\">Val\u00f3di fot\u00f3k:<\/strong> Az adatlapon szerepl\u0151 k\u00e9pek a <strong data-start=\"1498\" data-end=\"1517\">t\u00e9nyleges hangsz\u00f3r\u00f3kat<\/p>\n<p> mutatj\u00e1k.<\/p>\n<p data-start=\"1539\" data-end=\"1661\">\u2753 <strong data-start=\"1541\" data-end=\"1555\">Seg\u00edts\u00e9gre van sz\u00fcks\u00e9ge?<\/strong> B\u00e1r a telep\u00edt\u00e9si utas\u00edt\u00e1sokat nem tartalmazza, nyugodtan <strong data-start=\"1618\" data-end=\"1632\">\u00fczenjen nek\u00fcnk<\/strong>, ha k\u00e9rd\u00e9se van.<\/strong><\/p>\n<p data-start=\"1663\" data-end=\"1768\">\ud83d\udce6 <strong data-start=\"1666\" data-end=\"1694\">Gyors sz\u00e1ll\u00edt\u00e1s a vil\u00e1g minden t\u00e1j\u00e1ra!<\/strong> Cser\u00e9lje ki laptopja hangsz\u00f3r\u00f3it, \u00e9s \u00e9lvezze a <strong data-start=\"1739\" data-end=\"1765\">tiszta hangot.<\/strong>\u00fajra<\/strong><\/p>\n","protected":false},"excerpt":{"rendered":"<p>\u00c1ll\u00edtsa vissza a tiszta hangot <strong data-start=\"348\" data-end=\"377\">HP EliteBook x360 1020 G2<\/strong> k\u00e9sz\u00fcl\u00e9k\u00e9n ezzel az <strong data-start=\"388\" data-end=\"424\">eredeti bal \u00e9s amp; jobb oldali hangsz\u00f3r\u00f3k\u00e9szlet<\/strong>et. <strong data-start=\"426\" data-end=\"461\">Tesztelt \u00e9s amp; m\u0171k\u00f6d\u0151 \u2013 val\u00f3di fot\u00f3k!<\/strong><\/p>\n","protected":false},"featured_media":11230,"template":"","meta":[],"product_brand":[],"product_cat":[18],"product_tag":[25],"class_list":{"0":"post-11167","1":"product","2":"type-product","3":"status-publish","4":"has-post-thumbnail","6":"product_cat-laptop-speakers","7":"product_tag-hp","9":"first","10":"instock","11":"taxable","12":"shipping-taxable","13":"purchasable","14":"product-type-simple"},"_links":{"self":[{"href":"https:\/\/boreait.com\/hu\/wp-json\/wp\/v2\/product\/11167","targetHints":{"allow":["GET"]}}],"collection":[{"href":"https:\/\/boreait.com\/hu\/wp-json\/wp\/v2\/product"}],"about":[{"href":"https:\/\/boreait.com\/hu\/wp-json\/wp\/v2\/types\/product"}],"wp:featuredmedia":[{"embeddable":true,"href":"https:\/\/boreait.com\/hu\/wp-json\/wp\/v2\/media\/11230"}],"wp:attachment":[{"href":"https:\/\/boreait.com\/hu\/wp-json\/wp\/v2\/media?parent=11167"}],"wp:term":[{"taxonomy":"product_brand","embeddable":true,"href":"https:\/\/boreait.com\/hu\/wp-json\/wp\/v2\/product_brand?post=11167"},{"taxonomy":"product_cat","embeddable":true,"href":"https:\/\/boreait.com\/hu\/wp-json\/wp\/v2\/product_cat?post=11167"},{"taxonomy":"product_tag","embeddable":true,"href":"https:\/\/boreait.com\/hu\/wp-json\/wp\/v2\/product_tag?post=11167"}],"curies":[{"name":"wp","href":"https:\/\/api.w.org\/{rel}","templated":true}]}}