{"id":11166,"date":"2025-09-17T13:12:47","date_gmt":"2025-09-17T11:12:47","guid":{"rendered":"https:\/\/boreait.com\/hu\/?post_type=product&#038;p=11166"},"modified":"2025-09-17T13:14:38","modified_gmt":"2025-09-17T11:14:38","slug":"hp-pavilion-dv6-7000-dv6-7100-billentyuzetbillentyuk-eredeti-hp-639396-ba1-tartalek","status":"publish","type":"product","link":"https:\/\/boreait.com\/hu\/termek\/hp-pavilion-dv6-7000-dv6-7100-billentyuzetbillentyuk-eredeti-hp-639396-ba1-tartalek\/","title":{"rendered":"HP Pavilion DV6-7000 DV6-7100 billenty\u0171zetbillenty\u0171k \u2013 Eredeti HP 639396-BA1 tartal\u00e9k"},"content":{"rendered":"<p data-start=\"614\" data-end=\"870\"><strong>V\u00e1s\u00e1rl\u00e1s ut\u00e1n k\u00fcldj\u00f6n nek\u00fcnk \u00fczenetet, \u00e9s tudassa vel\u00fcnk, melyik kulcsot vagy kulcsokat szeretn\u00e9. Az \u00f6sszes el\u00e9rhet\u0151 kulcs a list\u00e1ban tal\u00e1lhat\u00f3 fot\u00f3n l\u00e1that\u00f3!<\/strong><\/p>\n<p data-start=\"614\" data-end=\"870\"> \u00c1ll\u00edtsa vissza <strong data-start=\"627\" data-end=\"671\">HP Pavilion DV6-7000 \/ DV6-7100 billenty\u0171zet\u00e9t<\/strong> a <strong data-start=\"677\" data-end=\"739\">eredeti H P cserekulccsal 639396-BA1)<\/strong>. F\u00fcggetlen\u00fcl att\u00f3l, hogy elveszett, elt\u00f6rt vagy elhaszn\u00e1l\u00f3dott egy kulcs, ez a t\u00f6k\u00e9letes megold\u00e1s arra, hogy billenty\u0171zete \u00fagy n\u00e9zzen ki \u00e9s m\u0171k\u00f6dj\u00f6n, mint az \u00faj.<\/p>\n<p data-start=\"872\" data-end=\"1262\">\ud83d\udd39 <strong data-start=\"875\" data-end=\"892\">F\u0151bb jellemz\u0151k:<\/strong><br data-start=\"892\" data-end=\"895\" \/>\u2714 <strong data-start=\"897\" data-end=\"922\">G egyezik az eredeti kulcshoz<\/strong> Spa<br \/> data-start=&#8221;964&#8243; data-end=&#8221;967&#8243; \/>\u2714 <strong data-start=\"969\" data-end=\"999\">HP cikksz\u00e1m: 639396-BA1<\/strong> \u2013 Kompatibilit\u00e1st \u00e9s tart\u00f3ss\u00e1got biztos\u00edt<br data-start=\"1038\" data-end=\"1041\" \/>-4&#8243;\u2714 data-end=&#8221;1082&#8243;>Tartalmazza a kulcssapk\u00e1t, a csukl\u00f3p\u00e1ntot \u00e9s a csukl\u00f3p\u00e1ntot; Gumipoh\u00e1r<\/strong> \u2013 teljes \u00f6sszeszerel\u00e9s a megfelel\u0151 illeszked\u00e9shez<br data-start=\"1115\" data-end=\"1118\" \/>\u2714 <strong data-start=\"1120\" data-end=\"1139\">K\u00f6nnyen cser\u00e9lhet\u0151<\/strong> \u2013 Nem kell teljesen \u00faj billenty\u0171zetet v\u00e1s\u00e1rolni<br data-start=\"1177\" data-end=\"1118\" \/>18 data-start=&#8221;1182&#8243; data-end=&#8221;1206&#8243;>Val\u00f3di fot\u00f3k biztos\u00edtottak<\/strong> \u2013 Pontosan a k\u00e9peken l\u00e1that\u00f3 kulcs(oka)t kapja meg<\/p>\n<p data-start=\"1264\" data-end=\"1287\">\ud83d\udca1 <strong data-start=\"1267\" data-end=\"1285\">Kompatibilit\u00e1s:<\/strong><\/p>\n<ul data-start=\"1288\" data-end=\"1434\">\n<li data-start=\"1288\" data-end=\"1362\">Kifejezetten a <strong data-start=\"1316\" data-end=\"1360\">HP Pavilion DV6-7000 \u00e9s DV6-7100 sorozathoz<\/strong><\/li>\n<li data-start=\"1363\" data-end=\"1434\">V\u00e1s\u00e1rl\u00e1s el\u0151tt ellen\u0151rizze <strong data-start=\"1383\" data-end=\"1414\">laptopmodellj\u00e9t \u00e9s csukl\u00f3p\u00e1nt t\u00edpus\u00e1t<\/strong>.<\/li>\n<\/ul>\n<p data-start=\"1436\" data-end=\"1565\">\ud83d\udcf8 <strong data-start=\"1439\" data-end=\"1455\">Val\u00f3di fot\u00f3k:<\/strong> Csak azt adjuk el, amit mutatunk! A list\u00e1n szerepl\u0151 k\u00e9pek a t\u00e9nyleges <strong data-start=\"1528\" data-end=\"1562\">billenty\u0171zeteket \u00e1br\u00e1zolj\u00e1k, amelyeket megkap<\/strong>.<\/p>\n<p data-start=\"1567\" data-end=\"1760\">\u2753 <strong data-start=\"1569\" data-end=\"1583\">Seg\u00edts\u00e9gre van sz\u00fcks\u00e9ge?<\/strong> Ha nem biztos a kompatibilit\u00e1sban vagy a telep\u00edt\u00e9sben, nyugodtan <strong data-start=\"1651\" data-end=\"1665\">\u00fczenjen<\/strong>. B\u00e1r nem adunk r\u00e9szletes utas\u00edt\u00e1sokat, sz\u00edvesen seg\u00edt\u00fcnk b\u00e1rmilyen k\u00e9rd\u00e9sben!<\/p>\n<p data-start=\"1762\" data-end=\"1883\">\ud83d\udce6 <strong data-start=\"1765\" data-end=\"1793\">Gyors sz\u00e1ll\u00edt\u00e1s a vil\u00e1g minden pontj\u00e1ra!<\/strong> \u00c1ll\u00edtsa vissza billenty\u0171zet\u00e9t t\u00f6k\u00e9letes \u00e1llapotba a <strong data-start=\"1847\" data-end=\"1880\" data-end=\"1880\">hiteles HP cserekulcs<\/strong><\/strong> seg\u00edts\u00e9g\u00e9vel.<\/p>\n","protected":false},"excerpt":{"rendered":"<p>Elveszett vagy megs\u00e9r\u00fclt egy kulcs? Szerezzen be <strong data-start=\"368\" data-end=\"407\">eredeti egyedi cserekulcsokat<\/strong> a <strong data-start=\"416\" data-end=\"482\">HP Pavilion DV6-7000 \/ DV6-7100 billenty\u0171zethez (HP Spare 639396-BA1)<\/strong>. <strong data-start=\"484\" data-end=\"531\">Val\u00f3di fot\u00f3k \u2013 amit l\u00e1tsz, azt kapod!<\/strong><\/p>\n","protected":false},"featured_media":11227,"template":"","meta":[],"product_brand":[],"product_cat":[24],"product_tag":[25],"class_list":{"0":"post-11166","1":"product","2":"type-product","3":"status-publish","4":"has-post-thumbnail","6":"product_cat-individual-keyboard-keys","7":"product_tag-hp","9":"first","10":"instock","11":"taxable","12":"shipping-taxable","13":"purchasable","14":"product-type-simple"},"_links":{"self":[{"href":"https:\/\/boreait.com\/hu\/wp-json\/wp\/v2\/product\/11166","targetHints":{"allow":["GET"]}}],"collection":[{"href":"https:\/\/boreait.com\/hu\/wp-json\/wp\/v2\/product"}],"about":[{"href":"https:\/\/boreait.com\/hu\/wp-json\/wp\/v2\/types\/product"}],"wp:featuredmedia":[{"embeddable":true,"href":"https:\/\/boreait.com\/hu\/wp-json\/wp\/v2\/media\/11227"}],"wp:attachment":[{"href":"https:\/\/boreait.com\/hu\/wp-json\/wp\/v2\/media?parent=11166"}],"wp:term":[{"taxonomy":"product_brand","embeddable":true,"href":"https:\/\/boreait.com\/hu\/wp-json\/wp\/v2\/product_brand?post=11166"},{"taxonomy":"product_cat","embeddable":true,"href":"https:\/\/boreait.com\/hu\/wp-json\/wp\/v2\/product_cat?post=11166"},{"taxonomy":"product_tag","embeddable":true,"href":"https:\/\/boreait.com\/hu\/wp-json\/wp\/v2\/product_tag?post=11166"}],"curies":[{"name":"wp","href":"https:\/\/api.w.org\/{rel}","templated":true}]}}