{"id":11165,"date":"2025-09-17T13:12:47","date_gmt":"2025-09-17T11:12:47","guid":{"rendered":"https:\/\/boreait.com\/hu\/?post_type=product&#038;p=11165"},"modified":"2025-09-17T13:14:27","modified_gmt":"2025-09-17T11:14:27","slug":"hp-elitebook-x360-1020-g2-audio-jackkartya-6050a2850801-kabellel-eredeti","status":"publish","type":"product","link":"https:\/\/boreait.com\/hu\/termek\/hp-elitebook-x360-1020-g2-audio-jackkartya-6050a2850801-kabellel-eredeti\/","title":{"rendered":"HP EliteBook x360 1020 G2 audio jackk\u00e1rtya 6050A2850801 k\u00e1bellel \u2013 Eredeti"},"content":{"rendered":"<p data-start=\"607\" data-end=\"858\"> \u00c1ll\u00edtsa vissza a teljes hangfunkci\u00f3t <strong data-start=\"648\" data-end=\"677\">HP EliteBook x360 1020 G2<\/strong> k\u00e9sz\u00fcl\u00e9k\u00e9re ezzel az <strong data-start=\"688\" data-end=\"734\">eredeti HP Audio Jack1 k\u00e1rty\u00e1val (60.50.8.08.08.08.08.08.08.08). Ha laptopja fejhallgat\u00f3- vagy mikrofonportja nem m\u0171k\u00f6dik megfelel\u0151en, ez a <strong data-start=\"812\" data-end=\"832\">cserealkatr\u00e9sz<\/strong> megb\u00edzhat\u00f3 jav\u00edt\u00e1st biztos\u00edt.<\/p>\n<p>? adatok adatok data-end=&#8221;1187&#8243; \/>\u2714 <strong data-start=\"1189\" data-end=\"1210\">T\u00f6m\u00f6r\u00edt\u00e9s \u00e9s t\u00f6m\u00f6r\u00edt\u00e9s; Tart\u00f3s<\/strong> \u2013 A laptopba val\u00f3 z\u00f6kken\u0151mentes integr\u00e1ci\u00f3<\/p>\n<p>hoz tervezt\u00e9k<\/p>\n<p data-start=\"1267\" data-end=\"1290\">\ud83d\udca1 <strong data-start=\"1270\" data-end=\"1288\">Kompatibilit\u00e1s:<\/strong><\/p>\n<ul data-start=\"1291\" data-end=\"1368\">\n<li data-start=\"1291\" data-end=\"1368\"><strong data-start=\"1293\" data-end=\"1322\">HP EliteBook x360 1020 G2<\/strong> (V\u00e1s\u00e1rl\u00e1s el\u0151tt ellen\u0151rizze laptopja modellj\u00e9t)<\/li>\n<\/ul>\n<p data-start=\"1370\" data-end=\"1462\">\ud83d\udcf8 <strong data-start=\"1373\" data-end=\"1389\">Val\u00f3di fot\u00f3k:<\/strong> Pontosan a k\u00e9peken l\u00e1that\u00f3 t\u00e9telt kapod \u2013 nincs stock fot\u00f3!<\/p>\n<p data-start=\"1464\" data-end=\"1614\">\u2753 <strong data-start=\"1466\" data-end=\"1480\">Seg\u00edts\u00e9gre van sz\u00fcks\u00e9ge?<\/strong> Telep\u00edt\u00e9si utas\u00edt\u00e1sokat nem adunk, de nyugodtan <strong data-start=\"1542\" data-end=\"1556\">\u00fczenjen nek\u00fcnk<\/strong> a v\u00e1s\u00e1rl\u00e1s el\u0151tt, vagy b\u00e1rmilyen azonos\u00edt\u00f3ra van sz\u00fcks\u00e9ge<\/strong>.<\/p>\n<p data-start=\"1616\" data-end=\"1750\">\ud83d\udce6 <strong data-start=\"1619\" data-end=\"1647\">Gyors kisz\u00e1ll\u00edt\u00e1s a vil\u00e1g minden pontj\u00e1ra!<\/strong> Szerezze be laptopja <strong data-start=\"1666\" data-end=\"1680\">adatai-end=&#8221;1680&#8243;>az autentikus hangcsatlakoz\u00f3j\u00e1t az <strong=\"1-72-<\/strong> seg\u00edts\u00e9g\u00e9vel, amely \u00fajra \u00fagy m\u0171k\u00f6dik, mint az \u00faj adatok data-end=&#8221;1747&#8243;>HP cserealkatr\u00e9sz<\/strong>.<\/p>\n","protected":false},"excerpt":{"rendered":"<p><strong data-start=\"335\" data-end=\"415\">Eredeti HP EliteBook x360 1020 G2 Audio Jack Board (6050A2850801) k\u00e1bellel<\/strong>. T\u00f6k\u00e9letes csere a hib\u00e1s fejhallgat\u00f3\/mikrofon csatlakoz\u00f3hoz. <strong data-start=\"477\" data-end=\"524\">Val\u00f3di fot\u00f3k \u2013 amit l\u00e1tsz, azt kapod!<\/strong><\/p>\n","protected":false},"featured_media":11221,"template":"","meta":[],"product_brand":[],"product_cat":[27],"product_tag":[25],"class_list":{"0":"post-11165","1":"product","2":"type-product","3":"status-publish","4":"has-post-thumbnail","6":"product_cat-motherboards-board-parts","7":"product_tag-hp","9":"first","10":"instock","11":"taxable","12":"shipping-taxable","13":"purchasable","14":"product-type-simple"},"_links":{"self":[{"href":"https:\/\/boreait.com\/hu\/wp-json\/wp\/v2\/product\/11165","targetHints":{"allow":["GET"]}}],"collection":[{"href":"https:\/\/boreait.com\/hu\/wp-json\/wp\/v2\/product"}],"about":[{"href":"https:\/\/boreait.com\/hu\/wp-json\/wp\/v2\/types\/product"}],"wp:featuredmedia":[{"embeddable":true,"href":"https:\/\/boreait.com\/hu\/wp-json\/wp\/v2\/media\/11221"}],"wp:attachment":[{"href":"https:\/\/boreait.com\/hu\/wp-json\/wp\/v2\/media?parent=11165"}],"wp:term":[{"taxonomy":"product_brand","embeddable":true,"href":"https:\/\/boreait.com\/hu\/wp-json\/wp\/v2\/product_brand?post=11165"},{"taxonomy":"product_cat","embeddable":true,"href":"https:\/\/boreait.com\/hu\/wp-json\/wp\/v2\/product_cat?post=11165"},{"taxonomy":"product_tag","embeddable":true,"href":"https:\/\/boreait.com\/hu\/wp-json\/wp\/v2\/product_tag?post=11165"}],"curies":[{"name":"wp","href":"https:\/\/api.w.org\/{rel}","templated":true}]}}