{"id":11164,"date":"2025-09-17T13:12:47","date_gmt":"2025-09-17T11:12:47","guid":{"rendered":"https:\/\/boreait.com\/hu\/?post_type=product&#038;p=11164"},"modified":"2025-09-17T13:14:24","modified_gmt":"2025-09-17T11:14:24","slug":"hp-elitebook-x360-1020-g2-oem-ujjlenyomat-olvaso-920484-001-eredeti-laptop-alkatresz","status":"publish","type":"product","link":"https:\/\/boreait.com\/hu\/termek\/hp-elitebook-x360-1020-g2-oem-ujjlenyomat-olvaso-920484-001-eredeti-laptop-alkatresz\/","title":{"rendered":"HP EliteBook x360 1020 G2 OEM ujjlenyomat-olvas\u00f3 920484-001 \u2013 Eredeti laptop alkatr\u00e9sz"},"content":{"rendered":"<p data-start=\"578\" data-end=\"807\">Fokozza <strong data-start=\"591\" data-end=\"620\">HP EliteBook x360 1020 G2<\/strong> biztons\u00e1g\u00e1t ezzel az <strong data-start=\"640\" data-end=\"666\">OEM-ujjlenyomat-olvas\u00f3<\/strong> cser\u00e9vel (SPS:4-020418). A <strong data-start=\"693\" data-end=\"720\">z\u00f6kken\u0151mentes hiteles\u00edt\u00e9sre<\/strong> tervezett biometrikus szkenner egyetlen \u00e9rint\u00e9ssel gyors \u00e9s biztons\u00e1gos bejelentkez\u00e9st tesz lehet\u0151v\u00e9.<\/p>\n<p data-start=\"809\" data-end=\"1116\">\ud83d\udd39 <strong data-start=\"812\" data-end=\"829\">F\u0151bb jellemz\u0151k:<\/strong><br data-start=\"829\" data-end=\"832\" \/>\u2714 <strong data-start=\"834\" data-end=\"857\">EM-szolg\u00e1ltat\u00e1sok<\/strong>HP-rendszerek \u00e9s szolg\u00e1ltat\u00e1sok megb\u00edzhat\u00f3s\u00e1g<br data-start=\"897\" data-end=\"900\" \/>\u2714 <strong data-start=\"902\" data-end=\"924\">Biometrikus biztons\u00e1g<\/strong> \u2013 Gyors \u00e9s biztons\u00e1gos bejelentkez\u00e9s ujjlenyomattal<br data-start=\"961\" data-end=\"964\" \/>\u2714 <strong data-start=\"9696\" Speci\u00e1lisan a HP-adatokhoz<\/strong>Fi-end=&#8221;9696&#8243;<\/strong> EliteBook x360 1020 G2<br data-start=\"1031\" data-end=\"1034\" \/>\u2714 <strong data-start=\"1036\" data-end=\"1051\">Plug &amp; Lej\u00e1tsz\u00e1s<\/strong> \u2013 A s\u00e9r\u00fclt vagy hi\u00e1nyz\u00f3 ujjlenyomat-szkennerek egyszer\u0171 cser\u00e9je<\/p>\n<p data-start=\"1118\" data-end=\"1141\">\ud83d\udca1 <strong data-start=\"1121\" data-end=\"1139\">Kompatibilit\u00e1s:<\/strong><\/p>\n<ul data-start=\"1142\" data-end=\"1270\">\n<li data-start=\"1142\" data-end=\"1223\"><strong data-start=\"1157\" data-end=\"1186\">HP EliteBook x360 1020 G2<\/strong>hez tervezve (Rendel\u00e9s el\u0151tt ellen\u0151rizze a modellt)<\/li>\n<li data-start=\"1224\" data-end=\"1270\">Az OEM r\u00e9sz biztos\u00edtja a teljes rendszerkompatibilit\u00e1st<\/li>\n<\/ul>\n<p data-start=\"1272\" data-end=\"1366\">\ud83d\udcf8 <strong data-start=\"1275\" data-end=\"1291\">Val\u00f3di fot\u00f3k:<\/strong> A list\u00e1n szerepl\u0151 k\u00e9pek a <strong data-start=\"1330\" data-end=\"1348\">t\u00e9nyleges term\u00e9kr\u0151l<\/strong> k\u00e9sz\u00fcltek \u2013 nem meglep\u0151!<\/p>\n<p data-start=\"1368\" data-end=\"1522\">\u2753 <strong data-start=\"1370\" data-end=\"1384\">Seg\u00edts\u00e9gre van sz\u00fcks\u00e9ge?<\/strong> B\u00e1r telep\u00edt\u00e9si utas\u00edt\u00e1sokat nem adunk, nyugodtan <strong data-start=\"1448\" data-end=\"1462\">\u00fczenjen nek\u00fcnk<\/strong> a v\u00e1s\u00e1rl\u00e1s el\u0151tt vagy ut\u00e1n.<\/strong><\/p>\n<p data-start=\"1524\" data-end=\"1644\">\ud83d\udce6 <strong data-start=\"1527\" data-end=\"1555\">Gyors kisz\u00e1ll\u00edt\u00e1s az eg\u00e9sz vil\u00e1gon!<\/strong> Szerezze vissza laptopja biometrikus biztons\u00e1g\u00e1t ezzel az <strong data-start=\"1608\" data-end=\"1641\">HP<\/p>\n<p> ujjlenyomat-olvas\u00f3<\/strong> eredeti verzi\u00f3val.<\/p>\n","protected":false},"excerpt":{"rendered":"<p>\u00c1ll\u00edtsa vissza a biztons\u00e1gos \u00e9s gyors bejelentkez\u00e9si hozz\u00e1f\u00e9r\u00e9st ezzel az <strong data-start=\"360\" data-end=\"386\">OEM-ujjlenyomat-olvas\u00f3val<\/strong> a <strong data-start=\"391\" data-end=\"420\">HP EliteBook x360 1020 G2<\/strong>hez. Eredeti cserealkatr\u00e9sz. <strong data-start=\"448\" data-end=\"495\">Val\u00f3di fot\u00f3k \u2013 amit l\u00e1tsz, azt kapod!<\/strong><\/p>\n","protected":false},"featured_media":11220,"template":"","meta":[],"product_brand":[],"product_cat":[27],"product_tag":[25],"class_list":{"0":"post-11164","1":"product","2":"type-product","3":"status-publish","4":"has-post-thumbnail","6":"product_cat-motherboards-board-parts","7":"product_tag-hp","9":"first","10":"instock","11":"taxable","12":"shipping-taxable","13":"purchasable","14":"product-type-simple"},"_links":{"self":[{"href":"https:\/\/boreait.com\/hu\/wp-json\/wp\/v2\/product\/11164","targetHints":{"allow":["GET"]}}],"collection":[{"href":"https:\/\/boreait.com\/hu\/wp-json\/wp\/v2\/product"}],"about":[{"href":"https:\/\/boreait.com\/hu\/wp-json\/wp\/v2\/types\/product"}],"wp:featuredmedia":[{"embeddable":true,"href":"https:\/\/boreait.com\/hu\/wp-json\/wp\/v2\/media\/11220"}],"wp:attachment":[{"href":"https:\/\/boreait.com\/hu\/wp-json\/wp\/v2\/media?parent=11164"}],"wp:term":[{"taxonomy":"product_brand","embeddable":true,"href":"https:\/\/boreait.com\/hu\/wp-json\/wp\/v2\/product_brand?post=11164"},{"taxonomy":"product_cat","embeddable":true,"href":"https:\/\/boreait.com\/hu\/wp-json\/wp\/v2\/product_cat?post=11164"},{"taxonomy":"product_tag","embeddable":true,"href":"https:\/\/boreait.com\/hu\/wp-json\/wp\/v2\/product_tag?post=11164"}],"curies":[{"name":"wp","href":"https:\/\/api.w.org\/{rel}","templated":true}]}}