{"id":11154,"date":"2025-09-17T13:12:22","date_gmt":"2025-09-17T11:12:22","guid":{"rendered":"https:\/\/boreait.com\/hu\/?post_type=product&#038;p=11154"},"modified":"2025-09-17T13:14:16","modified_gmt":"2025-09-17T11:14:16","slug":"hp-elitebook-x360-1020-g2-smartcard-reader-6050a2850701-eredeti-laptop-alkatresz","status":"publish","type":"product","link":"https:\/\/boreait.com\/hu\/termek\/hp-elitebook-x360-1020-g2-smartcard-reader-6050a2850701-eredeti-laptop-alkatresz\/","title":{"rendered":"HP EliteBook x360 1020 G2 SmartCard Reader 6050A2850701 \u2013 Eredeti laptop alkatr\u00e9sz"},"content":{"rendered":"<p data-start=\"639\" data-end=\"908\">Tartsa biztons\u00e1gban \u00e9s m\u0171k\u00f6d\u0151k\u00e9pes <strong data-start=\"649\" data-end=\"678\">HP EliteBook x360 1020 G2<\/strong> k\u00e9sz\u00fcl\u00e9k\u00e9t ezzel az <strong data-start=\"711\" data-end=\"754\">eredeti SmartCard Reader (605.012) (605.012)<\/strong>70.012<\/strong> Ez a helyettes\u00edt\u0151 <strong data-start=\"773\" data-end=\"799\">laptop biztons\u00e1gi modul<\/strong> lehet\u0151v\u00e9 teszi SmartCard k\u00e1rty\u00e1k haszn\u00e1lat\u00e1t a biztons\u00e1gos hiteles\u00edt\u00e9shez, \u00edgy ide\u00e1lis \u00fczleti \u00e9s v\u00e1llalati felhaszn\u00e1l\u00f3k sz\u00e1m\u00e1ra.<\/p>\n<p data-start=\"910\" data-end=\"1323\">\ud83d\udd39 <strong data-start=\"913\" data-end=\"930\">F\u0151bb jellemz\u0151k:<\/strong><br data-start=\"930\" data-end=\"933\" \/>\u2714 <strong data-start=\"935\" data-end=\"967\">T\u00f6k\u00e9letes okosaut\u00f3 \u2013 eredeti HP-alkatr\u00e9szhez<\/strong> illeszkedik<br data-start=\"1007\" data-end=\"1010\" \/>\u2714 <strong data-start=\"1012\" data-end=\"1035\">Modell: 6050A2850701<\/strong> \u2013 Kifejezetten a <strong data-start=\"1068\" data-end=\"1098\" data-end=\"1097\" data-end=\"1097\">36P Elite<\/strong>36P Elite<\/strong><strong>36P Elite<\/strong> data-start=&#8221;1097&#8243; data-end=&#8221;1100&#8243; \/>\u2714 <strong data-start=\"1102\" data-end=\"1127\">Biztons\u00e1gos hiteles\u00edt\u00e9s<\/strong> \u2013 Intelligens k\u00e1rty\u00e1kkal m\u0171k\u00f6dik a fokozott laptopbiztons\u00e1g \u00e9rdek\u00e9ben<br data-start=\"1180\" data-end=\"1183\" \/>\u2714 <strong data-start=\"1102\" data-end=\"1127\" data-end=\"1214\">Plug &amp; Play-kompatibilit\u00e1s<\/strong> \u2013 Egyszer\u0171 cserefolyamat<br data-start=\"1243\" data-end=\"1246\" \/>\u2714 <strong data-start=\"1248\" data-end=\"1272\">Megb\u00edzhat\u00f3 teljes\u00edtm\u00e9ny<\/strong> \u2013 Biztos\u00edtja a SmartCard z\u00f6kken\u0151mentes felismer\u00e9s\u00e9t \u00e9s haszn\u00e1lat\u00e1t<\/p>\n<p data-start=\"1325\" data-end=\"1348\">\ud83d\udca1 <strong data-start=\"1328\" data-end=\"1346\">Kompatibilit\u00e1s:<\/strong><\/p>\n<ul data-start=\"1349\" data-end=\"1521\">\n<li data-start=\"1349\" data-end=\"1432\"><strong data-start=\"1364\" data-end=\"1393\">HP EliteBook x360 1020 G2<\/strong>hez tervezve (V\u00e1s\u00e1rl\u00e1s el\u0151tt ellen\u0151rizze a modellt)<\/li>\n<li data-start=\"1433\" data-end=\"1521\">Standard SmartCard olvas\u00f3 interf\u00e9sz \u2013 Windows hiteles\u00edt\u00e9si rendszerekkel kompatibilis<\/li>\n<\/ul>\n<p data-start=\"1523\" data-end=\"1628\">\ud83d\udcf8 <strong data-start=\"1526\" data-end=\"1542\">Val\u00f3di fot\u00f3k:<\/strong> Az adatlapon szerepl\u0151 k\u00e9pek a <strong data-start=\"1579\" data-end=\"1610\">pontos t\u00e9telt mutatj\u00e1k, amelyet \u00d6n nem fog kapni<\/strong> \u2013 semmi meglepet\u00e9s.<\/strong><\/p>\n<p data-start=\"1630\" data-end=\"1782\">\u2753 <strong data-start=\"1632\" data-end=\"1646\">Seg\u00edts\u00e9gre van sz\u00fcks\u00e9ge?<\/strong> Nem adunk telep\u00edt\u00e9si utas\u00edt\u00e1sokat, de nyugodtan <strong data-start=\"1708\" data-end=\"1722\">\u00fczenjen nek\u00fcnk<\/strong> a v\u00e1s\u00e1rl\u00e1s el\u0151tt vagy ut\u00e1n.<\/strong><\/p>\n<p data-start=\"1784\" data-end=\"1902\">\ud83d\udce6 <strong data-start=\"1787\" data-end=\"1815\">Gyors sz\u00e1ll\u00edt\u00e1s a vil\u00e1g minden pontj\u00e1ra!<\/strong> Szerezze be <strong data-start=\"1825\" data-end=\"1848\">HP SmartCard Reader<\/strong>j\u00e9t. M\u00e9g ma, \u00e9s \u00e1ll\u00edtsa helyre laptopja teljes m\u0171k\u00f6d\u00e9s\u00e9t<\/strong>.<\/p>\n","protected":false},"excerpt":{"rendered":"<p>Friss\u00edtse vagy cser\u00e9lje ki <strong data-start=\"354\" data-end=\"415\">HP EliteBook x360 1020 G2 SmartCard-olvas\u00f3j\u00e1t (6050A2850701)<\/strong> erre az <strong data-start=\"426\" data-end=\"449\">eredeti laptop-alkatr\u00e9szre<\/strong>. Biztos\u00edtja a biztons\u00e1gos hiteles\u00edt\u00e9st \u00e9s a z\u00f6kken\u0151mentes m\u0171k\u00f6d\u00e9st. <strong data-start=\"509\" data-end=\"556\">Val\u00f3di fot\u00f3k \u2013 amit l\u00e1tsz, azt kapod!<\/strong><\/p>\n","protected":false},"featured_media":11218,"template":"","meta":[],"product_brand":[],"product_cat":[27],"product_tag":[25],"class_list":{"0":"post-11154","1":"product","2":"type-product","3":"status-publish","4":"has-post-thumbnail","6":"product_cat-motherboards-board-parts","7":"product_tag-hp","9":"first","10":"instock","11":"taxable","12":"shipping-taxable","13":"purchasable","14":"product-type-simple"},"_links":{"self":[{"href":"https:\/\/boreait.com\/hu\/wp-json\/wp\/v2\/product\/11154","targetHints":{"allow":["GET"]}}],"collection":[{"href":"https:\/\/boreait.com\/hu\/wp-json\/wp\/v2\/product"}],"about":[{"href":"https:\/\/boreait.com\/hu\/wp-json\/wp\/v2\/types\/product"}],"wp:featuredmedia":[{"embeddable":true,"href":"https:\/\/boreait.com\/hu\/wp-json\/wp\/v2\/media\/11218"}],"wp:attachment":[{"href":"https:\/\/boreait.com\/hu\/wp-json\/wp\/v2\/media?parent=11154"}],"wp:term":[{"taxonomy":"product_brand","embeddable":true,"href":"https:\/\/boreait.com\/hu\/wp-json\/wp\/v2\/product_brand?post=11154"},{"taxonomy":"product_cat","embeddable":true,"href":"https:\/\/boreait.com\/hu\/wp-json\/wp\/v2\/product_cat?post=11154"},{"taxonomy":"product_tag","embeddable":true,"href":"https:\/\/boreait.com\/hu\/wp-json\/wp\/v2\/product_tag?post=11154"}],"curies":[{"name":"wp","href":"https:\/\/api.w.org\/{rel}","templated":true}]}}