{"id":11153,"date":"2025-09-17T13:12:22","date_gmt":"2025-09-17T11:12:22","guid":{"rendered":"https:\/\/boreait.com\/hu\/?post_type=product&#038;p=11153"},"modified":"2025-09-17T13:14:11","modified_gmt":"2025-09-17T11:14:11","slug":"hp-elitebook-x360-1020-g2-erintopad-937417-001-eredeti-laptop-erintopad-csere","status":"publish","type":"product","link":"https:\/\/boreait.com\/hu\/termek\/hp-elitebook-x360-1020-g2-erintopad-937417-001-eredeti-laptop-erintopad-csere\/","title":{"rendered":"HP EliteBook x360 1020 G2 \u00e9rint\u0151pad 937417-001 \u2013 Eredeti laptop \u00e9rint\u0151pad csere"},"content":{"rendered":"<p data-start=\"538\" data-end=\"816\"> \u00c1ll\u00edtsa vissza a sima \u00e9s pontos navig\u00e1ci\u00f3t ezzel az <strong data-start=\"586\" data-end=\"644\">eredeti HP EliteBook x360 1020 G2 \u00e9rint\u0151pad cser\u00e9vel (SPS: 937417-001)<\/strong>. Ha a jelenlegi \u00e9rint\u0151pad nem reag\u00e1l, s\u00e9r\u00fclt vagy elhaszn\u00e1l\u00f3dott, ez az <strong data-start=\"715\" data-end=\"736\">eredeti trackpad<\/strong> teljes funkcionalit\u00e1st biztos\u00edt <strong data-start=\"780\" data-end=\"806\">EliteBook x360 1020 G2<\/strong> laptopj\u00e1hoz.<\/p>\n<p data-start=\"818\" data-end=\"1193\">\ud83d\udd39 <strong data-start=\"821\" data-end=\"838\">F\u0151bb jellemz\u0151k:<\/strong><br data-start=\"838\" data-end=\"841\" \/>\u2714 <strong data-start=\"843\" data-end=\"862\">megb\u00edzhat\u00f3 teljes\u00edtm\u00e9ny \u00e9s teljes\u00edtm\u00e9ny \u2013 HP<br \/> Perfect Part<\/strong>Genuine Perfect data-start=&#8221;901&#8243; data-end=&#8221;904&#8243; \/>\u2714 <strong data-start=\"906\" data-end=\"936\">EliteBook x360 1020 G2-hez<\/strong> \u2013 Kifejezetten ehhez a modellhez tervezve<br data-start=\"975\" data-end=\"978\" \/>\u2714 <strong data-start=\"906\" data-end=\"936\">0 Reszponz\u00edv<\/strong> \u2013 Pontos \u00e9rint\u00e9s- \u00e9s gesztusvez\u00e9rl\u00e9st biztos\u00edt<br data-start=\"1048\" data-end=\"1051\" \/>\u2714 <strong data-start=\"1053\" data-end=\"1075\">Kiv\u00e1l\u00f3 min\u0151s\u00e9g\u0171 fel\u00e9p\u00edt\u00e9s<\/strong> \u2013 Tart\u00f3s kialak\u00edt\u00e1s hossz\u00fa t\u00e1v\u00fa haszn\u00e1latra<br data-start=\"10\"1 data=\"1\"1> data-start=&#8221;1115&#8243; data-end=&#8221;1135&#8243;>Egyszer\u0171 csere<\/strong> \u2013 Plug-and-play kompatibilis a probl\u00e9mamentes telep\u00edt\u00e9s \u00e9rdek\u00e9ben<\/p>\n<p data-start=\"1195\" data-end=\"1218\">\ud83d\udca1 <strong data-start=\"1198\" data-end=\"1216\">Kompatibilit\u00e1s:<\/strong><\/p>\n<ul data-start=\"1219\" data-end=\"1370\">\n<li data-start=\"1219\" data-end=\"1302\"><strong data-start=\"1234\" data-end=\"1263\">HP EliteBook x360 1020 G2<\/strong>hez tervezve (V\u00e1s\u00e1rl\u00e1s el\u0151tt ellen\u0151rizze a modellt)<\/li>\n<li data-start=\"1303\" data-end=\"1370\">A k\u00f6nny\u0171 telep\u00edt\u00e9s \u00e9rdek\u00e9ben <strong data-start=\"1316\" data-end=\"1330\">rugalmas k\u00e1bel<\/strong> tal\u00e1lhat\u00f3 (ha van ilyen)<\/li>\n<\/ul>\n<p data-start=\"1372\" data-end=\"1473\">\ud83d\udcf8 <strong data-start=\"1375\" data-end=\"1391\">Val\u00f3di fot\u00f3k:<\/strong> Az adatlapon szerepl\u0151 k\u00e9pek pontosan azt a t\u00e9telt mutatj\u00e1k, amelyet \u00d6n kap \u2013 nincs meglepet\u00e9s!<\/p>\n<p data-start=\"1475\" data-end=\"1629\">\u2753 <strong data-start=\"1477\" data-end=\"1491\">Seg\u00edts\u00e9gre van sz\u00fcks\u00e9ge?<\/strong> B\u00e1r nem adunk telep\u00edt\u00e9si utas\u00edt\u00e1sokat, nyugodtan <strong data-start=\"1555\" data-end=\"1569\">\u00fczenjen nek\u00fcnk<\/strong> a v\u00e1s\u00e1rl\u00e1s el\u0151tt vagy ut\u00e1n.<\/strong><\/p>\n<p data-start=\"1631\" data-end=\"1749\">\ud83d\udce6 <strong data-start=\"1634\" data-end=\"1662\">Gyors sz\u00e1ll\u00edt\u00e1s a vil\u00e1g minden pontj\u00e1ra!<\/strong> Szerezze vissza laptopja <strong data-start=\"1681\" data-end=\"1711\">\u00e9rint\u0151padj\u00e1t ezzel a kiv\u00e1l\u00f3 form\u00e1j\u00fa<\/strong> cserealkatr\u00e9szrel.<\/strong><\/p>\n","protected":false},"excerpt":{"rendered":"<p>Cser\u00e9lje ki elhaszn\u00e1l\u00f3dott vagy hib\u00e1s <strong data-start=\"329\" data-end=\"367\">HP EliteBook x360 1020 G2 \u00e9rint\u0151padj\u00e1t<\/strong> erre az <strong data-start=\"378\" data-end=\"406\">eredeti cserealkatr\u00e9szre<\/strong>. <strong data-start=\"408\" data-end=\"455\">Val\u00f3di fot\u00f3k \u2013 amit l\u00e1tsz, azt kapod!<\/strong><\/p>\n","protected":false},"featured_media":11217,"template":"","meta":[],"product_brand":[],"product_cat":[42],"product_tag":[25],"class_list":{"0":"post-11153","1":"product","2":"type-product","3":"status-publish","4":"has-post-thumbnail","6":"product_cat-laptop-touchpads","7":"product_tag-hp","9":"first","10":"instock","11":"taxable","12":"shipping-taxable","13":"purchasable","14":"product-type-simple"},"_links":{"self":[{"href":"https:\/\/boreait.com\/hu\/wp-json\/wp\/v2\/product\/11153","targetHints":{"allow":["GET"]}}],"collection":[{"href":"https:\/\/boreait.com\/hu\/wp-json\/wp\/v2\/product"}],"about":[{"href":"https:\/\/boreait.com\/hu\/wp-json\/wp\/v2\/types\/product"}],"wp:featuredmedia":[{"embeddable":true,"href":"https:\/\/boreait.com\/hu\/wp-json\/wp\/v2\/media\/11217"}],"wp:attachment":[{"href":"https:\/\/boreait.com\/hu\/wp-json\/wp\/v2\/media?parent=11153"}],"wp:term":[{"taxonomy":"product_brand","embeddable":true,"href":"https:\/\/boreait.com\/hu\/wp-json\/wp\/v2\/product_brand?post=11153"},{"taxonomy":"product_cat","embeddable":true,"href":"https:\/\/boreait.com\/hu\/wp-json\/wp\/v2\/product_cat?post=11153"},{"taxonomy":"product_tag","embeddable":true,"href":"https:\/\/boreait.com\/hu\/wp-json\/wp\/v2\/product_tag?post=11153"}],"curies":[{"name":"wp","href":"https:\/\/api.w.org\/{rel}","templated":true}]}}