{"id":11152,"date":"2025-09-17T13:12:22","date_gmt":"2025-09-17T11:12:22","guid":{"rendered":"https:\/\/boreait.com\/hu\/?post_type=product&#038;p=11152"},"modified":"2025-09-17T13:14:02","modified_gmt":"2025-09-17T11:14:02","slug":"hp-elitebook-x360-1020-g2-huawei-lte-modul-me906s-158-4g-wwan-kartya","status":"publish","type":"product","link":"https:\/\/boreait.com\/hu\/termek\/hp-elitebook-x360-1020-g2-huawei-lte-modul-me906s-158-4g-wwan-kartya\/","title":{"rendered":"HP EliteBook x360 1020 G2 Huawei LTE modul ME906S-158 \u2013 4G WWAN k\u00e1rtya"},"content":{"rendered":"<p data-start=\"578\" data-end=\"808\">Maradjon kapcsolatban b\u00e1rhol a <strong data-start=\"611\" data-end=\"643\">Huawei ME906S-158 LTE modullal<\/strong>, amelyet a <strong data-start=\"662\" data-end=\"691\">HP EliteBook x3.60 G3.60 G3.60<\/strong> Ezzel a <strong data-start=\"698\" data-end=\"714\">4G WWAN-k\u00e1rty\u00e1val<\/strong> gyors, megb\u00edzhat\u00f3 mobilinternetet \u00e9lvezhet laptopj\u00e1n Wi-Fi-kapcsolat n\u00e9lk\u00fcl.<\/p>\n<p data-start=\"810\" data-end=\"1210\">\ud83d\udd39 <strong data-start=\"813\" data-end=\"830\">F\u0151bb jellemz\u0151k:<\/strong><br data-start=\"830\" data-end=\"833\" \/>\u2714 <strong data-start=\"835\" data-end=\"864\">wei<\/strong>Luine Hudua&#8221;>wei ME906S-158<br data-start=\"884\" data-end=\"887\" \/>\u2714 <strong data-start=\"889\" data-end=\"913\">4G WWAN-kapcsolat<\/strong> \u2013 T\u00e1mogatja az LTE-h\u00e1l\u00f3zatokat a gyors mobilinternet \u00e9rdek\u00e9ben<br data-start=\"962\" data-end=\"965\" \/>965&#8243; \/>-start data-end=&#8221;989&#8243;>Teljes kompatibilit\u00e1s<\/strong> \u2013 HP EliteBook x360 1020 G2-hez tervezve<br data-start=\"1030\" data-end=\"1033\" \/>\u2714 <strong data-start=\"1035\" data-end=\"1050\">Dugja be \u00e9s amp; Lej\u00e1tsz\u00e1s<\/strong> \u2013 K\u00f6nny\u0171 telep\u00edt\u00e9s szabv\u00e1nyos <strong data-start=\"1085\" data-end=\"1109\">M.2 (NGFF) interf\u00e9sszel<\/strong><br data-start=\"1109\" data-end=\"1112\" \/>\u2714 <strong data-start=\"1114\" data-end=\"1138\">Glob\u00e1lis s\u00e1vok t\u00e1mogat\u00e1sa a<\/strong> h\u00e1l\u00f3zattal &#8211; kompatibilit\u00e1s<\/strong><\/p>\n<p data-start=\"1212\" data-end=\"1235\">\ud83d\udca1 <strong data-start=\"1215\" data-end=\"1233\">Kompatibilit\u00e1s:<\/strong><\/p>\n<ul data-start=\"1236\" data-end=\"1394\">\n<li data-start=\"1236\" data-end=\"1325\"><strong data-start=\"1238\" data-end=\"1267\">HP EliteBook x360 1020 G2<\/strong> (Gy\u0151z\u0151dj\u00f6n meg arr\u00f3l, hogy laptopj\u00e1n van szabad M.2-es ny\u00edl\u00e1s a WWAN-k\u00e1rty\u00e1k sz\u00e1m\u00e1ra)<\/li>\n<li data-start=\"1326\" data-end=\"1394\">Egy\u00fcttm\u0171k\u00f6dik LTE-h\u00e1l\u00f3zatokkal vil\u00e1gszerte (sz\u00fcks\u00e9ges lehet a szolg\u00e1ltat\u00f3 j\u00f3v\u00e1hagy\u00e1sa)<\/li>\n<\/ul>\n<p data-start=\"1396\" data-end=\"1492\">\ud83d\udcf8 <strong data-start=\"1399\" data-end=\"1415\">Val\u00f3di fot\u00f3k:<\/strong> Az adatlapon szerepl\u0151 k\u00e9peken a <strong data-start=\"1452\" data-end=\"1472\">pontos LTE-modul<\/strong> l\u00e1that\u00f3.<\/p>\n<p data-start=\"1494\" data-end=\"1609\">\u2753 <strong data-start=\"1496\" data-end=\"1510\">Seg\u00edts\u00e9gre van sz\u00fcks\u00e9ge?<\/strong> A telep\u00edt\u00e9si \u00fatmutat\u00f3t nem tartalmazza, de nyugodtan <strong data-start=\"1566\" data-end=\"1580\">\u00fczenjen nek\u00fcnk<\/strong>, ha k\u00e9rd\u00e9se van.<\/strong><\/p>\n<p data-start=\"1611\" data-end=\"1726\">\ud83d\udce6 <strong data-start=\"1614\" data-end=\"1642\">Gyors sz\u00e1ll\u00edt\u00e1s a vil\u00e1g minden pontj\u00e1ra!<\/strong> Szerezzen mobilinternetet HP laptopj\u00e1n ezzel a <strong data-start=\"1691\" data-end=\"1723\">Huawei L806TE-1 ME9<\/strong> modul<\/strong>.<\/p>\n","protected":false},"excerpt":{"rendered":"<p>Friss\u00edtse <strong data-start=\"331\" data-end=\"360\">HP EliteBook x360 1020 G2<\/strong> k\u00e9sz\u00fcl\u00e9k\u00e9t a <strong data-start=\"370\" data-end=\"402\">Huawei ME906S-158 LTE modullal<\/strong>. \u00c9lvezze a nagy sebess\u00e9g\u0171 4G-kapcsolatot \u00fatk\u00f6zben. <strong data-start=\"448\" data-end=\"495\">Val\u00f3di fot\u00f3k \u2013 amit l\u00e1tsz, azt kapod!<\/strong><\/p>\n","protected":false},"featured_media":11209,"template":"","meta":[],"product_brand":[],"product_cat":[27],"product_tag":[25],"class_list":{"0":"post-11152","1":"product","2":"type-product","3":"status-publish","4":"has-post-thumbnail","6":"product_cat-motherboards-board-parts","7":"product_tag-hp","9":"first","10":"instock","11":"taxable","12":"shipping-taxable","13":"purchasable","14":"product-type-simple"},"_links":{"self":[{"href":"https:\/\/boreait.com\/hu\/wp-json\/wp\/v2\/product\/11152","targetHints":{"allow":["GET"]}}],"collection":[{"href":"https:\/\/boreait.com\/hu\/wp-json\/wp\/v2\/product"}],"about":[{"href":"https:\/\/boreait.com\/hu\/wp-json\/wp\/v2\/types\/product"}],"wp:featuredmedia":[{"embeddable":true,"href":"https:\/\/boreait.com\/hu\/wp-json\/wp\/v2\/media\/11209"}],"wp:attachment":[{"href":"https:\/\/boreait.com\/hu\/wp-json\/wp\/v2\/media?parent=11152"}],"wp:term":[{"taxonomy":"product_brand","embeddable":true,"href":"https:\/\/boreait.com\/hu\/wp-json\/wp\/v2\/product_brand?post=11152"},{"taxonomy":"product_cat","embeddable":true,"href":"https:\/\/boreait.com\/hu\/wp-json\/wp\/v2\/product_cat?post=11152"},{"taxonomy":"product_tag","embeddable":true,"href":"https:\/\/boreait.com\/hu\/wp-json\/wp\/v2\/product_tag?post=11152"}],"curies":[{"name":"wp","href":"https:\/\/api.w.org\/{rel}","templated":true}]}}