{"id":11145,"date":"2025-09-17T13:11:57","date_gmt":"2025-09-17T11:11:57","guid":{"rendered":"https:\/\/boreait.com\/hu\/?post_type=product&#038;p=11145"},"modified":"2025-09-17T13:13:57","modified_gmt":"2025-09-17T11:13:57","slug":"hp-elitebook-x360-1020-g2-csuklotamasz-fedel-sps-920484-031-eredeti-laptop-alkatresz","status":"publish","type":"product","link":"https:\/\/boreait.com\/hu\/termek\/hp-elitebook-x360-1020-g2-csuklotamasz-fedel-sps-920484-031-eredeti-laptop-alkatresz\/","title":{"rendered":"HP EliteBook x360 1020 G2 csukl\u00f3t\u00e1masz fed\u00e9l SPS 920484-031 \u2013 Eredeti laptop alkatr\u00e9sz"},"content":{"rendered":"<p data-start=\"586\" data-end=\"831\">Adjon \u00faj k\u00fcls\u0151t <strong data-start=\"596\" data-end=\"625\">HP EliteBook x360 1020 G2<\/strong> k\u00e9sz\u00fcl\u00e9k\u00e9nek ezzel az <strong data-start=\"649\" data-end=\"696\">eredeti OEM csukl\u00f3t\u00e1masz bor\u00edt\u00f3val (SPS4-0204)<\/strong>. Ez a r\u00e9sz t\u00f6k\u00e9letes az elhaszn\u00e1l\u00f3dott, karcos vagy s\u00e9r\u00fclt csukl\u00f3t\u00e1maszok cser\u00e9j\u00e9hez, pr\u00e9mium \u00e9rzetet \u00e9s z\u00f6kken\u0151mentes illeszked\u00e9st biztos\u00edt laptopj\u00e1hoz.<\/p>\n<p data-start=\"833\" data-end=\"1200\">\ud83d\udd39 <strong data-start=\"836\" data-end=\"853\">F\u0151bb jellemz\u0151k:<\/strong><br data-start=\"853\" data-end=\"856\" \/>\u2714 <strong data-start=\"858\" data-end=\"877\">Guine S <strong>HPS Part<\/strong> data-start=&#8221;884&#8243; data-end=&#8221;898&#8243;>920484-031<\/strong> a garant\u00e1lt kompatibilit\u00e1s \u00e9rdek\u00e9ben<br data-start=\"927\" data-end=\"930\" \/>\u2714 <strong data-start=\"932\" data-end=\"947\">T\u00f6k\u00e9letes illeszked\u00e9s<\/strong> \u2013 Kifejezetten a <strongite10-0 x360 1020 G2<\/strong><br data-start=\"1006\" data-end=\"1009\" \/>\u2714 <strong data-start=\"1011\" data-end=\"1038\">Tart\u00f3s \u00e9s amp; Pr\u00e9mium fel\u00e9p\u00edt\u00e9s<\/strong> \u2013 Megfelel az eredeti kialak\u00edt\u00e1snak \u00e9s \u00e9rz\u00e9snek<br data-start=\"1077\" data-end=\"1080\" \/>\u2714 <strong data-start=\"1082\" data-end=\"1110\">Tartalmazza az \u00e9rint\u0151pad kiv\u00e1g\u00e1s\u00e1t<\/strong> \u2013 Teljes funkcionalit\u00e1st biztos\u00edt<br data-start=\"1139\" data-end=\"1080\" \/> data-start=&#8221;1144&#8243; data-end=&#8221;1165&#8243;>Egyszer\u0171 telep\u00edt\u00e9s<\/strong> \u2013 Gyors cser\u00e9re tervezve<\/p>\n<p data-start=\"1202\" data-end=\"1225\">\ud83d\udca1 <strong data-start=\"1205\" data-end=\"1223\">Kompatibilit\u00e1s:<\/strong><\/p>\n<ul data-start=\"1226\" data-end=\"1361\">\n<li data-start=\"1226\" data-end=\"1315\">Alkalmas <strong data-start=\"1233\" data-end=\"1262\">HP EliteBook x360 1020 G2<\/strong> modellekhez (V\u00e1s\u00e1rl\u00e1s el\u0151tt ellen\u0151rizze a laptop modellj\u00e9t)<\/li>\n<li data-start=\"1316\" data-end=\"1361\">Az <strong data-start=\"1341\" data-end=\"1359\">SPS 920484-031<\/strong><\/li>\n<p> k\u00f6zvetlen helyettes\u00edt\u00e9se<\/p>\n<\/ul>\n<p data-start=\"1363\" data-end=\"1464\">\ud83d\udcf8 <strong data-start=\"1366\" data-end=\"1382\">Val\u00f3di fot\u00f3k:<\/strong> Az adatlapon szerepl\u0151 k\u00e9pek pontosan azt a term\u00e9ket mutatj\u00e1k, amelyet \u00d6n kap \u2013 nincs meglepet\u00e9s!<\/p>\n<p data-start=\"1466\" data-end=\"1616\">\u2753 <strong data-start=\"1468\" data-end=\"1482\">Seg\u00edts\u00e9gre van sz\u00fcks\u00e9ge?<\/strong> B\u00e1r telep\u00edt\u00e9si utas\u00edt\u00e1sokat nem adunk, nyugodtan <strong data-start=\"1546\" data-end=\"1560\">\u00fczenjen nek\u00fcnk<\/p>\n<p> a v\u00e1s\u00e1rl\u00e1s el\u0151tt vagy ut\u00e1n.<\/strong><\/p>\n<p data-start=\"1618\" data-end=\"1727\">\ud83d\udce6 <strong data-start=\"1621\" data-end=\"1649\">Gyors sz\u00e1ll\u00edt\u00e1s a vil\u00e1g minden pontj\u00e1ra!<\/strong> Tedd \u00fajra \u00faj megjelen\u00e9s\u0171 laptopod ezzel az eredeti <strong data-start=\"1703\" data-end=\"1724\"><\/strong> HP csukl\u00f3t\u00e1masz bor\u00edt\u00f3val.<\/p>\n","protected":false},"excerpt":{"rendered":"<p>\u00c1ll\u00edtsa vissza <strong data-start=\"342\" data-end=\"371\">HP EliteBook x360 1020 G2<\/strong>\u00e9t ezzel az eredeti <strong data-start=\"391\" data-end=\"426\">csukl\u00f3t\u00e1masz bor\u00edt\u00f3val (SPS 920484-031)<\/strong>. T\u00f6k\u00e9letes illeszked\u00e9sre tervezve. <strong data-start=\"456\" data-end=\"503\">Val\u00f3di fot\u00f3k \u2013 amit l\u00e1tsz, azt kapod!<\/strong><\/p>\n","protected":false},"featured_media":11206,"template":"","meta":[],"product_brand":[],"product_cat":[16],"product_tag":[25],"class_list":{"0":"post-11145","1":"product","2":"type-product","3":"status-publish","4":"has-post-thumbnail","6":"product_cat-laptop-housing","7":"product_tag-hp","9":"first","10":"instock","11":"taxable","12":"shipping-taxable","13":"purchasable","14":"product-type-simple"},"_links":{"self":[{"href":"https:\/\/boreait.com\/hu\/wp-json\/wp\/v2\/product\/11145","targetHints":{"allow":["GET"]}}],"collection":[{"href":"https:\/\/boreait.com\/hu\/wp-json\/wp\/v2\/product"}],"about":[{"href":"https:\/\/boreait.com\/hu\/wp-json\/wp\/v2\/types\/product"}],"wp:featuredmedia":[{"embeddable":true,"href":"https:\/\/boreait.com\/hu\/wp-json\/wp\/v2\/media\/11206"}],"wp:attachment":[{"href":"https:\/\/boreait.com\/hu\/wp-json\/wp\/v2\/media?parent=11145"}],"wp:term":[{"taxonomy":"product_brand","embeddable":true,"href":"https:\/\/boreait.com\/hu\/wp-json\/wp\/v2\/product_brand?post=11145"},{"taxonomy":"product_cat","embeddable":true,"href":"https:\/\/boreait.com\/hu\/wp-json\/wp\/v2\/product_cat?post=11145"},{"taxonomy":"product_tag","embeddable":true,"href":"https:\/\/boreait.com\/hu\/wp-json\/wp\/v2\/product_tag?post=11145"}],"curies":[{"name":"wp","href":"https:\/\/api.w.org\/{rel}","templated":true}]}}