{"id":11144,"date":"2025-09-17T13:11:57","date_gmt":"2025-09-17T11:11:57","guid":{"rendered":"https:\/\/boreait.com\/hu\/?post_type=product&#038;p=11144"},"modified":"2025-09-17T13:13:53","modified_gmt":"2025-09-17T11:13:53","slug":"hp-elitebook-x360-1020-g2-hattervilagitasu-billentyuzet-hpm16a6-sps-918018-b71-eredeti-alkatresz","status":"publish","type":"product","link":"https:\/\/boreait.com\/hu\/termek\/hp-elitebook-x360-1020-g2-hattervilagitasu-billentyuzet-hpm16a6-sps-918018-b71-eredeti-alkatresz\/","title":{"rendered":"HP EliteBook x360 1020 G2 h\u00e1tt\u00e9rvil\u00e1g\u00edt\u00e1s\u00fa billenty\u0171zet HPM16A6 SPS 918018-B71 \u2013 Eredeti alkatr\u00e9sz"},"content":{"rendered":"<p data-start=\"570\" data-end=\"818\">Friss\u00edtse vagy cser\u00e9lje ki <strong data-start=\"594\" data-end=\"632\">HP EliteBook x360 1020 G2 billenty\u0171zet\u00e9t<\/strong> erre az eredeti <strong data-start=\"652\" data-end=\"679\">laptop cserealkatr\u00e9szre<\/strong>. A kifejezetten a <strong data-start=\"711\" data-end=\"740\">HP EliteBook x360 1020 G2<\/strong>hez tervezett billenty\u0171zet <strong data-start=\"764\" data-end=\"815\">t\u00f6k\u00e9letes illeszked\u00e9st, teljes funkcionalit\u00e1st \u00e9s tart\u00f3ss\u00e1got<\/strong> biztos\u00edt.<\/p>\n<p data-start=\"820\" data-end=\"1222\">\ud83d\udd39 <strong data-start=\"823\" data-end=\"840\">F\u0151bb jellemz\u0151k:<\/strong><br data-start=\"840\" data-end=\"843\" \/>\u2714 <strong data-start=\"845\" data-end=\"864\">G cserealkatr\u00e9szek (Nordic-High) elrendez\u00e9s szlov\u00e9n\/horv\u00e1t l\u00e9zeres elrendez\u00e9ssel)<br data-start=\"904\" data-end=\"907\" \/>\u2714 <strong data-start=\"909\" data-end=\"945\">Modell: HPM16A6 | SPS: 918018-B71<\/strong> \u2013 Pontosan megegyezik a HP EliteBook x360 1020 G2-vel<br data-start=\"989\" data-end=\"992\" \/>\u2714 <strong data-start=\"994\" data-end=\"1016\">Teljes QWERTY-kioszt\u00e1s<\/strong> a nagyszer\u0171 reszponz\u00edv kulcskioszt\u00e1s\u00e9rt adatok data-end=&#8221;1184&#8243;>Egyszer\u0171 telep\u00edt\u00e9s<\/strong> \u2013 z\u00f6kken\u0151mentes cser\u00e9re tervezve<\/p>\n<p data-start=\"1224\" data-end=\"1247\">\ud83d\udca1 <strong data-start=\"1227\" data-end=\"1245\">Kompatibilit\u00e1s:<\/strong><\/p>\n<ul data-start=\"1248\" data-end=\"1399\">\n<li data-start=\"1248\" data-end=\"1303\">Kifejezetten a <strong data-start=\"1272\" data-end=\"1301\">HP EliteBook x360 1020 G2<\/strong><\/li>\n<p> sz\u00e1m\u00e1ra k\u00e9sz\u00fclt<\/p>\n<li data-start=\"1304\" data-end=\"1399\">Megegyezik a cikksz\u00e1mokkal: <strong data-start=\"1327\" data-end=\"1355\">HPM16A6, SPS: 918018-B71<\/strong> (V\u00e1s\u00e1rl\u00e1s el\u0151tt ellen\u0151rizze az alkatr\u00e9szsz\u00e1mot)<\/li>\n<\/ul>\n<p data-start=\"1401\" data-end=\"1502\">\ud83d\udcf8 <strong data-start=\"1404\" data-end=\"1420\">Val\u00f3di fot\u00f3k:<\/strong> Az adatlapon szerepl\u0151 k\u00e9pek pontosan azt a t\u00e9telt mutatj\u00e1k, amelyet \u00d6n kap \u2013 nincs meglepet\u00e9s!<\/p>\n<p data-start=\"1504\" data-end=\"1624\">\u2753 <strong data-start=\"1506\" data-end=\"1520\">Seg\u00edts\u00e9gre van sz\u00fcks\u00e9ge?<\/strong> B\u00e1r nem adunk telep\u00edt\u00e9si utas\u00edt\u00e1sokat, nyugodtan <strong data-start=\"1584\" data-end=\"1598\">\u00fczenjen nek\u00fcnk<\/strong>, ha seg\u00edts\u00e9gre van sz\u00fcks\u00e9ge.<\/strong><\/p>\n<p data-start=\"1626\" data-end=\"1727\">\ud83d\udce6 <strong data-start=\"1629\" data-end=\"1657\">Gyors kisz\u00e1ll\u00edt\u00e1s a vil\u00e1g minden pontj\u00e1ra!<\/strong> Tedd \u00fajszer\u0171 m\u0171k\u00f6d\u00e9sbe laptopod ezzel az <strong data-start=\"1701\" data-end=\"1724\">eredeti HP billenty\u0171zettel<\/strong>.<\/p>\n","protected":false},"excerpt":{"rendered":"<p>Cser\u00e9lje ki hib\u00e1s billenty\u0171zet\u00e9t erre az <strong data-start=\"366\" data-end=\"438\">eredeti HP EliteBook x360 1020 G2 billenty\u0171zetre (HPM16A6, SPS 918018-B71)<\/strong>. <strong data-start=\"440\" data-end=\"487\">Val\u00f3di fot\u00f3k \u2013 amit l\u00e1tsz, azt kapod!<\/strong><\/p>\n","protected":false},"featured_media":11203,"template":"","meta":[],"product_brand":[],"product_cat":[35],"product_tag":[25],"class_list":{"0":"post-11144","1":"product","2":"type-product","3":"status-publish","4":"has-post-thumbnail","6":"product_cat-laptop-keyboard","7":"product_tag-hp","9":"first","10":"instock","11":"taxable","12":"shipping-taxable","13":"purchasable","14":"product-type-simple"},"_links":{"self":[{"href":"https:\/\/boreait.com\/hu\/wp-json\/wp\/v2\/product\/11144","targetHints":{"allow":["GET"]}}],"collection":[{"href":"https:\/\/boreait.com\/hu\/wp-json\/wp\/v2\/product"}],"about":[{"href":"https:\/\/boreait.com\/hu\/wp-json\/wp\/v2\/types\/product"}],"wp:featuredmedia":[{"embeddable":true,"href":"https:\/\/boreait.com\/hu\/wp-json\/wp\/v2\/media\/11203"}],"wp:attachment":[{"href":"https:\/\/boreait.com\/hu\/wp-json\/wp\/v2\/media?parent=11144"}],"wp:term":[{"taxonomy":"product_brand","embeddable":true,"href":"https:\/\/boreait.com\/hu\/wp-json\/wp\/v2\/product_brand?post=11144"},{"taxonomy":"product_cat","embeddable":true,"href":"https:\/\/boreait.com\/hu\/wp-json\/wp\/v2\/product_cat?post=11144"},{"taxonomy":"product_tag","embeddable":true,"href":"https:\/\/boreait.com\/hu\/wp-json\/wp\/v2\/product_tag?post=11144"}],"curies":[{"name":"wp","href":"https:\/\/api.w.org\/{rel}","templated":true}]}}