{"id":11142,"date":"2025-09-17T13:11:56","date_gmt":"2025-09-17T11:11:56","guid":{"rendered":"https:\/\/boreait.com\/hu\/?post_type=product&#038;p=11142"},"modified":"2025-09-17T13:13:44","modified_gmt":"2025-09-17T11:13:44","slug":"lite-on-hp-nvme-ssd-cv1-8b256-hp-256-gb-v182-nagy-sebessegu-m-2-pcie-laptop-tarhely","status":"publish","type":"product","link":"https:\/\/boreait.com\/hu\/termek\/lite-on-hp-nvme-ssd-cv1-8b256-hp-256-gb-v182-nagy-sebessegu-m-2-pcie-laptop-tarhely\/","title":{"rendered":"Lite-ON HP NVMe SSD CV1-8B256-HP 256 GB V182 \u2013 Nagy sebess\u00e9g\u0171 M.2 PCIe laptop t\u00e1rhely"},"content":{"rendered":"<p data-start=\"585\" data-end=\"978\"><strong>100% EG\u00c9SZS\u00c9G<\/strong><\/p>\n<p data-start=\"585\" data-end=\"978\">Fokozza laptopja teljes\u00edtm\u00e9ny\u00e9t a <strong data-start=\"626\" data-end=\"665\">HP NVMe SSD CV1-8B256-HP 256 GB V182<\/strong> seg\u00edts\u00e9g\u00e9vel. Ez a <strong data-start=\"672\" data-end=\"704\">nagy sebess\u00e9g\u0171 M.2 PCIe NVMe SSD<\/strong> <strong data-start=\"712\" data-end=\"752\">vill\u00e1mgyors olvas\u00e1si \u00e9s \u00edr\u00e1si sebess\u00e9get<\/strong> k\u00edn\u00e1l, gyorsabb rendszerind\u00edt\u00e1st, gyorsabb alkalmaz\u00e1sbet\u00f6lt\u00e9st \u00e9s z\u00f6kken\u0151mentes t\u00f6bbfeladatos munkav\u00e9gz\u00e9st. Ak\u00e1r megl\u00e9v\u0151 rendszer\u00e9t friss\u00edti, ak\u00e1r hib\u00e1s meghajt\u00f3t cser\u00e9l, ez az SSD egy <strong data-start=\"927\" data-end=\"951\">megb\u00edzhat\u00f3 laptop alkatr\u00e9sz<\/strong>, amelyet a hat\u00e9konys\u00e1gra terveztek.<\/p>\n<p data-start=\"980\" data-end=\"1347\">\ud83d\udd39 <strong data-start=\"983\" data-end=\"1000\">F\u0151bb jellemz\u0151k:<\/strong><br data-start=\"1000\" data-end=\"1003\" \/>\u2714 <strong data-start=\"1005\" data-end=\"1005\" data-end=\"16 GB\/23 SD\"> SSD-egyenleg: 1005&#8243; data-end=&#8221;16 GB\/23 t\u00e1rhely \u00e9s sebess\u00e9g<br data-start=\"1062\" data-end=\"1065\" \/>\u2714 <strong data-start=\"1067\" data-end=\"1097\">Modell: CV1-8B256-HP (V182)<\/strong> \u2013 eredeti HP OEM alkatr\u00e9sz<br data-start=\"1120\" <strong>data-start=&#8221;1120&#8243; \/tart=1&#8243; data-1&#8243;> data-end=&#8221;1154&#8243;>Nagysebess\u00e9g\u0171 PCIe interf\u00e9sz<\/strong> \u2013 Gyorsabb, mint a hagyom\u00e1nyos SATA SSD-k<br data-start=\"1190\" data-end=\"1193\" \/>\u2714 <strong data-start=\"1195\" data-end=\"1219\">M.2 2280 Form Factor \u00e9s rendk\u00edv\u00fcl hat\u00e9kony laptopokhoz<\/strong> \u2013 Kompakt \u00e9s rendk\u00edv\u00fcl hat\u00e9kony laptopokhoz<\/strong> data-start=&#8221;1270&#8243; data-end=&#8221;1273&#8243; \/>\u2714 <strong data-start=\"1275\" data-end=\"1306\">Jav\u00edtja a rendszer teljes\u00edtm\u00e9ny\u00e9t<\/strong> \u2013 Gyors rendszerind\u00edt\u00e1s \u00e9s g\u00f6rd\u00fcl\u00e9keny m\u0171k\u00f6d\u00e9s<\/p>\n<p data-start=\"1349\" data-end=\"1372\">\ud83d\udca1 <strong data-start=\"1352\" data-end=\"1370\">Kompatibilit\u00e1s:<\/strong><\/p>\n<ul data-start=\"1373\" data-end=\"1516\">\n<li data-start=\"1373\" data-end=\"1447\">HP laptopokhoz \u00e9s egy\u00e9b <strong data-start=\"1409\" data-end=\"1445\">M.2 PCIe NVMe-kompatibilis eszk\u00f6z\u00f6kh\u00f6z<\/strong><\/li>\n<li data-start=\"1448\" data-end=\"1516\">V\u00e1s\u00e1rl\u00e1s el\u0151tt gy\u0151z\u0151dj\u00f6n meg arr\u00f3l, hogy laptopja t\u00e1mogatja az <strong data-start=\"1478\" data-end=\"1496\">NVMe PCIe SSD-ket<\/strong>.<\/li>\n<\/ul>\n<p data-start=\"1518\" data-end=\"1622\">\ud83d\udcf8 <strong data-start=\"1521\" data-end=\"1537\">Val\u00f3di fot\u00f3k:<\/strong> A list\u00e1ban szerepl\u0151 k\u00e9pek pontosan azt az <strong data-start=\"1580\" data-end=\"1587\">SSD-t<\/strong> mutatj\u00e1k, amit kapsz \u2013 nem lesz meglepet\u00e9s!<\/p>\n<p data-start=\"1624\" data-end=\"1778\">\u2753 <strong data-start=\"1626\" data-end=\"1640\">Seg\u00edts\u00e9gre van sz\u00fcks\u00e9ge?<\/strong> B\u00e1r telep\u00edt\u00e9si utas\u00edt\u00e1sokat nem adunk, nyugodtan <strong data-start=\"1704\" data-end=\"1718\">\u00fczenjen nek\u00fcnk<\/strong> a v\u00e1s\u00e1rl\u00e1s el\u0151tt vagy ut\u00e1n.<\/strong><\/p>\n<p data-start=\"1780\" data-end=\"1885\">\ud83d\udce6 <strong data-start=\"1783\" data-end=\"1811\">Gyors kisz\u00e1ll\u00edt\u00e1s az eg\u00e9sz vil\u00e1gon!<\/strong> Ezzel az <strong data-start=\"1859\" data-end=\"1882\" data-end=\"1882\">Eredeti HP S<\/strong>Me<\/strong>SD-vel<\/strong> biztos\u00edtsa laptopj\u00e1nak maxim\u00e1lis sebess\u00e9g\u00e9t.<\/p>\n","protected":false},"excerpt":{"rendered":"<p>Friss\u00edtse laptopj\u00e1t a <strong data-start=\"327\" data-end=\"368\">HP CV1-8B256-HP 256 GB NVMe SSD (V182)<\/strong> seg\u00edts\u00e9g\u00e9vel. Ez a nagy sebess\u00e9g\u0171 <strong data-start=\"386\" data-end=\"398\">M.2 PCIe<\/strong> meghajt\u00f3 gyorsabb rendszerind\u00edt\u00e1st \u00e9s z\u00f6kken\u0151mentes t\u00f6bbfeladatos munkav\u00e9gz\u00e9st biztos\u00edt. <strong data-start=\"459\" data-end=\"502\">Val\u00f3di fot\u00f3k \u2013 pontosan azt kaphatod, amit l\u00e1tsz!<\/strong><\/p>\n","protected":false},"featured_media":11200,"template":"","meta":[],"product_brand":[],"product_cat":[32,31],"product_tag":[],"class_list":{"0":"post-11142","1":"product","2":"type-product","3":"status-publish","4":"has-post-thumbnail","6":"product_cat-nvme","7":"product_cat-ssd-hdd-drives","9":"first","10":"instock","11":"taxable","12":"shipping-taxable","13":"purchasable","14":"product-type-simple"},"_links":{"self":[{"href":"https:\/\/boreait.com\/hu\/wp-json\/wp\/v2\/product\/11142","targetHints":{"allow":["GET"]}}],"collection":[{"href":"https:\/\/boreait.com\/hu\/wp-json\/wp\/v2\/product"}],"about":[{"href":"https:\/\/boreait.com\/hu\/wp-json\/wp\/v2\/types\/product"}],"wp:featuredmedia":[{"embeddable":true,"href":"https:\/\/boreait.com\/hu\/wp-json\/wp\/v2\/media\/11200"}],"wp:attachment":[{"href":"https:\/\/boreait.com\/hu\/wp-json\/wp\/v2\/media?parent=11142"}],"wp:term":[{"taxonomy":"product_brand","embeddable":true,"href":"https:\/\/boreait.com\/hu\/wp-json\/wp\/v2\/product_brand?post=11142"},{"taxonomy":"product_cat","embeddable":true,"href":"https:\/\/boreait.com\/hu\/wp-json\/wp\/v2\/product_cat?post=11142"},{"taxonomy":"product_tag","embeddable":true,"href":"https:\/\/boreait.com\/hu\/wp-json\/wp\/v2\/product_tag?post=11142"}],"curies":[{"name":"wp","href":"https:\/\/api.w.org\/{rel}","templated":true}]}}